{"id":3519,"date":"2016-08-17T15:50:57","date_gmt":"2016-08-17T15:50:57","guid":{"rendered":"https:\/\/b-tech.pt\/?post_type=product&#038;p=3519"},"modified":"2023-01-29T17:22:17","modified_gmt":"2023-01-29T17:22:17","slug":"crown","status":"publish","type":"product","link":"https:\/\/www.b-tech.pt\/index.php\/product\/crown\/","title":{"rendered":"Crown"},"content":{"rendered":"<p>Cadeira Crown<br \/>\nCostas Altas<br \/>\nMecanismo basculante com tr\u00eas posi\u00e7\u00f5es de bloqueio<br \/>\nBase Alum\u00ednio<\/p>\n<p>Par de bra\u00e7os inclu\u00eddo<\/p>\n<p>Op\u00e7\u00e3o:<br \/>\nBase em nylon 660mm<br \/>\nMecanismo oscilante com duas posi\u00e7\u00f5es de bloqueio [CR. 501]<\/p>\n","protected":false},"excerpt":{"rendered":"<p>CR. 500<br \/>\nCR. 501<\/p>\n","protected":false},"featured_media":8619,"comment_status":"closed","ping_status":"closed","template":"","meta":[],"product_cat":[106],"product_tag":[263,153,152,265,266,264],"class_list":["post-3519","product","type-product","status-publish","has-post-thumbnail","hentry","product_cat-cadeira-direcao","product_tag-cadeira-crown","product_tag-cadeira-direcao","product_tag-cadeira-diretiva","product_tag-cr-500","product_tag-cr-501","product_tag-crown"],"yoast_head":"<!-- This site is optimized with the Yoast SEO plugin v20.1 - https:\/\/yoast.com\/wordpress\/plugins\/seo\/ -->\n<title>Crown - Officeplan Store<\/title>\n<meta name=\"robots\" content=\"index, follow, max-snippet:-1, max-image-preview:large, max-video-preview:-1\" \/>\n<link rel=\"canonical\" href=\"https:\/\/www.b-tech.pt\/index.php\/product\/crown\/\" \/>\n<meta property=\"og:locale\" content=\"en_US\" \/>\n<meta property=\"og:type\" content=\"article\" \/>\n<meta property=\"og:title\" content=\"Crown - Officeplan Store\" \/>\n<meta property=\"og:description\" content=\"CR. 500 CR. 501\" \/>\n<meta property=\"og:url\" content=\"https:\/\/www.b-tech.pt\/index.php\/product\/crown\/\" \/>\n<meta property=\"og:site_name\" content=\"Officeplan Store\" \/>\n<meta property=\"article:modified_time\" content=\"2023-01-29T17:22:17+00:00\" \/>\n<meta name=\"twitter:card\" content=\"summary_large_image\" \/>\n<script type=\"application\/ld+json\" class=\"yoast-schema-graph\">{\"@context\":\"https:\/\/schema.org\",\"@graph\":[{\"@type\":\"WebPage\",\"@id\":\"https:\/\/www.b-tech.pt\/index.php\/product\/crown\/\",\"url\":\"https:\/\/www.b-tech.pt\/index.php\/product\/crown\/\",\"name\":\"Crown - Officeplan Store\",\"isPartOf\":{\"@id\":\"https:\/\/www.b-tech.pt\/#website\"},\"datePublished\":\"2016-08-17T15:50:57+00:00\",\"dateModified\":\"2023-01-29T17:22:17+00:00\",\"breadcrumb\":{\"@id\":\"https:\/\/www.b-tech.pt\/index.php\/product\/crown\/#breadcrumb\"},\"inLanguage\":\"en-US\",\"potentialAction\":[{\"@type\":\"ReadAction\",\"target\":[\"https:\/\/www.b-tech.pt\/index.php\/product\/crown\/\"]}]},{\"@type\":\"BreadcrumbList\",\"@id\":\"https:\/\/www.b-tech.pt\/index.php\/product\/crown\/#breadcrumb\",\"itemListElement\":[{\"@type\":\"ListItem\",\"position\":1,\"name\":\"Home\",\"item\":\"https:\/\/www.b-tech.pt\/\"},{\"@type\":\"ListItem\",\"position\":2,\"name\":\"Shop\",\"item\":\"https:\/\/www.b-tech.pt\/index.php\/shop\/\"},{\"@type\":\"ListItem\",\"position\":3,\"name\":\"Crown\"}]},{\"@type\":\"WebSite\",\"@id\":\"https:\/\/www.b-tech.pt\/#website\",\"url\":\"https:\/\/www.b-tech.pt\/\",\"name\":\"Officeplan Store\",\"description\":\"\",\"potentialAction\":[{\"@type\":\"SearchAction\",\"target\":{\"@type\":\"EntryPoint\",\"urlTemplate\":\"https:\/\/www.b-tech.pt\/?s={search_term_string}\"},\"query-input\":\"required name=search_term_string\"}],\"inLanguage\":\"en-US\"}]}<\/script>\n<!-- \/ Yoast SEO plugin. -->","yoast_head_json":{"title":"Crown - Officeplan Store","robots":{"index":"index","follow":"follow","max-snippet":"max-snippet:-1","max-image-preview":"max-image-preview:large","max-video-preview":"max-video-preview:-1"},"canonical":"https:\/\/www.b-tech.pt\/index.php\/product\/crown\/","og_locale":"en_US","og_type":"article","og_title":"Crown - Officeplan Store","og_description":"CR. 500 CR. 501","og_url":"https:\/\/www.b-tech.pt\/index.php\/product\/crown\/","og_site_name":"Officeplan Store","article_modified_time":"2023-01-29T17:22:17+00:00","twitter_card":"summary_large_image","schema":{"@context":"https:\/\/schema.org","@graph":[{"@type":"WebPage","@id":"https:\/\/www.b-tech.pt\/index.php\/product\/crown\/","url":"https:\/\/www.b-tech.pt\/index.php\/product\/crown\/","name":"Crown - Officeplan Store","isPartOf":{"@id":"https:\/\/www.b-tech.pt\/#website"},"datePublished":"2016-08-17T15:50:57+00:00","dateModified":"2023-01-29T17:22:17+00:00","breadcrumb":{"@id":"https:\/\/www.b-tech.pt\/index.php\/product\/crown\/#breadcrumb"},"inLanguage":"en-US","potentialAction":[{"@type":"ReadAction","target":["https:\/\/www.b-tech.pt\/index.php\/product\/crown\/"]}]},{"@type":"BreadcrumbList","@id":"https:\/\/www.b-tech.pt\/index.php\/product\/crown\/#breadcrumb","itemListElement":[{"@type":"ListItem","position":1,"name":"Home","item":"https:\/\/www.b-tech.pt\/"},{"@type":"ListItem","position":2,"name":"Shop","item":"https:\/\/www.b-tech.pt\/index.php\/shop\/"},{"@type":"ListItem","position":3,"name":"Crown"}]},{"@type":"WebSite","@id":"https:\/\/www.b-tech.pt\/#website","url":"https:\/\/www.b-tech.pt\/","name":"Officeplan Store","description":"","potentialAction":[{"@type":"SearchAction","target":{"@type":"EntryPoint","urlTemplate":"https:\/\/www.b-tech.pt\/?s={search_term_string}"},"query-input":"required name=search_term_string"}],"inLanguage":"en-US"}]}},"_links":{"self":[{"href":"https:\/\/www.b-tech.pt\/index.php\/wp-json\/wp\/v2\/product\/3519","targetHints":{"allow":["GET"]}}],"collection":[{"href":"https:\/\/www.b-tech.pt\/index.php\/wp-json\/wp\/v2\/product"}],"about":[{"href":"https:\/\/www.b-tech.pt\/index.php\/wp-json\/wp\/v2\/types\/product"}],"replies":[{"embeddable":true,"href":"https:\/\/www.b-tech.pt\/index.php\/wp-json\/wp\/v2\/comments?post=3519"}],"version-history":[{"count":1,"href":"https:\/\/www.b-tech.pt\/index.php\/wp-json\/wp\/v2\/product\/3519\/revisions"}],"predecessor-version":[{"id":8618,"href":"https:\/\/www.b-tech.pt\/index.php\/wp-json\/wp\/v2\/product\/3519\/revisions\/8618"}],"wp:featuredmedia":[{"embeddable":true,"href":"https:\/\/www.b-tech.pt\/index.php\/wp-json\/wp\/v2\/media\/8619"}],"wp:attachment":[{"href":"https:\/\/www.b-tech.pt\/index.php\/wp-json\/wp\/v2\/media?parent=3519"}],"wp:term":[{"taxonomy":"product_cat","embeddable":true,"href":"https:\/\/www.b-tech.pt\/index.php\/wp-json\/wp\/v2\/product_cat?post=3519"},{"taxonomy":"product_tag","embeddable":true,"href":"https:\/\/www.b-tech.pt\/index.php\/wp-json\/wp\/v2\/product_tag?post=3519"}],"curies":[{"name":"wp","href":"https:\/\/api.w.org\/{rel}","templated":true}]}}