{"id":3523,"date":"2016-08-17T16:07:34","date_gmt":"2016-08-17T16:07:34","guid":{"rendered":"https:\/\/b-tech.pt\/?post_type=product&#038;p=3523"},"modified":"2023-01-29T17:22:18","modified_gmt":"2023-01-29T17:22:18","slug":"zeus","status":"publish","type":"product","link":"https:\/\/www.b-tech.pt\/index.php\/product\/zeus\/","title":{"rendered":"Cadeira Zeus"},"content":{"rendered":"<p>Cadeira Zeus<br \/>\nCostas Altas<br \/>\nApoio de cabe\u00e7a<br \/>\nMecanismo sincronizado com cinco posi\u00e7\u00f5es de bloqueio<br \/>\nRegula\u00e7\u00e3o de costa em altura<br \/>\nBase piramidal em nylon<\/p>\n<p>Par de bra\u00e7os n\u00e3o inclu\u00eddo<\/p>\n<p>Op\u00e7\u00e3o:<br \/>\nRegula\u00e7\u00e3o do assento em profundidade<br \/>\nApoio lombar<br \/>\nBase piramidal em alum\u00ednio<br \/>\nSem apoio de cabe\u00e7a [ZU. 501]<\/p>\n","protected":false},"excerpt":{"rendered":"<p>ZU. 500<br \/>\nZU. 501<\/p>\n","protected":false},"featured_media":8625,"comment_status":"closed","ping_status":"closed","template":"","meta":[],"product_cat":[106],"product_tag":[151,173,172,153,152,154,171,170,174],"class_list":["post-3523","product","type-product","status-publish","has-post-thumbnail","hentry","product_cat-cadeira-direcao","product_tag-cadeira","product_tag-cadeira-com-apoio-de-cabeca","product_tag-cadeira-com-rodas","product_tag-cadeira-direcao","product_tag-cadeira-diretiva","product_tag-cadeira-escritorio","product_tag-cadeira-rolante","product_tag-zu-500","product_tag-zu-501"],"yoast_head":"<!-- This site is optimized with the Yoast SEO plugin v20.1 - https:\/\/yoast.com\/wordpress\/plugins\/seo\/ -->\n<title>Cadeira Zeus - Officeplan Store<\/title>\n<meta name=\"robots\" content=\"index, follow, max-snippet:-1, max-image-preview:large, max-video-preview:-1\" \/>\n<link rel=\"canonical\" href=\"https:\/\/www.b-tech.pt\/index.php\/product\/zeus\/\" \/>\n<meta property=\"og:locale\" content=\"en_US\" \/>\n<meta property=\"og:type\" content=\"article\" \/>\n<meta property=\"og:title\" content=\"Cadeira Zeus - Officeplan Store\" \/>\n<meta property=\"og:description\" content=\"ZU. 500 ZU. 501\" \/>\n<meta property=\"og:url\" content=\"https:\/\/www.b-tech.pt\/index.php\/product\/zeus\/\" \/>\n<meta property=\"og:site_name\" content=\"Officeplan Store\" \/>\n<meta property=\"article:modified_time\" content=\"2023-01-29T17:22:18+00:00\" \/>\n<meta property=\"og:image\" content=\"https:\/\/www.b-tech.pt\/wp-content\/uploads\/2023\/01\/ZEUS-3.jpg\" \/>\n\t<meta property=\"og:image:width\" content=\"600\" \/>\n\t<meta property=\"og:image:height\" content=\"600\" \/>\n\t<meta property=\"og:image:type\" content=\"image\/jpeg\" \/>\n<meta name=\"twitter:card\" content=\"summary_large_image\" \/>\n<script type=\"application\/ld+json\" class=\"yoast-schema-graph\">{\"@context\":\"https:\/\/schema.org\",\"@graph\":[{\"@type\":\"WebPage\",\"@id\":\"https:\/\/www.b-tech.pt\/index.php\/product\/zeus\/\",\"url\":\"https:\/\/www.b-tech.pt\/index.php\/product\/zeus\/\",\"name\":\"Cadeira Zeus - Officeplan Store\",\"isPartOf\":{\"@id\":\"https:\/\/www.b-tech.pt\/#website\"},\"datePublished\":\"2016-08-17T16:07:34+00:00\",\"dateModified\":\"2023-01-29T17:22:18+00:00\",\"breadcrumb\":{\"@id\":\"https:\/\/www.b-tech.pt\/index.php\/product\/zeus\/#breadcrumb\"},\"inLanguage\":\"en-US\",\"potentialAction\":[{\"@type\":\"ReadAction\",\"target\":[\"https:\/\/www.b-tech.pt\/index.php\/product\/zeus\/\"]}]},{\"@type\":\"BreadcrumbList\",\"@id\":\"https:\/\/www.b-tech.pt\/index.php\/product\/zeus\/#breadcrumb\",\"itemListElement\":[{\"@type\":\"ListItem\",\"position\":1,\"name\":\"Home\",\"item\":\"https:\/\/www.b-tech.pt\/\"},{\"@type\":\"ListItem\",\"position\":2,\"name\":\"Shop\",\"item\":\"https:\/\/www.b-tech.pt\/index.php\/shop\/\"},{\"@type\":\"ListItem\",\"position\":3,\"name\":\"Cadeira Zeus\"}]},{\"@type\":\"WebSite\",\"@id\":\"https:\/\/www.b-tech.pt\/#website\",\"url\":\"https:\/\/www.b-tech.pt\/\",\"name\":\"Officeplan Store\",\"description\":\"\",\"potentialAction\":[{\"@type\":\"SearchAction\",\"target\":{\"@type\":\"EntryPoint\",\"urlTemplate\":\"https:\/\/www.b-tech.pt\/?s={search_term_string}\"},\"query-input\":\"required name=search_term_string\"}],\"inLanguage\":\"en-US\"}]}<\/script>\n<!-- \/ Yoast SEO plugin. -->","yoast_head_json":{"title":"Cadeira Zeus - Officeplan Store","robots":{"index":"index","follow":"follow","max-snippet":"max-snippet:-1","max-image-preview":"max-image-preview:large","max-video-preview":"max-video-preview:-1"},"canonical":"https:\/\/www.b-tech.pt\/index.php\/product\/zeus\/","og_locale":"en_US","og_type":"article","og_title":"Cadeira Zeus - Officeplan Store","og_description":"ZU. 500 ZU. 501","og_url":"https:\/\/www.b-tech.pt\/index.php\/product\/zeus\/","og_site_name":"Officeplan Store","article_modified_time":"2023-01-29T17:22:18+00:00","og_image":[{"width":600,"height":600,"url":"https:\/\/www.b-tech.pt\/wp-content\/uploads\/2023\/01\/ZEUS-3.jpg","type":"image\/jpeg"}],"twitter_card":"summary_large_image","schema":{"@context":"https:\/\/schema.org","@graph":[{"@type":"WebPage","@id":"https:\/\/www.b-tech.pt\/index.php\/product\/zeus\/","url":"https:\/\/www.b-tech.pt\/index.php\/product\/zeus\/","name":"Cadeira Zeus - Officeplan Store","isPartOf":{"@id":"https:\/\/www.b-tech.pt\/#website"},"datePublished":"2016-08-17T16:07:34+00:00","dateModified":"2023-01-29T17:22:18+00:00","breadcrumb":{"@id":"https:\/\/www.b-tech.pt\/index.php\/product\/zeus\/#breadcrumb"},"inLanguage":"en-US","potentialAction":[{"@type":"ReadAction","target":["https:\/\/www.b-tech.pt\/index.php\/product\/zeus\/"]}]},{"@type":"BreadcrumbList","@id":"https:\/\/www.b-tech.pt\/index.php\/product\/zeus\/#breadcrumb","itemListElement":[{"@type":"ListItem","position":1,"name":"Home","item":"https:\/\/www.b-tech.pt\/"},{"@type":"ListItem","position":2,"name":"Shop","item":"https:\/\/www.b-tech.pt\/index.php\/shop\/"},{"@type":"ListItem","position":3,"name":"Cadeira Zeus"}]},{"@type":"WebSite","@id":"https:\/\/www.b-tech.pt\/#website","url":"https:\/\/www.b-tech.pt\/","name":"Officeplan Store","description":"","potentialAction":[{"@type":"SearchAction","target":{"@type":"EntryPoint","urlTemplate":"https:\/\/www.b-tech.pt\/?s={search_term_string}"},"query-input":"required name=search_term_string"}],"inLanguage":"en-US"}]}},"_links":{"self":[{"href":"https:\/\/www.b-tech.pt\/index.php\/wp-json\/wp\/v2\/product\/3523","targetHints":{"allow":["GET"]}}],"collection":[{"href":"https:\/\/www.b-tech.pt\/index.php\/wp-json\/wp\/v2\/product"}],"about":[{"href":"https:\/\/www.b-tech.pt\/index.php\/wp-json\/wp\/v2\/types\/product"}],"replies":[{"embeddable":true,"href":"https:\/\/www.b-tech.pt\/index.php\/wp-json\/wp\/v2\/comments?post=3523"}],"version-history":[{"count":1,"href":"https:\/\/www.b-tech.pt\/index.php\/wp-json\/wp\/v2\/product\/3523\/revisions"}],"predecessor-version":[{"id":8624,"href":"https:\/\/www.b-tech.pt\/index.php\/wp-json\/wp\/v2\/product\/3523\/revisions\/8624"}],"wp:featuredmedia":[{"embeddable":true,"href":"https:\/\/www.b-tech.pt\/index.php\/wp-json\/wp\/v2\/media\/8625"}],"wp:attachment":[{"href":"https:\/\/www.b-tech.pt\/index.php\/wp-json\/wp\/v2\/media?parent=3523"}],"wp:term":[{"taxonomy":"product_cat","embeddable":true,"href":"https:\/\/www.b-tech.pt\/index.php\/wp-json\/wp\/v2\/product_cat?post=3523"},{"taxonomy":"product_tag","embeddable":true,"href":"https:\/\/www.b-tech.pt\/index.php\/wp-json\/wp\/v2\/product_tag?post=3523"}],"curies":[{"name":"wp","href":"https:\/\/api.w.org\/{rel}","templated":true}]}}