{"id":3538,"date":"2016-08-17T17:54:25","date_gmt":"2016-08-17T17:54:25","guid":{"rendered":"https:\/\/b-tech.pt\/?post_type=product&#038;p=3538"},"modified":"2023-01-29T17:22:19","modified_gmt":"2023-01-29T17:22:19","slug":"anouk","status":"publish","type":"product","link":"https:\/\/www.b-tech.pt\/index.php\/product\/anouk\/","title":{"rendered":"Cadeira Anouk"},"content":{"rendered":"<p>Cadeira Anouk<br \/>\nCostas em espuma moldada<br \/>\nMecanismo sincronizado com cinco posi\u00e7\u00f5es de bloqueio<br \/>\nRegula\u00e7\u00e3o das costas em altura<\/p>\n<p>Par de bra\u00e7os n\u00e3o inclu\u00eddo<\/p>\n<p>Op\u00e7\u00e3o:<br \/>\nRegula\u00e7\u00e3o do assento em profundidade<br \/>\nBase piramidal em alumin\u00edo<\/p>\n","protected":false},"excerpt":{"rendered":"<p>AN. 500<\/p>\n","protected":false},"featured_media":8635,"comment_status":"closed","ping_status":"closed","template":"","meta":[],"product_cat":[106],"product_tag":[179,175,153,152,154],"class_list":["post-3538","product","type-product","status-publish","has-post-thumbnail","hentry","product_cat-cadeira-direcao","product_tag-an-500","product_tag-base-piramidal","product_tag-cadeira-direcao","product_tag-cadeira-diretiva","product_tag-cadeira-escritorio"],"yoast_head":"<!-- This site is optimized with the Yoast SEO plugin v20.1 - https:\/\/yoast.com\/wordpress\/plugins\/seo\/ -->\n<title>Cadeira Anouk - Officeplan Store<\/title>\n<meta name=\"robots\" content=\"index, follow, max-snippet:-1, max-image-preview:large, max-video-preview:-1\" \/>\n<link rel=\"canonical\" href=\"https:\/\/www.b-tech.pt\/index.php\/product\/anouk\/\" \/>\n<meta property=\"og:locale\" content=\"en_US\" \/>\n<meta property=\"og:type\" content=\"article\" \/>\n<meta property=\"og:title\" content=\"Cadeira Anouk - Officeplan Store\" \/>\n<meta property=\"og:description\" content=\"AN. 500\" \/>\n<meta property=\"og:url\" content=\"https:\/\/www.b-tech.pt\/index.php\/product\/anouk\/\" \/>\n<meta property=\"og:site_name\" content=\"Officeplan Store\" \/>\n<meta property=\"article:modified_time\" content=\"2023-01-29T17:22:19+00:00\" \/>\n<meta property=\"og:image\" content=\"https:\/\/www.b-tech.pt\/wp-content\/uploads\/2023\/01\/ANOUK.jpg\" \/>\n\t<meta property=\"og:image:width\" content=\"600\" \/>\n\t<meta property=\"og:image:height\" content=\"600\" \/>\n\t<meta property=\"og:image:type\" content=\"image\/jpeg\" \/>\n<meta name=\"twitter:card\" content=\"summary_large_image\" \/>\n<script type=\"application\/ld+json\" class=\"yoast-schema-graph\">{\"@context\":\"https:\/\/schema.org\",\"@graph\":[{\"@type\":\"WebPage\",\"@id\":\"https:\/\/www.b-tech.pt\/index.php\/product\/anouk\/\",\"url\":\"https:\/\/www.b-tech.pt\/index.php\/product\/anouk\/\",\"name\":\"Cadeira Anouk - Officeplan Store\",\"isPartOf\":{\"@id\":\"https:\/\/www.b-tech.pt\/#website\"},\"datePublished\":\"2016-08-17T17:54:25+00:00\",\"dateModified\":\"2023-01-29T17:22:19+00:00\",\"breadcrumb\":{\"@id\":\"https:\/\/www.b-tech.pt\/index.php\/product\/anouk\/#breadcrumb\"},\"inLanguage\":\"en-US\",\"potentialAction\":[{\"@type\":\"ReadAction\",\"target\":[\"https:\/\/www.b-tech.pt\/index.php\/product\/anouk\/\"]}]},{\"@type\":\"BreadcrumbList\",\"@id\":\"https:\/\/www.b-tech.pt\/index.php\/product\/anouk\/#breadcrumb\",\"itemListElement\":[{\"@type\":\"ListItem\",\"position\":1,\"name\":\"Home\",\"item\":\"https:\/\/www.b-tech.pt\/\"},{\"@type\":\"ListItem\",\"position\":2,\"name\":\"Shop\",\"item\":\"https:\/\/www.b-tech.pt\/index.php\/shop\/\"},{\"@type\":\"ListItem\",\"position\":3,\"name\":\"Cadeira Anouk\"}]},{\"@type\":\"WebSite\",\"@id\":\"https:\/\/www.b-tech.pt\/#website\",\"url\":\"https:\/\/www.b-tech.pt\/\",\"name\":\"Officeplan Store\",\"description\":\"\",\"potentialAction\":[{\"@type\":\"SearchAction\",\"target\":{\"@type\":\"EntryPoint\",\"urlTemplate\":\"https:\/\/www.b-tech.pt\/?s={search_term_string}\"},\"query-input\":\"required name=search_term_string\"}],\"inLanguage\":\"en-US\"}]}<\/script>\n<!-- \/ Yoast SEO plugin. -->","yoast_head_json":{"title":"Cadeira Anouk - Officeplan Store","robots":{"index":"index","follow":"follow","max-snippet":"max-snippet:-1","max-image-preview":"max-image-preview:large","max-video-preview":"max-video-preview:-1"},"canonical":"https:\/\/www.b-tech.pt\/index.php\/product\/anouk\/","og_locale":"en_US","og_type":"article","og_title":"Cadeira Anouk - Officeplan Store","og_description":"AN. 500","og_url":"https:\/\/www.b-tech.pt\/index.php\/product\/anouk\/","og_site_name":"Officeplan Store","article_modified_time":"2023-01-29T17:22:19+00:00","og_image":[{"width":600,"height":600,"url":"https:\/\/www.b-tech.pt\/wp-content\/uploads\/2023\/01\/ANOUK.jpg","type":"image\/jpeg"}],"twitter_card":"summary_large_image","schema":{"@context":"https:\/\/schema.org","@graph":[{"@type":"WebPage","@id":"https:\/\/www.b-tech.pt\/index.php\/product\/anouk\/","url":"https:\/\/www.b-tech.pt\/index.php\/product\/anouk\/","name":"Cadeira Anouk - Officeplan Store","isPartOf":{"@id":"https:\/\/www.b-tech.pt\/#website"},"datePublished":"2016-08-17T17:54:25+00:00","dateModified":"2023-01-29T17:22:19+00:00","breadcrumb":{"@id":"https:\/\/www.b-tech.pt\/index.php\/product\/anouk\/#breadcrumb"},"inLanguage":"en-US","potentialAction":[{"@type":"ReadAction","target":["https:\/\/www.b-tech.pt\/index.php\/product\/anouk\/"]}]},{"@type":"BreadcrumbList","@id":"https:\/\/www.b-tech.pt\/index.php\/product\/anouk\/#breadcrumb","itemListElement":[{"@type":"ListItem","position":1,"name":"Home","item":"https:\/\/www.b-tech.pt\/"},{"@type":"ListItem","position":2,"name":"Shop","item":"https:\/\/www.b-tech.pt\/index.php\/shop\/"},{"@type":"ListItem","position":3,"name":"Cadeira Anouk"}]},{"@type":"WebSite","@id":"https:\/\/www.b-tech.pt\/#website","url":"https:\/\/www.b-tech.pt\/","name":"Officeplan Store","description":"","potentialAction":[{"@type":"SearchAction","target":{"@type":"EntryPoint","urlTemplate":"https:\/\/www.b-tech.pt\/?s={search_term_string}"},"query-input":"required name=search_term_string"}],"inLanguage":"en-US"}]}},"_links":{"self":[{"href":"https:\/\/www.b-tech.pt\/index.php\/wp-json\/wp\/v2\/product\/3538","targetHints":{"allow":["GET"]}}],"collection":[{"href":"https:\/\/www.b-tech.pt\/index.php\/wp-json\/wp\/v2\/product"}],"about":[{"href":"https:\/\/www.b-tech.pt\/index.php\/wp-json\/wp\/v2\/types\/product"}],"replies":[{"embeddable":true,"href":"https:\/\/www.b-tech.pt\/index.php\/wp-json\/wp\/v2\/comments?post=3538"}],"version-history":[{"count":1,"href":"https:\/\/www.b-tech.pt\/index.php\/wp-json\/wp\/v2\/product\/3538\/revisions"}],"predecessor-version":[{"id":8634,"href":"https:\/\/www.b-tech.pt\/index.php\/wp-json\/wp\/v2\/product\/3538\/revisions\/8634"}],"wp:featuredmedia":[{"embeddable":true,"href":"https:\/\/www.b-tech.pt\/index.php\/wp-json\/wp\/v2\/media\/8635"}],"wp:attachment":[{"href":"https:\/\/www.b-tech.pt\/index.php\/wp-json\/wp\/v2\/media?parent=3538"}],"wp:term":[{"taxonomy":"product_cat","embeddable":true,"href":"https:\/\/www.b-tech.pt\/index.php\/wp-json\/wp\/v2\/product_cat?post=3538"},{"taxonomy":"product_tag","embeddable":true,"href":"https:\/\/www.b-tech.pt\/index.php\/wp-json\/wp\/v2\/product_tag?post=3538"}],"curies":[{"name":"wp","href":"https:\/\/api.w.org\/{rel}","templated":true}]}}