{"id":3580,"date":"2016-08-17T19:08:15","date_gmt":"2016-08-17T19:08:15","guid":{"rendered":"https:\/\/b-tech.pt\/?post_type=product&#038;p=3580"},"modified":"2023-01-29T17:22:24","modified_gmt":"2023-01-29T17:22:24","slug":"arena","status":"publish","type":"product","link":"https:\/\/www.b-tech.pt\/index.php\/product\/arena\/","title":{"rendered":"Arena"},"content":{"rendered":"<p>Cadeira Arena<br \/>\nCostas M\u00e9dias em redeAssento com estofo<br \/>\nMecanismo sincronizado com cinco posi\u00e7\u00f5es de bloqueio<br \/>\nRegula\u00e7\u00e3o das costas em altura<\/p>\n<p>Par de bra\u00e7os n\u00e3o inclu\u00eddos<\/p>\n<p>Op\u00e7\u00e3o:<br \/>\nBase piramidal em alum\u00ednio<\/p>\n","protected":false},"excerpt":{"rendered":"<p>Cadeira Arena Costas M\u00e9dias em redeAssento com estofo Mecanismo sincronizado com cinco posi\u00e7\u00f5es de bloqueio Regula\u00e7\u00e3o das costas em altura<\/p>\n","protected":false},"featured_media":8676,"comment_status":"closed","ping_status":"closed","template":"","meta":[],"product_cat":[106],"product_tag":[193,175,151,153,152,154],"class_list":["post-3580","product","type-product","status-publish","has-post-thumbnail","hentry","product_cat-cadeira-direcao","product_tag-ar-500","product_tag-base-piramidal","product_tag-cadeira","product_tag-cadeira-direcao","product_tag-cadeira-diretiva","product_tag-cadeira-escritorio"],"yoast_head":"<!-- This site is optimized with the Yoast SEO plugin v20.1 - https:\/\/yoast.com\/wordpress\/plugins\/seo\/ -->\n<title>Arena - Officeplan Store<\/title>\n<meta name=\"robots\" content=\"index, follow, max-snippet:-1, max-image-preview:large, max-video-preview:-1\" \/>\n<link rel=\"canonical\" href=\"https:\/\/www.b-tech.pt\/index.php\/product\/arena\/\" \/>\n<meta property=\"og:locale\" content=\"en_US\" \/>\n<meta property=\"og:type\" content=\"article\" \/>\n<meta property=\"og:title\" content=\"Arena - Officeplan Store\" \/>\n<meta property=\"og:description\" content=\"Cadeira Arena Costas M\u00e9dias em redeAssento com estofo Mecanismo sincronizado com cinco posi\u00e7\u00f5es de bloqueio Regula\u00e7\u00e3o das costas em altura\" \/>\n<meta property=\"og:url\" content=\"https:\/\/www.b-tech.pt\/index.php\/product\/arena\/\" \/>\n<meta property=\"og:site_name\" content=\"Officeplan Store\" \/>\n<meta property=\"article:modified_time\" content=\"2023-01-29T17:22:24+00:00\" \/>\n<meta name=\"twitter:card\" content=\"summary_large_image\" \/>\n<script type=\"application\/ld+json\" class=\"yoast-schema-graph\">{\"@context\":\"https:\/\/schema.org\",\"@graph\":[{\"@type\":\"WebPage\",\"@id\":\"https:\/\/www.b-tech.pt\/index.php\/product\/arena\/\",\"url\":\"https:\/\/www.b-tech.pt\/index.php\/product\/arena\/\",\"name\":\"Arena - Officeplan Store\",\"isPartOf\":{\"@id\":\"https:\/\/www.b-tech.pt\/#website\"},\"datePublished\":\"2016-08-17T19:08:15+00:00\",\"dateModified\":\"2023-01-29T17:22:24+00:00\",\"breadcrumb\":{\"@id\":\"https:\/\/www.b-tech.pt\/index.php\/product\/arena\/#breadcrumb\"},\"inLanguage\":\"en-US\",\"potentialAction\":[{\"@type\":\"ReadAction\",\"target\":[\"https:\/\/www.b-tech.pt\/index.php\/product\/arena\/\"]}]},{\"@type\":\"BreadcrumbList\",\"@id\":\"https:\/\/www.b-tech.pt\/index.php\/product\/arena\/#breadcrumb\",\"itemListElement\":[{\"@type\":\"ListItem\",\"position\":1,\"name\":\"Home\",\"item\":\"https:\/\/www.b-tech.pt\/\"},{\"@type\":\"ListItem\",\"position\":2,\"name\":\"Shop\",\"item\":\"https:\/\/www.b-tech.pt\/index.php\/shop\/\"},{\"@type\":\"ListItem\",\"position\":3,\"name\":\"Arena\"}]},{\"@type\":\"WebSite\",\"@id\":\"https:\/\/www.b-tech.pt\/#website\",\"url\":\"https:\/\/www.b-tech.pt\/\",\"name\":\"Officeplan Store\",\"description\":\"\",\"potentialAction\":[{\"@type\":\"SearchAction\",\"target\":{\"@type\":\"EntryPoint\",\"urlTemplate\":\"https:\/\/www.b-tech.pt\/?s={search_term_string}\"},\"query-input\":\"required name=search_term_string\"}],\"inLanguage\":\"en-US\"}]}<\/script>\n<!-- \/ Yoast SEO plugin. -->","yoast_head_json":{"title":"Arena - Officeplan Store","robots":{"index":"index","follow":"follow","max-snippet":"max-snippet:-1","max-image-preview":"max-image-preview:large","max-video-preview":"max-video-preview:-1"},"canonical":"https:\/\/www.b-tech.pt\/index.php\/product\/arena\/","og_locale":"en_US","og_type":"article","og_title":"Arena - Officeplan Store","og_description":"Cadeira Arena Costas M\u00e9dias em redeAssento com estofo Mecanismo sincronizado com cinco posi\u00e7\u00f5es de bloqueio Regula\u00e7\u00e3o das costas em altura","og_url":"https:\/\/www.b-tech.pt\/index.php\/product\/arena\/","og_site_name":"Officeplan Store","article_modified_time":"2023-01-29T17:22:24+00:00","twitter_card":"summary_large_image","schema":{"@context":"https:\/\/schema.org","@graph":[{"@type":"WebPage","@id":"https:\/\/www.b-tech.pt\/index.php\/product\/arena\/","url":"https:\/\/www.b-tech.pt\/index.php\/product\/arena\/","name":"Arena - Officeplan Store","isPartOf":{"@id":"https:\/\/www.b-tech.pt\/#website"},"datePublished":"2016-08-17T19:08:15+00:00","dateModified":"2023-01-29T17:22:24+00:00","breadcrumb":{"@id":"https:\/\/www.b-tech.pt\/index.php\/product\/arena\/#breadcrumb"},"inLanguage":"en-US","potentialAction":[{"@type":"ReadAction","target":["https:\/\/www.b-tech.pt\/index.php\/product\/arena\/"]}]},{"@type":"BreadcrumbList","@id":"https:\/\/www.b-tech.pt\/index.php\/product\/arena\/#breadcrumb","itemListElement":[{"@type":"ListItem","position":1,"name":"Home","item":"https:\/\/www.b-tech.pt\/"},{"@type":"ListItem","position":2,"name":"Shop","item":"https:\/\/www.b-tech.pt\/index.php\/shop\/"},{"@type":"ListItem","position":3,"name":"Arena"}]},{"@type":"WebSite","@id":"https:\/\/www.b-tech.pt\/#website","url":"https:\/\/www.b-tech.pt\/","name":"Officeplan Store","description":"","potentialAction":[{"@type":"SearchAction","target":{"@type":"EntryPoint","urlTemplate":"https:\/\/www.b-tech.pt\/?s={search_term_string}"},"query-input":"required name=search_term_string"}],"inLanguage":"en-US"}]}},"_links":{"self":[{"href":"https:\/\/www.b-tech.pt\/index.php\/wp-json\/wp\/v2\/product\/3580","targetHints":{"allow":["GET"]}}],"collection":[{"href":"https:\/\/www.b-tech.pt\/index.php\/wp-json\/wp\/v2\/product"}],"about":[{"href":"https:\/\/www.b-tech.pt\/index.php\/wp-json\/wp\/v2\/types\/product"}],"replies":[{"embeddable":true,"href":"https:\/\/www.b-tech.pt\/index.php\/wp-json\/wp\/v2\/comments?post=3580"}],"version-history":[{"count":1,"href":"https:\/\/www.b-tech.pt\/index.php\/wp-json\/wp\/v2\/product\/3580\/revisions"}],"predecessor-version":[{"id":8675,"href":"https:\/\/www.b-tech.pt\/index.php\/wp-json\/wp\/v2\/product\/3580\/revisions\/8675"}],"wp:featuredmedia":[{"embeddable":true,"href":"https:\/\/www.b-tech.pt\/index.php\/wp-json\/wp\/v2\/media\/8676"}],"wp:attachment":[{"href":"https:\/\/www.b-tech.pt\/index.php\/wp-json\/wp\/v2\/media?parent=3580"}],"wp:term":[{"taxonomy":"product_cat","embeddable":true,"href":"https:\/\/www.b-tech.pt\/index.php\/wp-json\/wp\/v2\/product_cat?post=3580"},{"taxonomy":"product_tag","embeddable":true,"href":"https:\/\/www.b-tech.pt\/index.php\/wp-json\/wp\/v2\/product_tag?post=3580"}],"curies":[{"name":"wp","href":"https:\/\/api.w.org\/{rel}","templated":true}]}}