{"id":3607,"date":"2016-08-17T19:59:44","date_gmt":"2016-08-17T19:59:44","guid":{"rendered":"https:\/\/b-tech.pt\/?post_type=product&#038;p=3607"},"modified":"2023-01-29T17:22:29","modified_gmt":"2023-01-29T17:22:29","slug":"eros","status":"publish","type":"product","link":"https:\/\/www.b-tech.pt\/index.php\/product\/eros\/","title":{"rendered":"Eros"},"content":{"rendered":"<p>Cadeira Eros<br \/>\nCostas Altas<br \/>\nMecanismo oscilante com duas posi\u00e7\u00f5es de bloqueio<br \/>\nBra\u00e7os em ferro com aplique em PP<\/p>\n<p>Op\u00e7\u00e3o:<br \/>\nBase piramidal em nylon<br \/>\nBase plana em alum\u00ednio<br \/>\nBase piramidal em alum\u00ednio<br \/>\nSistema de eleva\u00e7\u00e3o simples [ER. 210]<\/p>\n","protected":false},"excerpt":{"rendered":"<p>Cadeira Eros Costas Altas Mecanismo oscilante com duas posi\u00e7\u00f5es de bloqueio Bra\u00e7os em ferro com aplique em PP Op\u00e7\u00e3o: Base<\/p>\n","protected":false},"featured_media":8700,"comment_status":"closed","ping_status":"closed","template":"","meta":[],"product_cat":[107],"product_tag":[175,204,151,203,154,198,202,201],"class_list":["post-3607","product","type-product","status-publish","has-post-thumbnail","hentry","product_cat-cadeira-operativa","product_tag-base-piramidal","product_tag-base-plana","product_tag-cadeira","product_tag-cadeira-eros","product_tag-cadeira-escritorio","product_tag-cadeira-operativa","product_tag-er-210","product_tag-er-500"],"yoast_head":"<!-- This site is optimized with the Yoast SEO plugin v20.1 - https:\/\/yoast.com\/wordpress\/plugins\/seo\/ -->\n<title>Eros - Officeplan Store<\/title>\n<meta name=\"robots\" content=\"index, follow, max-snippet:-1, max-image-preview:large, max-video-preview:-1\" \/>\n<link rel=\"canonical\" href=\"https:\/\/www.b-tech.pt\/index.php\/product\/eros\/\" \/>\n<meta property=\"og:locale\" content=\"en_US\" \/>\n<meta property=\"og:type\" content=\"article\" \/>\n<meta property=\"og:title\" content=\"Eros - Officeplan Store\" \/>\n<meta property=\"og:description\" content=\"Cadeira Eros Costas Altas Mecanismo oscilante com duas posi\u00e7\u00f5es de bloqueio Bra\u00e7os em ferro com aplique em PP Op\u00e7\u00e3o: Base\" \/>\n<meta property=\"og:url\" content=\"https:\/\/www.b-tech.pt\/index.php\/product\/eros\/\" \/>\n<meta property=\"og:site_name\" content=\"Officeplan Store\" \/>\n<meta property=\"article:modified_time\" content=\"2023-01-29T17:22:29+00:00\" \/>\n<meta name=\"twitter:card\" content=\"summary_large_image\" \/>\n<script type=\"application\/ld+json\" class=\"yoast-schema-graph\">{\"@context\":\"https:\/\/schema.org\",\"@graph\":[{\"@type\":\"WebPage\",\"@id\":\"https:\/\/www.b-tech.pt\/index.php\/product\/eros\/\",\"url\":\"https:\/\/www.b-tech.pt\/index.php\/product\/eros\/\",\"name\":\"Eros - Officeplan Store\",\"isPartOf\":{\"@id\":\"https:\/\/www.b-tech.pt\/#website\"},\"datePublished\":\"2016-08-17T19:59:44+00:00\",\"dateModified\":\"2023-01-29T17:22:29+00:00\",\"breadcrumb\":{\"@id\":\"https:\/\/www.b-tech.pt\/index.php\/product\/eros\/#breadcrumb\"},\"inLanguage\":\"en-US\",\"potentialAction\":[{\"@type\":\"ReadAction\",\"target\":[\"https:\/\/www.b-tech.pt\/index.php\/product\/eros\/\"]}]},{\"@type\":\"BreadcrumbList\",\"@id\":\"https:\/\/www.b-tech.pt\/index.php\/product\/eros\/#breadcrumb\",\"itemListElement\":[{\"@type\":\"ListItem\",\"position\":1,\"name\":\"Home\",\"item\":\"https:\/\/www.b-tech.pt\/\"},{\"@type\":\"ListItem\",\"position\":2,\"name\":\"Shop\",\"item\":\"https:\/\/www.b-tech.pt\/index.php\/shop\/\"},{\"@type\":\"ListItem\",\"position\":3,\"name\":\"Eros\"}]},{\"@type\":\"WebSite\",\"@id\":\"https:\/\/www.b-tech.pt\/#website\",\"url\":\"https:\/\/www.b-tech.pt\/\",\"name\":\"Officeplan Store\",\"description\":\"\",\"potentialAction\":[{\"@type\":\"SearchAction\",\"target\":{\"@type\":\"EntryPoint\",\"urlTemplate\":\"https:\/\/www.b-tech.pt\/?s={search_term_string}\"},\"query-input\":\"required name=search_term_string\"}],\"inLanguage\":\"en-US\"}]}<\/script>\n<!-- \/ Yoast SEO plugin. -->","yoast_head_json":{"title":"Eros - Officeplan Store","robots":{"index":"index","follow":"follow","max-snippet":"max-snippet:-1","max-image-preview":"max-image-preview:large","max-video-preview":"max-video-preview:-1"},"canonical":"https:\/\/www.b-tech.pt\/index.php\/product\/eros\/","og_locale":"en_US","og_type":"article","og_title":"Eros - Officeplan Store","og_description":"Cadeira Eros Costas Altas Mecanismo oscilante com duas posi\u00e7\u00f5es de bloqueio Bra\u00e7os em ferro com aplique em PP Op\u00e7\u00e3o: Base","og_url":"https:\/\/www.b-tech.pt\/index.php\/product\/eros\/","og_site_name":"Officeplan Store","article_modified_time":"2023-01-29T17:22:29+00:00","twitter_card":"summary_large_image","schema":{"@context":"https:\/\/schema.org","@graph":[{"@type":"WebPage","@id":"https:\/\/www.b-tech.pt\/index.php\/product\/eros\/","url":"https:\/\/www.b-tech.pt\/index.php\/product\/eros\/","name":"Eros - Officeplan Store","isPartOf":{"@id":"https:\/\/www.b-tech.pt\/#website"},"datePublished":"2016-08-17T19:59:44+00:00","dateModified":"2023-01-29T17:22:29+00:00","breadcrumb":{"@id":"https:\/\/www.b-tech.pt\/index.php\/product\/eros\/#breadcrumb"},"inLanguage":"en-US","potentialAction":[{"@type":"ReadAction","target":["https:\/\/www.b-tech.pt\/index.php\/product\/eros\/"]}]},{"@type":"BreadcrumbList","@id":"https:\/\/www.b-tech.pt\/index.php\/product\/eros\/#breadcrumb","itemListElement":[{"@type":"ListItem","position":1,"name":"Home","item":"https:\/\/www.b-tech.pt\/"},{"@type":"ListItem","position":2,"name":"Shop","item":"https:\/\/www.b-tech.pt\/index.php\/shop\/"},{"@type":"ListItem","position":3,"name":"Eros"}]},{"@type":"WebSite","@id":"https:\/\/www.b-tech.pt\/#website","url":"https:\/\/www.b-tech.pt\/","name":"Officeplan Store","description":"","potentialAction":[{"@type":"SearchAction","target":{"@type":"EntryPoint","urlTemplate":"https:\/\/www.b-tech.pt\/?s={search_term_string}"},"query-input":"required name=search_term_string"}],"inLanguage":"en-US"}]}},"_links":{"self":[{"href":"https:\/\/www.b-tech.pt\/index.php\/wp-json\/wp\/v2\/product\/3607","targetHints":{"allow":["GET"]}}],"collection":[{"href":"https:\/\/www.b-tech.pt\/index.php\/wp-json\/wp\/v2\/product"}],"about":[{"href":"https:\/\/www.b-tech.pt\/index.php\/wp-json\/wp\/v2\/types\/product"}],"replies":[{"embeddable":true,"href":"https:\/\/www.b-tech.pt\/index.php\/wp-json\/wp\/v2\/comments?post=3607"}],"version-history":[{"count":1,"href":"https:\/\/www.b-tech.pt\/index.php\/wp-json\/wp\/v2\/product\/3607\/revisions"}],"predecessor-version":[{"id":8699,"href":"https:\/\/www.b-tech.pt\/index.php\/wp-json\/wp\/v2\/product\/3607\/revisions\/8699"}],"wp:featuredmedia":[{"embeddable":true,"href":"https:\/\/www.b-tech.pt\/index.php\/wp-json\/wp\/v2\/media\/8700"}],"wp:attachment":[{"href":"https:\/\/www.b-tech.pt\/index.php\/wp-json\/wp\/v2\/media?parent=3607"}],"wp:term":[{"taxonomy":"product_cat","embeddable":true,"href":"https:\/\/www.b-tech.pt\/index.php\/wp-json\/wp\/v2\/product_cat?post=3607"},{"taxonomy":"product_tag","embeddable":true,"href":"https:\/\/www.b-tech.pt\/index.php\/wp-json\/wp\/v2\/product_tag?post=3607"}],"curies":[{"name":"wp","href":"https:\/\/api.w.org\/{rel}","templated":true}]}}