{"id":3628,"date":"2016-08-17T20:23:11","date_gmt":"2016-08-17T20:23:11","guid":{"rendered":"https:\/\/b-tech.pt\/?post_type=product&#038;p=3628"},"modified":"2023-01-29T17:22:31","modified_gmt":"2023-01-29T17:22:31","slug":"reflex","status":"publish","type":"product","link":"https:\/\/www.b-tech.pt\/index.php\/product\/reflex\/","title":{"rendered":"Reflex"},"content":{"rendered":"<p>Cadeira Reflex<br \/>\nCostas em rede<br \/>\nAssento com estofo<br \/>\nMecanismo sincronizado com cinco posi\u00e7\u00f5es de bloqueio<br \/>\nRegula\u00e7\u00e3o das costas em altura<\/p>\n<p>Par de bra\u00e7os n\u00e3o inclu\u00eddo<\/p>\n<p>Op\u00e7\u00e3o:<br \/>\nBase piramidal em nylon<br \/>\nBase piramidal em alum\u00ednioRegula\u00e7\u00e3o do assento em profundidade<\/p>\n","protected":false},"excerpt":{"rendered":"<p>Cadeira Reflex Costas em rede Assento com estofo Mecanismo sincronizado com cinco posi\u00e7\u00f5es de bloqueio Regula\u00e7\u00e3o das costas em altura<\/p>\n","protected":false},"featured_media":8721,"comment_status":"closed","ping_status":"closed","template":"","meta":[],"product_cat":[107],"product_tag":[175,151,154,198,217,218,216],"class_list":["post-3628","product","type-product","status-publish","has-post-thumbnail","hentry","product_cat-cadeira-operativa","product_tag-base-piramidal","product_tag-cadeira","product_tag-cadeira-escritorio","product_tag-cadeira-operativa","product_tag-cadeira-reflex","product_tag-reflex","product_tag-rf-500"],"yoast_head":"<!-- This site is optimized with the Yoast SEO plugin v20.1 - https:\/\/yoast.com\/wordpress\/plugins\/seo\/ -->\n<title>Reflex - Officeplan Store<\/title>\n<meta name=\"robots\" content=\"index, follow, max-snippet:-1, max-image-preview:large, max-video-preview:-1\" \/>\n<link rel=\"canonical\" href=\"https:\/\/www.b-tech.pt\/index.php\/product\/reflex\/\" \/>\n<meta property=\"og:locale\" content=\"en_US\" \/>\n<meta property=\"og:type\" content=\"article\" \/>\n<meta property=\"og:title\" content=\"Reflex - Officeplan Store\" \/>\n<meta property=\"og:description\" content=\"Cadeira Reflex Costas em rede Assento com estofo Mecanismo sincronizado com cinco posi\u00e7\u00f5es de bloqueio Regula\u00e7\u00e3o das costas em altura\" \/>\n<meta property=\"og:url\" content=\"https:\/\/www.b-tech.pt\/index.php\/product\/reflex\/\" \/>\n<meta property=\"og:site_name\" content=\"Officeplan Store\" \/>\n<meta property=\"article:modified_time\" content=\"2023-01-29T17:22:31+00:00\" \/>\n<meta name=\"twitter:card\" content=\"summary_large_image\" \/>\n<script type=\"application\/ld+json\" class=\"yoast-schema-graph\">{\"@context\":\"https:\/\/schema.org\",\"@graph\":[{\"@type\":\"WebPage\",\"@id\":\"https:\/\/www.b-tech.pt\/index.php\/product\/reflex\/\",\"url\":\"https:\/\/www.b-tech.pt\/index.php\/product\/reflex\/\",\"name\":\"Reflex - Officeplan Store\",\"isPartOf\":{\"@id\":\"https:\/\/www.b-tech.pt\/#website\"},\"datePublished\":\"2016-08-17T20:23:11+00:00\",\"dateModified\":\"2023-01-29T17:22:31+00:00\",\"breadcrumb\":{\"@id\":\"https:\/\/www.b-tech.pt\/index.php\/product\/reflex\/#breadcrumb\"},\"inLanguage\":\"en-US\",\"potentialAction\":[{\"@type\":\"ReadAction\",\"target\":[\"https:\/\/www.b-tech.pt\/index.php\/product\/reflex\/\"]}]},{\"@type\":\"BreadcrumbList\",\"@id\":\"https:\/\/www.b-tech.pt\/index.php\/product\/reflex\/#breadcrumb\",\"itemListElement\":[{\"@type\":\"ListItem\",\"position\":1,\"name\":\"Home\",\"item\":\"https:\/\/www.b-tech.pt\/\"},{\"@type\":\"ListItem\",\"position\":2,\"name\":\"Shop\",\"item\":\"https:\/\/www.b-tech.pt\/index.php\/shop\/\"},{\"@type\":\"ListItem\",\"position\":3,\"name\":\"Reflex\"}]},{\"@type\":\"WebSite\",\"@id\":\"https:\/\/www.b-tech.pt\/#website\",\"url\":\"https:\/\/www.b-tech.pt\/\",\"name\":\"Officeplan Store\",\"description\":\"\",\"potentialAction\":[{\"@type\":\"SearchAction\",\"target\":{\"@type\":\"EntryPoint\",\"urlTemplate\":\"https:\/\/www.b-tech.pt\/?s={search_term_string}\"},\"query-input\":\"required name=search_term_string\"}],\"inLanguage\":\"en-US\"}]}<\/script>\n<!-- \/ Yoast SEO plugin. -->","yoast_head_json":{"title":"Reflex - Officeplan Store","robots":{"index":"index","follow":"follow","max-snippet":"max-snippet:-1","max-image-preview":"max-image-preview:large","max-video-preview":"max-video-preview:-1"},"canonical":"https:\/\/www.b-tech.pt\/index.php\/product\/reflex\/","og_locale":"en_US","og_type":"article","og_title":"Reflex - Officeplan Store","og_description":"Cadeira Reflex Costas em rede Assento com estofo Mecanismo sincronizado com cinco posi\u00e7\u00f5es de bloqueio Regula\u00e7\u00e3o das costas em altura","og_url":"https:\/\/www.b-tech.pt\/index.php\/product\/reflex\/","og_site_name":"Officeplan Store","article_modified_time":"2023-01-29T17:22:31+00:00","twitter_card":"summary_large_image","schema":{"@context":"https:\/\/schema.org","@graph":[{"@type":"WebPage","@id":"https:\/\/www.b-tech.pt\/index.php\/product\/reflex\/","url":"https:\/\/www.b-tech.pt\/index.php\/product\/reflex\/","name":"Reflex - Officeplan Store","isPartOf":{"@id":"https:\/\/www.b-tech.pt\/#website"},"datePublished":"2016-08-17T20:23:11+00:00","dateModified":"2023-01-29T17:22:31+00:00","breadcrumb":{"@id":"https:\/\/www.b-tech.pt\/index.php\/product\/reflex\/#breadcrumb"},"inLanguage":"en-US","potentialAction":[{"@type":"ReadAction","target":["https:\/\/www.b-tech.pt\/index.php\/product\/reflex\/"]}]},{"@type":"BreadcrumbList","@id":"https:\/\/www.b-tech.pt\/index.php\/product\/reflex\/#breadcrumb","itemListElement":[{"@type":"ListItem","position":1,"name":"Home","item":"https:\/\/www.b-tech.pt\/"},{"@type":"ListItem","position":2,"name":"Shop","item":"https:\/\/www.b-tech.pt\/index.php\/shop\/"},{"@type":"ListItem","position":3,"name":"Reflex"}]},{"@type":"WebSite","@id":"https:\/\/www.b-tech.pt\/#website","url":"https:\/\/www.b-tech.pt\/","name":"Officeplan Store","description":"","potentialAction":[{"@type":"SearchAction","target":{"@type":"EntryPoint","urlTemplate":"https:\/\/www.b-tech.pt\/?s={search_term_string}"},"query-input":"required name=search_term_string"}],"inLanguage":"en-US"}]}},"_links":{"self":[{"href":"https:\/\/www.b-tech.pt\/index.php\/wp-json\/wp\/v2\/product\/3628","targetHints":{"allow":["GET"]}}],"collection":[{"href":"https:\/\/www.b-tech.pt\/index.php\/wp-json\/wp\/v2\/product"}],"about":[{"href":"https:\/\/www.b-tech.pt\/index.php\/wp-json\/wp\/v2\/types\/product"}],"replies":[{"embeddable":true,"href":"https:\/\/www.b-tech.pt\/index.php\/wp-json\/wp\/v2\/comments?post=3628"}],"version-history":[{"count":1,"href":"https:\/\/www.b-tech.pt\/index.php\/wp-json\/wp\/v2\/product\/3628\/revisions"}],"predecessor-version":[{"id":8720,"href":"https:\/\/www.b-tech.pt\/index.php\/wp-json\/wp\/v2\/product\/3628\/revisions\/8720"}],"wp:featuredmedia":[{"embeddable":true,"href":"https:\/\/www.b-tech.pt\/index.php\/wp-json\/wp\/v2\/media\/8721"}],"wp:attachment":[{"href":"https:\/\/www.b-tech.pt\/index.php\/wp-json\/wp\/v2\/media?parent=3628"}],"wp:term":[{"taxonomy":"product_cat","embeddable":true,"href":"https:\/\/www.b-tech.pt\/index.php\/wp-json\/wp\/v2\/product_cat?post=3628"},{"taxonomy":"product_tag","embeddable":true,"href":"https:\/\/www.b-tech.pt\/index.php\/wp-json\/wp\/v2\/product_tag?post=3628"}],"curies":[{"name":"wp","href":"https:\/\/api.w.org\/{rel}","templated":true}]}}