{"id":3806,"date":"2016-08-19T21:07:08","date_gmt":"2016-08-19T21:07:08","guid":{"rendered":"https:\/\/b-tech.pt\/?post_type=product&#038;p=3806"},"modified":"2023-01-29T17:22:58","modified_gmt":"2023-01-29T17:22:58","slug":"big-work","status":"publish","type":"product","link":"https:\/\/www.b-tech.pt\/index.php\/product\/big-work\/","title":{"rendered":"Big Work"},"content":{"rendered":"<p>Banco Big Work<br \/>\nAssento em poliuretano<br \/>\nSistema de eleva\u00e7\u00e3o simples<br \/>\nApoio de p\u00e9s em nylon<\/p>\n<p>Pode ser fornecido com rodas ou pateres<\/p>\n<p>Op\u00e7\u00e3o:<br \/>\nApoio de p\u00e9s cromado<\/p>\n","protected":false},"excerpt":{"rendered":"<p>Banco Big Work Assento em poliuretano Sistema de eleva\u00e7\u00e3o simples Apoio de p\u00e9s em nylon Pode ser fornecido com rodas<\/p>\n","protected":false},"featured_media":8889,"comment_status":"closed","ping_status":"closed","template":"","meta":[],"product_cat":[108],"product_tag":[345,151,346,154,269,347],"class_list":["post-3806","product","type-product","status-publish","has-post-thumbnail","hentry","product_cat-cadeira-multi-usos","product_tag-big-work","product_tag-cadeira","product_tag-cadeira-big-work","product_tag-cadeira-escritorio","product_tag-cadeira-multiusos","product_tag-mu-215"],"yoast_head":"<!-- This site is optimized with the Yoast SEO plugin v20.1 - https:\/\/yoast.com\/wordpress\/plugins\/seo\/ -->\n<title>Big Work - Officeplan Store<\/title>\n<meta name=\"robots\" content=\"index, follow, max-snippet:-1, max-image-preview:large, max-video-preview:-1\" \/>\n<link rel=\"canonical\" href=\"https:\/\/www.b-tech.pt\/index.php\/product\/big-work\/\" \/>\n<meta property=\"og:locale\" content=\"en_US\" \/>\n<meta property=\"og:type\" content=\"article\" \/>\n<meta property=\"og:title\" content=\"Big Work - Officeplan Store\" \/>\n<meta property=\"og:description\" content=\"Banco Big Work Assento em poliuretano Sistema de eleva\u00e7\u00e3o simples Apoio de p\u00e9s em nylon Pode ser fornecido com rodas\" \/>\n<meta property=\"og:url\" content=\"https:\/\/www.b-tech.pt\/index.php\/product\/big-work\/\" \/>\n<meta property=\"og:site_name\" content=\"Officeplan Store\" \/>\n<meta property=\"article:modified_time\" content=\"2023-01-29T17:22:58+00:00\" \/>\n<meta name=\"twitter:card\" content=\"summary_large_image\" \/>\n<script type=\"application\/ld+json\" class=\"yoast-schema-graph\">{\"@context\":\"https:\/\/schema.org\",\"@graph\":[{\"@type\":\"WebPage\",\"@id\":\"https:\/\/www.b-tech.pt\/index.php\/product\/big-work\/\",\"url\":\"https:\/\/www.b-tech.pt\/index.php\/product\/big-work\/\",\"name\":\"Big Work - Officeplan Store\",\"isPartOf\":{\"@id\":\"https:\/\/www.b-tech.pt\/#website\"},\"datePublished\":\"2016-08-19T21:07:08+00:00\",\"dateModified\":\"2023-01-29T17:22:58+00:00\",\"breadcrumb\":{\"@id\":\"https:\/\/www.b-tech.pt\/index.php\/product\/big-work\/#breadcrumb\"},\"inLanguage\":\"en-US\",\"potentialAction\":[{\"@type\":\"ReadAction\",\"target\":[\"https:\/\/www.b-tech.pt\/index.php\/product\/big-work\/\"]}]},{\"@type\":\"BreadcrumbList\",\"@id\":\"https:\/\/www.b-tech.pt\/index.php\/product\/big-work\/#breadcrumb\",\"itemListElement\":[{\"@type\":\"ListItem\",\"position\":1,\"name\":\"Home\",\"item\":\"https:\/\/www.b-tech.pt\/\"},{\"@type\":\"ListItem\",\"position\":2,\"name\":\"Shop\",\"item\":\"https:\/\/www.b-tech.pt\/index.php\/shop\/\"},{\"@type\":\"ListItem\",\"position\":3,\"name\":\"Big Work\"}]},{\"@type\":\"WebSite\",\"@id\":\"https:\/\/www.b-tech.pt\/#website\",\"url\":\"https:\/\/www.b-tech.pt\/\",\"name\":\"Officeplan Store\",\"description\":\"\",\"potentialAction\":[{\"@type\":\"SearchAction\",\"target\":{\"@type\":\"EntryPoint\",\"urlTemplate\":\"https:\/\/www.b-tech.pt\/?s={search_term_string}\"},\"query-input\":\"required name=search_term_string\"}],\"inLanguage\":\"en-US\"}]}<\/script>\n<!-- \/ Yoast SEO plugin. -->","yoast_head_json":{"title":"Big Work - Officeplan Store","robots":{"index":"index","follow":"follow","max-snippet":"max-snippet:-1","max-image-preview":"max-image-preview:large","max-video-preview":"max-video-preview:-1"},"canonical":"https:\/\/www.b-tech.pt\/index.php\/product\/big-work\/","og_locale":"en_US","og_type":"article","og_title":"Big Work - Officeplan Store","og_description":"Banco Big Work Assento em poliuretano Sistema de eleva\u00e7\u00e3o simples Apoio de p\u00e9s em nylon Pode ser fornecido com rodas","og_url":"https:\/\/www.b-tech.pt\/index.php\/product\/big-work\/","og_site_name":"Officeplan Store","article_modified_time":"2023-01-29T17:22:58+00:00","twitter_card":"summary_large_image","schema":{"@context":"https:\/\/schema.org","@graph":[{"@type":"WebPage","@id":"https:\/\/www.b-tech.pt\/index.php\/product\/big-work\/","url":"https:\/\/www.b-tech.pt\/index.php\/product\/big-work\/","name":"Big Work - Officeplan Store","isPartOf":{"@id":"https:\/\/www.b-tech.pt\/#website"},"datePublished":"2016-08-19T21:07:08+00:00","dateModified":"2023-01-29T17:22:58+00:00","breadcrumb":{"@id":"https:\/\/www.b-tech.pt\/index.php\/product\/big-work\/#breadcrumb"},"inLanguage":"en-US","potentialAction":[{"@type":"ReadAction","target":["https:\/\/www.b-tech.pt\/index.php\/product\/big-work\/"]}]},{"@type":"BreadcrumbList","@id":"https:\/\/www.b-tech.pt\/index.php\/product\/big-work\/#breadcrumb","itemListElement":[{"@type":"ListItem","position":1,"name":"Home","item":"https:\/\/www.b-tech.pt\/"},{"@type":"ListItem","position":2,"name":"Shop","item":"https:\/\/www.b-tech.pt\/index.php\/shop\/"},{"@type":"ListItem","position":3,"name":"Big Work"}]},{"@type":"WebSite","@id":"https:\/\/www.b-tech.pt\/#website","url":"https:\/\/www.b-tech.pt\/","name":"Officeplan Store","description":"","potentialAction":[{"@type":"SearchAction","target":{"@type":"EntryPoint","urlTemplate":"https:\/\/www.b-tech.pt\/?s={search_term_string}"},"query-input":"required name=search_term_string"}],"inLanguage":"en-US"}]}},"_links":{"self":[{"href":"https:\/\/www.b-tech.pt\/index.php\/wp-json\/wp\/v2\/product\/3806","targetHints":{"allow":["GET"]}}],"collection":[{"href":"https:\/\/www.b-tech.pt\/index.php\/wp-json\/wp\/v2\/product"}],"about":[{"href":"https:\/\/www.b-tech.pt\/index.php\/wp-json\/wp\/v2\/types\/product"}],"replies":[{"embeddable":true,"href":"https:\/\/www.b-tech.pt\/index.php\/wp-json\/wp\/v2\/comments?post=3806"}],"version-history":[{"count":1,"href":"https:\/\/www.b-tech.pt\/index.php\/wp-json\/wp\/v2\/product\/3806\/revisions"}],"predecessor-version":[{"id":8888,"href":"https:\/\/www.b-tech.pt\/index.php\/wp-json\/wp\/v2\/product\/3806\/revisions\/8888"}],"wp:featuredmedia":[{"embeddable":true,"href":"https:\/\/www.b-tech.pt\/index.php\/wp-json\/wp\/v2\/media\/8889"}],"wp:attachment":[{"href":"https:\/\/www.b-tech.pt\/index.php\/wp-json\/wp\/v2\/media?parent=3806"}],"wp:term":[{"taxonomy":"product_cat","embeddable":true,"href":"https:\/\/www.b-tech.pt\/index.php\/wp-json\/wp\/v2\/product_cat?post=3806"},{"taxonomy":"product_tag","embeddable":true,"href":"https:\/\/www.b-tech.pt\/index.php\/wp-json\/wp\/v2\/product_tag?post=3806"}],"curies":[{"name":"wp","href":"https:\/\/api.w.org\/{rel}","templated":true}]}}