{"id":4205,"date":"2016-08-25T15:11:16","date_gmt":"2016-08-25T15:11:16","guid":{"rendered":"https:\/\/b-tech.pt\/?post_type=product&#038;p=4205"},"modified":"2023-01-29T17:24:27","modified_gmt":"2023-01-29T17:24:27","slug":"president-armario","status":"publish","type":"product","link":"https:\/\/www.b-tech.pt\/index.php\/product\/president-armario\/","title":{"rendered":"President"},"content":{"rendered":"<p>Secret\u00e1ria President + arm\u00e1rio portas em lacado<br \/>\nTampo\u00a0em madeira<br \/>\nEstrutura met\u00e1lica com pain\u00e9is em madeira<\/p>\n<p>Dispon\u00edvel nas medidas:<br \/>\n2200x1000x750 + 2290x574x586<br \/>\n2400x1100x750 + 2290x574x586<\/p>\n","protected":false},"excerpt":{"rendered":"<p>Secret\u00e1ria President + arm\u00e1rio portas em lacado Tampo\u00a0em madeira Estrutura met\u00e1lica com pain\u00e9is em madeira Dispon\u00edvel nas medidas: 2200x1000x750 +<\/p>\n","protected":false},"featured_media":9242,"comment_status":"closed","ping_status":"closed","template":"","meta":[],"product_cat":[103,753,754],"product_tag":[530,534,537,506,531,532,533,535],"class_list":["post-4205","product","type-product","status-publish","has-post-thumbnail","hentry","product_cat-mobiliario","product_cat-mobiliario-de-escritorio-mobiliario","product_cat-mobiliario-direcao-mobiliario-de-escritorio-mobiliario","product_tag-escritorio","product_tag-mobiliario-escritorio","product_tag-president","product_tag-sala","product_tag-secretaria-direcao","product_tag-secretaria-diretiva","product_tag-secretaria-escritorio","product_tag-secretaria-president"],"yoast_head":"<!-- This site is optimized with the Yoast SEO plugin v20.1 - https:\/\/yoast.com\/wordpress\/plugins\/seo\/ -->\n<title>President - Officeplan Store<\/title>\n<meta name=\"robots\" content=\"index, follow, max-snippet:-1, max-image-preview:large, max-video-preview:-1\" \/>\n<link rel=\"canonical\" href=\"https:\/\/www.b-tech.pt\/index.php\/product\/president-armario\/\" \/>\n<meta property=\"og:locale\" content=\"en_US\" \/>\n<meta property=\"og:type\" content=\"article\" \/>\n<meta property=\"og:title\" content=\"President - Officeplan Store\" \/>\n<meta property=\"og:description\" content=\"Secret\u00e1ria President + arm\u00e1rio portas em lacado Tampo\u00a0em madeira Estrutura met\u00e1lica com pain\u00e9is em madeira Dispon\u00edvel nas medidas: 2200x1000x750 +\" \/>\n<meta property=\"og:url\" content=\"https:\/\/www.b-tech.pt\/index.php\/product\/president-armario\/\" \/>\n<meta property=\"og:site_name\" content=\"Officeplan Store\" \/>\n<meta property=\"article:modified_time\" content=\"2023-01-29T17:24:27+00:00\" \/>\n<meta name=\"twitter:card\" content=\"summary_large_image\" \/>\n<script type=\"application\/ld+json\" class=\"yoast-schema-graph\">{\"@context\":\"https:\/\/schema.org\",\"@graph\":[{\"@type\":\"WebPage\",\"@id\":\"https:\/\/www.b-tech.pt\/index.php\/product\/president-armario\/\",\"url\":\"https:\/\/www.b-tech.pt\/index.php\/product\/president-armario\/\",\"name\":\"President - Officeplan Store\",\"isPartOf\":{\"@id\":\"https:\/\/www.b-tech.pt\/#website\"},\"datePublished\":\"2016-08-25T15:11:16+00:00\",\"dateModified\":\"2023-01-29T17:24:27+00:00\",\"breadcrumb\":{\"@id\":\"https:\/\/www.b-tech.pt\/index.php\/product\/president-armario\/#breadcrumb\"},\"inLanguage\":\"en-US\",\"potentialAction\":[{\"@type\":\"ReadAction\",\"target\":[\"https:\/\/www.b-tech.pt\/index.php\/product\/president-armario\/\"]}]},{\"@type\":\"BreadcrumbList\",\"@id\":\"https:\/\/www.b-tech.pt\/index.php\/product\/president-armario\/#breadcrumb\",\"itemListElement\":[{\"@type\":\"ListItem\",\"position\":1,\"name\":\"Home\",\"item\":\"https:\/\/www.b-tech.pt\/\"},{\"@type\":\"ListItem\",\"position\":2,\"name\":\"Shop\",\"item\":\"https:\/\/www.b-tech.pt\/index.php\/shop\/\"},{\"@type\":\"ListItem\",\"position\":3,\"name\":\"President\"}]},{\"@type\":\"WebSite\",\"@id\":\"https:\/\/www.b-tech.pt\/#website\",\"url\":\"https:\/\/www.b-tech.pt\/\",\"name\":\"Officeplan Store\",\"description\":\"\",\"potentialAction\":[{\"@type\":\"SearchAction\",\"target\":{\"@type\":\"EntryPoint\",\"urlTemplate\":\"https:\/\/www.b-tech.pt\/?s={search_term_string}\"},\"query-input\":\"required name=search_term_string\"}],\"inLanguage\":\"en-US\"}]}<\/script>\n<!-- \/ Yoast SEO plugin. -->","yoast_head_json":{"title":"President - Officeplan Store","robots":{"index":"index","follow":"follow","max-snippet":"max-snippet:-1","max-image-preview":"max-image-preview:large","max-video-preview":"max-video-preview:-1"},"canonical":"https:\/\/www.b-tech.pt\/index.php\/product\/president-armario\/","og_locale":"en_US","og_type":"article","og_title":"President - Officeplan Store","og_description":"Secret\u00e1ria President + arm\u00e1rio portas em lacado Tampo\u00a0em madeira Estrutura met\u00e1lica com pain\u00e9is em madeira Dispon\u00edvel nas medidas: 2200x1000x750 +","og_url":"https:\/\/www.b-tech.pt\/index.php\/product\/president-armario\/","og_site_name":"Officeplan Store","article_modified_time":"2023-01-29T17:24:27+00:00","twitter_card":"summary_large_image","schema":{"@context":"https:\/\/schema.org","@graph":[{"@type":"WebPage","@id":"https:\/\/www.b-tech.pt\/index.php\/product\/president-armario\/","url":"https:\/\/www.b-tech.pt\/index.php\/product\/president-armario\/","name":"President - Officeplan Store","isPartOf":{"@id":"https:\/\/www.b-tech.pt\/#website"},"datePublished":"2016-08-25T15:11:16+00:00","dateModified":"2023-01-29T17:24:27+00:00","breadcrumb":{"@id":"https:\/\/www.b-tech.pt\/index.php\/product\/president-armario\/#breadcrumb"},"inLanguage":"en-US","potentialAction":[{"@type":"ReadAction","target":["https:\/\/www.b-tech.pt\/index.php\/product\/president-armario\/"]}]},{"@type":"BreadcrumbList","@id":"https:\/\/www.b-tech.pt\/index.php\/product\/president-armario\/#breadcrumb","itemListElement":[{"@type":"ListItem","position":1,"name":"Home","item":"https:\/\/www.b-tech.pt\/"},{"@type":"ListItem","position":2,"name":"Shop","item":"https:\/\/www.b-tech.pt\/index.php\/shop\/"},{"@type":"ListItem","position":3,"name":"President"}]},{"@type":"WebSite","@id":"https:\/\/www.b-tech.pt\/#website","url":"https:\/\/www.b-tech.pt\/","name":"Officeplan Store","description":"","potentialAction":[{"@type":"SearchAction","target":{"@type":"EntryPoint","urlTemplate":"https:\/\/www.b-tech.pt\/?s={search_term_string}"},"query-input":"required name=search_term_string"}],"inLanguage":"en-US"}]}},"_links":{"self":[{"href":"https:\/\/www.b-tech.pt\/index.php\/wp-json\/wp\/v2\/product\/4205","targetHints":{"allow":["GET"]}}],"collection":[{"href":"https:\/\/www.b-tech.pt\/index.php\/wp-json\/wp\/v2\/product"}],"about":[{"href":"https:\/\/www.b-tech.pt\/index.php\/wp-json\/wp\/v2\/types\/product"}],"replies":[{"embeddable":true,"href":"https:\/\/www.b-tech.pt\/index.php\/wp-json\/wp\/v2\/comments?post=4205"}],"version-history":[{"count":1,"href":"https:\/\/www.b-tech.pt\/index.php\/wp-json\/wp\/v2\/product\/4205\/revisions"}],"predecessor-version":[{"id":9241,"href":"https:\/\/www.b-tech.pt\/index.php\/wp-json\/wp\/v2\/product\/4205\/revisions\/9241"}],"wp:featuredmedia":[{"embeddable":true,"href":"https:\/\/www.b-tech.pt\/index.php\/wp-json\/wp\/v2\/media\/9242"}],"wp:attachment":[{"href":"https:\/\/www.b-tech.pt\/index.php\/wp-json\/wp\/v2\/media?parent=4205"}],"wp:term":[{"taxonomy":"product_cat","embeddable":true,"href":"https:\/\/www.b-tech.pt\/index.php\/wp-json\/wp\/v2\/product_cat?post=4205"},{"taxonomy":"product_tag","embeddable":true,"href":"https:\/\/www.b-tech.pt\/index.php\/wp-json\/wp\/v2\/product_tag?post=4205"}],"curies":[{"name":"wp","href":"https:\/\/api.w.org\/{rel}","templated":true}]}}