{"id":4233,"date":"2016-08-25T23:20:39","date_gmt":"2016-08-25T23:20:39","guid":{"rendered":"https:\/\/b-tech.pt\/?post_type=product&#038;p=4233"},"modified":"2023-01-29T17:24:34","modified_gmt":"2023-01-29T17:24:34","slug":"4233","status":"publish","type":"product","link":"https:\/\/www.b-tech.pt\/index.php\/product\/4233\/","title":{"rendered":"Busy"},"content":{"rendered":"<p>Mesa de reuni\u00e3o\u00a0redonda c\/ base redonda<\/p>\n<p>P\u00e9s met\u00e1licos<\/p>\n<p>Tampo em melamina<\/p>\n<p>Medidas dispon\u00edveis:<\/p>\n<p>\u00d8 900&#215;740<\/p>\n<p>\u00d81000&#215;740<\/p>\n<p>\u00d81100&#215;740<\/p>\n<p>\u00d81200&#215;740<\/p>\n","protected":false},"excerpt":{"rendered":"<p>Mesa de reuni\u00e3o\u00a0redonda c\/ base redonda P\u00e9s met\u00e1licos Tampo em melamina Medidas dispon\u00edveis: \u00d8 900&#215;740 \u00d81000&#215;740 \u00d81100&#215;740 \u00d81200&#215;740<\/p>\n","protected":false},"featured_media":9268,"comment_status":"closed","ping_status":"closed","template":"","meta":[],"product_cat":[755,103,753],"product_tag":[530,544,538,506,531,532],"class_list":["post-4233","product","type-product","status-publish","has-post-thumbnail","hentry","product_cat-mesa-reuniao-mobiliario-de-escritorio-mobiliario","product_cat-mobiliario","product_cat-mobiliario-de-escritorio-mobiliario","product_tag-escritorio","product_tag-mesa-de-reuniao","product_tag-reuniao","product_tag-sala","product_tag-secretaria-direcao","product_tag-secretaria-diretiva"],"yoast_head":"<!-- This site is optimized with the Yoast SEO plugin v20.1 - https:\/\/yoast.com\/wordpress\/plugins\/seo\/ -->\n<title>Busy - Officeplan Store<\/title>\n<meta name=\"robots\" content=\"index, follow, max-snippet:-1, max-image-preview:large, max-video-preview:-1\" \/>\n<link rel=\"canonical\" href=\"https:\/\/www.b-tech.pt\/index.php\/product\/4233\/\" \/>\n<meta property=\"og:locale\" content=\"en_US\" \/>\n<meta property=\"og:type\" content=\"article\" \/>\n<meta property=\"og:title\" content=\"Busy - Officeplan Store\" \/>\n<meta property=\"og:description\" content=\"Mesa de reuni\u00e3o\u00a0redonda c\/ base redonda P\u00e9s met\u00e1licos Tampo em melamina Medidas dispon\u00edveis: \u00d8 900&#215;740 \u00d81000&#215;740 \u00d81100&#215;740 \u00d81200&#215;740\" \/>\n<meta property=\"og:url\" content=\"https:\/\/www.b-tech.pt\/index.php\/product\/4233\/\" \/>\n<meta property=\"og:site_name\" content=\"Officeplan Store\" \/>\n<meta property=\"article:modified_time\" content=\"2023-01-29T17:24:34+00:00\" \/>\n<meta name=\"twitter:card\" content=\"summary_large_image\" \/>\n<script type=\"application\/ld+json\" class=\"yoast-schema-graph\">{\"@context\":\"https:\/\/schema.org\",\"@graph\":[{\"@type\":\"WebPage\",\"@id\":\"https:\/\/www.b-tech.pt\/index.php\/product\/4233\/\",\"url\":\"https:\/\/www.b-tech.pt\/index.php\/product\/4233\/\",\"name\":\"Busy - Officeplan Store\",\"isPartOf\":{\"@id\":\"https:\/\/www.b-tech.pt\/#website\"},\"datePublished\":\"2016-08-25T23:20:39+00:00\",\"dateModified\":\"2023-01-29T17:24:34+00:00\",\"breadcrumb\":{\"@id\":\"https:\/\/www.b-tech.pt\/index.php\/product\/4233\/#breadcrumb\"},\"inLanguage\":\"en-US\",\"potentialAction\":[{\"@type\":\"ReadAction\",\"target\":[\"https:\/\/www.b-tech.pt\/index.php\/product\/4233\/\"]}]},{\"@type\":\"BreadcrumbList\",\"@id\":\"https:\/\/www.b-tech.pt\/index.php\/product\/4233\/#breadcrumb\",\"itemListElement\":[{\"@type\":\"ListItem\",\"position\":1,\"name\":\"Home\",\"item\":\"https:\/\/www.b-tech.pt\/\"},{\"@type\":\"ListItem\",\"position\":2,\"name\":\"Shop\",\"item\":\"https:\/\/www.b-tech.pt\/index.php\/shop\/\"},{\"@type\":\"ListItem\",\"position\":3,\"name\":\"Busy\"}]},{\"@type\":\"WebSite\",\"@id\":\"https:\/\/www.b-tech.pt\/#website\",\"url\":\"https:\/\/www.b-tech.pt\/\",\"name\":\"Officeplan Store\",\"description\":\"\",\"potentialAction\":[{\"@type\":\"SearchAction\",\"target\":{\"@type\":\"EntryPoint\",\"urlTemplate\":\"https:\/\/www.b-tech.pt\/?s={search_term_string}\"},\"query-input\":\"required name=search_term_string\"}],\"inLanguage\":\"en-US\"}]}<\/script>\n<!-- \/ Yoast SEO plugin. -->","yoast_head_json":{"title":"Busy - Officeplan Store","robots":{"index":"index","follow":"follow","max-snippet":"max-snippet:-1","max-image-preview":"max-image-preview:large","max-video-preview":"max-video-preview:-1"},"canonical":"https:\/\/www.b-tech.pt\/index.php\/product\/4233\/","og_locale":"en_US","og_type":"article","og_title":"Busy - Officeplan Store","og_description":"Mesa de reuni\u00e3o\u00a0redonda c\/ base redonda P\u00e9s met\u00e1licos Tampo em melamina Medidas dispon\u00edveis: \u00d8 900&#215;740 \u00d81000&#215;740 \u00d81100&#215;740 \u00d81200&#215;740","og_url":"https:\/\/www.b-tech.pt\/index.php\/product\/4233\/","og_site_name":"Officeplan Store","article_modified_time":"2023-01-29T17:24:34+00:00","twitter_card":"summary_large_image","schema":{"@context":"https:\/\/schema.org","@graph":[{"@type":"WebPage","@id":"https:\/\/www.b-tech.pt\/index.php\/product\/4233\/","url":"https:\/\/www.b-tech.pt\/index.php\/product\/4233\/","name":"Busy - Officeplan Store","isPartOf":{"@id":"https:\/\/www.b-tech.pt\/#website"},"datePublished":"2016-08-25T23:20:39+00:00","dateModified":"2023-01-29T17:24:34+00:00","breadcrumb":{"@id":"https:\/\/www.b-tech.pt\/index.php\/product\/4233\/#breadcrumb"},"inLanguage":"en-US","potentialAction":[{"@type":"ReadAction","target":["https:\/\/www.b-tech.pt\/index.php\/product\/4233\/"]}]},{"@type":"BreadcrumbList","@id":"https:\/\/www.b-tech.pt\/index.php\/product\/4233\/#breadcrumb","itemListElement":[{"@type":"ListItem","position":1,"name":"Home","item":"https:\/\/www.b-tech.pt\/"},{"@type":"ListItem","position":2,"name":"Shop","item":"https:\/\/www.b-tech.pt\/index.php\/shop\/"},{"@type":"ListItem","position":3,"name":"Busy"}]},{"@type":"WebSite","@id":"https:\/\/www.b-tech.pt\/#website","url":"https:\/\/www.b-tech.pt\/","name":"Officeplan Store","description":"","potentialAction":[{"@type":"SearchAction","target":{"@type":"EntryPoint","urlTemplate":"https:\/\/www.b-tech.pt\/?s={search_term_string}"},"query-input":"required name=search_term_string"}],"inLanguage":"en-US"}]}},"_links":{"self":[{"href":"https:\/\/www.b-tech.pt\/index.php\/wp-json\/wp\/v2\/product\/4233","targetHints":{"allow":["GET"]}}],"collection":[{"href":"https:\/\/www.b-tech.pt\/index.php\/wp-json\/wp\/v2\/product"}],"about":[{"href":"https:\/\/www.b-tech.pt\/index.php\/wp-json\/wp\/v2\/types\/product"}],"replies":[{"embeddable":true,"href":"https:\/\/www.b-tech.pt\/index.php\/wp-json\/wp\/v2\/comments?post=4233"}],"version-history":[{"count":1,"href":"https:\/\/www.b-tech.pt\/index.php\/wp-json\/wp\/v2\/product\/4233\/revisions"}],"predecessor-version":[{"id":9267,"href":"https:\/\/www.b-tech.pt\/index.php\/wp-json\/wp\/v2\/product\/4233\/revisions\/9267"}],"wp:featuredmedia":[{"embeddable":true,"href":"https:\/\/www.b-tech.pt\/index.php\/wp-json\/wp\/v2\/media\/9268"}],"wp:attachment":[{"href":"https:\/\/www.b-tech.pt\/index.php\/wp-json\/wp\/v2\/media?parent=4233"}],"wp:term":[{"taxonomy":"product_cat","embeddable":true,"href":"https:\/\/www.b-tech.pt\/index.php\/wp-json\/wp\/v2\/product_cat?post=4233"},{"taxonomy":"product_tag","embeddable":true,"href":"https:\/\/www.b-tech.pt\/index.php\/wp-json\/wp\/v2\/product_tag?post=4233"}],"curies":[{"name":"wp","href":"https:\/\/api.w.org\/{rel}","templated":true}]}}