{"id":4272,"date":"2016-08-28T18:28:27","date_gmt":"2016-08-28T18:28:27","guid":{"rendered":"https:\/\/b-tech.pt\/?post_type=product&#038;p=4272"},"modified":"2023-01-29T17:24:38","modified_gmt":"2023-01-29T17:24:38","slug":"busy-6","status":"publish","type":"product","link":"https:\/\/www.b-tech.pt\/index.php\/product\/busy-6\/","title":{"rendered":"Busy"},"content":{"rendered":"<p>Mesa de reuni\u00e3o<\/p>\n<p>Com p\u00e9s de secret\u00e1ria<\/p>\n<p>P\u00e9s met\u00e1licos<\/p>\n<p>Tampo em melamina<\/p>\n<p>Medidas dispon\u00edveis:<\/p>\n<p>1900\u00d7900\u00d7740<\/p>\n<p>2400\u00d71100\u00d7740<\/p>\n","protected":false},"excerpt":{"rendered":"<p>Mesa de reuni\u00e3o Com p\u00e9s de secret\u00e1ria P\u00e9s met\u00e1licos Tampo em melamina Medidas dispon\u00edveis: 1900\u00d7900\u00d7740 2400\u00d71100\u00d7740<\/p>\n","protected":false},"featured_media":9300,"comment_status":"closed","ping_status":"closed","template":"","meta":[],"product_cat":[755,103,753],"product_tag":[553,530,544,529,539,538,506,556,531,532,533],"class_list":["post-4272","product","type-product","status-publish","has-post-thumbnail","hentry","product_cat-mesa-reuniao-mobiliario-de-escritorio-mobiliario","product_cat-mobiliario","product_cat-mobiliario-de-escritorio-mobiliario","product_tag-busy","product_tag-escritorio","product_tag-mesa-de-reuniao","product_tag-mobiliario","product_tag-mobiliario-de-escritorio","product_tag-reuniao","product_tag-sala","product_tag-secretaria-busy","product_tag-secretaria-direcao","product_tag-secretaria-diretiva","product_tag-secretaria-escritorio"],"yoast_head":"<!-- This site is optimized with the Yoast SEO plugin v20.1 - https:\/\/yoast.com\/wordpress\/plugins\/seo\/ -->\n<title>Busy - Officeplan Store<\/title>\n<meta name=\"robots\" content=\"index, follow, max-snippet:-1, max-image-preview:large, max-video-preview:-1\" \/>\n<link rel=\"canonical\" href=\"https:\/\/www.b-tech.pt\/index.php\/product\/busy-6\/\" \/>\n<meta property=\"og:locale\" content=\"en_US\" \/>\n<meta property=\"og:type\" content=\"article\" \/>\n<meta property=\"og:title\" content=\"Busy - Officeplan Store\" \/>\n<meta property=\"og:description\" content=\"Mesa de reuni\u00e3o Com p\u00e9s de secret\u00e1ria P\u00e9s met\u00e1licos Tampo em melamina Medidas dispon\u00edveis: 1900\u00d7900\u00d7740 2400\u00d71100\u00d7740\" \/>\n<meta property=\"og:url\" content=\"https:\/\/www.b-tech.pt\/index.php\/product\/busy-6\/\" \/>\n<meta property=\"og:site_name\" content=\"Officeplan Store\" \/>\n<meta property=\"article:modified_time\" content=\"2023-01-29T17:24:38+00:00\" \/>\n<meta name=\"twitter:card\" content=\"summary_large_image\" \/>\n<script type=\"application\/ld+json\" class=\"yoast-schema-graph\">{\"@context\":\"https:\/\/schema.org\",\"@graph\":[{\"@type\":\"WebPage\",\"@id\":\"https:\/\/www.b-tech.pt\/index.php\/product\/busy-6\/\",\"url\":\"https:\/\/www.b-tech.pt\/index.php\/product\/busy-6\/\",\"name\":\"Busy - Officeplan Store\",\"isPartOf\":{\"@id\":\"https:\/\/www.b-tech.pt\/#website\"},\"datePublished\":\"2016-08-28T18:28:27+00:00\",\"dateModified\":\"2023-01-29T17:24:38+00:00\",\"breadcrumb\":{\"@id\":\"https:\/\/www.b-tech.pt\/index.php\/product\/busy-6\/#breadcrumb\"},\"inLanguage\":\"en-US\",\"potentialAction\":[{\"@type\":\"ReadAction\",\"target\":[\"https:\/\/www.b-tech.pt\/index.php\/product\/busy-6\/\"]}]},{\"@type\":\"BreadcrumbList\",\"@id\":\"https:\/\/www.b-tech.pt\/index.php\/product\/busy-6\/#breadcrumb\",\"itemListElement\":[{\"@type\":\"ListItem\",\"position\":1,\"name\":\"Home\",\"item\":\"https:\/\/www.b-tech.pt\/\"},{\"@type\":\"ListItem\",\"position\":2,\"name\":\"Shop\",\"item\":\"https:\/\/www.b-tech.pt\/index.php\/shop\/\"},{\"@type\":\"ListItem\",\"position\":3,\"name\":\"Busy\"}]},{\"@type\":\"WebSite\",\"@id\":\"https:\/\/www.b-tech.pt\/#website\",\"url\":\"https:\/\/www.b-tech.pt\/\",\"name\":\"Officeplan Store\",\"description\":\"\",\"potentialAction\":[{\"@type\":\"SearchAction\",\"target\":{\"@type\":\"EntryPoint\",\"urlTemplate\":\"https:\/\/www.b-tech.pt\/?s={search_term_string}\"},\"query-input\":\"required name=search_term_string\"}],\"inLanguage\":\"en-US\"}]}<\/script>\n<!-- \/ Yoast SEO plugin. -->","yoast_head_json":{"title":"Busy - Officeplan Store","robots":{"index":"index","follow":"follow","max-snippet":"max-snippet:-1","max-image-preview":"max-image-preview:large","max-video-preview":"max-video-preview:-1"},"canonical":"https:\/\/www.b-tech.pt\/index.php\/product\/busy-6\/","og_locale":"en_US","og_type":"article","og_title":"Busy - Officeplan Store","og_description":"Mesa de reuni\u00e3o Com p\u00e9s de secret\u00e1ria P\u00e9s met\u00e1licos Tampo em melamina Medidas dispon\u00edveis: 1900\u00d7900\u00d7740 2400\u00d71100\u00d7740","og_url":"https:\/\/www.b-tech.pt\/index.php\/product\/busy-6\/","og_site_name":"Officeplan Store","article_modified_time":"2023-01-29T17:24:38+00:00","twitter_card":"summary_large_image","schema":{"@context":"https:\/\/schema.org","@graph":[{"@type":"WebPage","@id":"https:\/\/www.b-tech.pt\/index.php\/product\/busy-6\/","url":"https:\/\/www.b-tech.pt\/index.php\/product\/busy-6\/","name":"Busy - Officeplan Store","isPartOf":{"@id":"https:\/\/www.b-tech.pt\/#website"},"datePublished":"2016-08-28T18:28:27+00:00","dateModified":"2023-01-29T17:24:38+00:00","breadcrumb":{"@id":"https:\/\/www.b-tech.pt\/index.php\/product\/busy-6\/#breadcrumb"},"inLanguage":"en-US","potentialAction":[{"@type":"ReadAction","target":["https:\/\/www.b-tech.pt\/index.php\/product\/busy-6\/"]}]},{"@type":"BreadcrumbList","@id":"https:\/\/www.b-tech.pt\/index.php\/product\/busy-6\/#breadcrumb","itemListElement":[{"@type":"ListItem","position":1,"name":"Home","item":"https:\/\/www.b-tech.pt\/"},{"@type":"ListItem","position":2,"name":"Shop","item":"https:\/\/www.b-tech.pt\/index.php\/shop\/"},{"@type":"ListItem","position":3,"name":"Busy"}]},{"@type":"WebSite","@id":"https:\/\/www.b-tech.pt\/#website","url":"https:\/\/www.b-tech.pt\/","name":"Officeplan Store","description":"","potentialAction":[{"@type":"SearchAction","target":{"@type":"EntryPoint","urlTemplate":"https:\/\/www.b-tech.pt\/?s={search_term_string}"},"query-input":"required name=search_term_string"}],"inLanguage":"en-US"}]}},"_links":{"self":[{"href":"https:\/\/www.b-tech.pt\/index.php\/wp-json\/wp\/v2\/product\/4272","targetHints":{"allow":["GET"]}}],"collection":[{"href":"https:\/\/www.b-tech.pt\/index.php\/wp-json\/wp\/v2\/product"}],"about":[{"href":"https:\/\/www.b-tech.pt\/index.php\/wp-json\/wp\/v2\/types\/product"}],"replies":[{"embeddable":true,"href":"https:\/\/www.b-tech.pt\/index.php\/wp-json\/wp\/v2\/comments?post=4272"}],"version-history":[{"count":1,"href":"https:\/\/www.b-tech.pt\/index.php\/wp-json\/wp\/v2\/product\/4272\/revisions"}],"predecessor-version":[{"id":9299,"href":"https:\/\/www.b-tech.pt\/index.php\/wp-json\/wp\/v2\/product\/4272\/revisions\/9299"}],"wp:featuredmedia":[{"embeddable":true,"href":"https:\/\/www.b-tech.pt\/index.php\/wp-json\/wp\/v2\/media\/9300"}],"wp:attachment":[{"href":"https:\/\/www.b-tech.pt\/index.php\/wp-json\/wp\/v2\/media?parent=4272"}],"wp:term":[{"taxonomy":"product_cat","embeddable":true,"href":"https:\/\/www.b-tech.pt\/index.php\/wp-json\/wp\/v2\/product_cat?post=4272"},{"taxonomy":"product_tag","embeddable":true,"href":"https:\/\/www.b-tech.pt\/index.php\/wp-json\/wp\/v2\/product_tag?post=4272"}],"curies":[{"name":"wp","href":"https:\/\/api.w.org\/{rel}","templated":true}]}}