{"id":4296,"date":"2016-08-28T20:14:24","date_gmt":"2016-08-28T20:14:24","guid":{"rendered":"https:\/\/b-tech.pt\/?post_type=product&#038;p=4296"},"modified":"2023-01-29T17:24:43","modified_gmt":"2023-01-29T17:24:43","slug":"evolution-4","status":"publish","type":"product","link":"https:\/\/www.b-tech.pt\/index.php\/product\/evolution-4\/","title":{"rendered":"Evolution"},"content":{"rendered":"<p>Mesa reuni\u00e3o Evolution<\/p>\n<p>Estrutura met\u00e1lica<\/p>\n<p>Com tampos em melamina ou madeira<\/p>\n<p>Medidas dispon\u00edveis:<\/p>\n<p>1200x1200x740<\/p>\n<p>1600x1200x740<\/p>\n<p>2000x1200x740<\/p>\n<p>2400\u00d71200\u00d7740<\/p>\n<p>2745x1200x740<\/p>\n","protected":false},"excerpt":{"rendered":"<p>Mesa reuni\u00e3o Evolution Estrutura met\u00e1lica Com tampos em melamina ou madeira Medidas dispon\u00edveis: 1200x1200x740 1600x1200x740 2000x1200x740 2400\u00d71200\u00d7740 2745x1200x740<\/p>\n","protected":false},"featured_media":9323,"comment_status":"closed","ping_status":"closed","template":"","meta":[],"product_cat":[755,103,753],"product_tag":[545,544,529,539,538,506,531,532,546],"class_list":["post-4296","product","type-product","status-publish","has-post-thumbnail","hentry","product_cat-mesa-reuniao-mobiliario-de-escritorio-mobiliario","product_cat-mobiliario","product_cat-mobiliario-de-escritorio-mobiliario","product_tag-evolution","product_tag-mesa-de-reuniao","product_tag-mobiliario","product_tag-mobiliario-de-escritorio","product_tag-reuniao","product_tag-sala","product_tag-secretaria-direcao","product_tag-secretaria-diretiva","product_tag-secretaria-evolution"],"yoast_head":"<!-- This site is optimized with the Yoast SEO plugin v20.1 - https:\/\/yoast.com\/wordpress\/plugins\/seo\/ -->\n<title>Evolution - Officeplan Store<\/title>\n<meta name=\"robots\" content=\"index, follow, max-snippet:-1, max-image-preview:large, max-video-preview:-1\" \/>\n<link rel=\"canonical\" href=\"https:\/\/www.b-tech.pt\/index.php\/product\/evolution-4\/\" \/>\n<meta property=\"og:locale\" content=\"en_US\" \/>\n<meta property=\"og:type\" content=\"article\" \/>\n<meta property=\"og:title\" content=\"Evolution - Officeplan Store\" \/>\n<meta property=\"og:description\" content=\"Mesa reuni\u00e3o Evolution Estrutura met\u00e1lica Com tampos em melamina ou madeira Medidas dispon\u00edveis: 1200x1200x740 1600x1200x740 2000x1200x740 2400\u00d71200\u00d7740 2745x1200x740\" \/>\n<meta property=\"og:url\" content=\"https:\/\/www.b-tech.pt\/index.php\/product\/evolution-4\/\" \/>\n<meta property=\"og:site_name\" content=\"Officeplan Store\" \/>\n<meta property=\"article:modified_time\" content=\"2023-01-29T17:24:43+00:00\" \/>\n<meta name=\"twitter:card\" content=\"summary_large_image\" \/>\n<script type=\"application\/ld+json\" class=\"yoast-schema-graph\">{\"@context\":\"https:\/\/schema.org\",\"@graph\":[{\"@type\":\"WebPage\",\"@id\":\"https:\/\/www.b-tech.pt\/index.php\/product\/evolution-4\/\",\"url\":\"https:\/\/www.b-tech.pt\/index.php\/product\/evolution-4\/\",\"name\":\"Evolution - Officeplan Store\",\"isPartOf\":{\"@id\":\"https:\/\/www.b-tech.pt\/#website\"},\"datePublished\":\"2016-08-28T20:14:24+00:00\",\"dateModified\":\"2023-01-29T17:24:43+00:00\",\"breadcrumb\":{\"@id\":\"https:\/\/www.b-tech.pt\/index.php\/product\/evolution-4\/#breadcrumb\"},\"inLanguage\":\"en-US\",\"potentialAction\":[{\"@type\":\"ReadAction\",\"target\":[\"https:\/\/www.b-tech.pt\/index.php\/product\/evolution-4\/\"]}]},{\"@type\":\"BreadcrumbList\",\"@id\":\"https:\/\/www.b-tech.pt\/index.php\/product\/evolution-4\/#breadcrumb\",\"itemListElement\":[{\"@type\":\"ListItem\",\"position\":1,\"name\":\"Home\",\"item\":\"https:\/\/www.b-tech.pt\/\"},{\"@type\":\"ListItem\",\"position\":2,\"name\":\"Shop\",\"item\":\"https:\/\/www.b-tech.pt\/index.php\/shop\/\"},{\"@type\":\"ListItem\",\"position\":3,\"name\":\"Evolution\"}]},{\"@type\":\"WebSite\",\"@id\":\"https:\/\/www.b-tech.pt\/#website\",\"url\":\"https:\/\/www.b-tech.pt\/\",\"name\":\"Officeplan Store\",\"description\":\"\",\"potentialAction\":[{\"@type\":\"SearchAction\",\"target\":{\"@type\":\"EntryPoint\",\"urlTemplate\":\"https:\/\/www.b-tech.pt\/?s={search_term_string}\"},\"query-input\":\"required name=search_term_string\"}],\"inLanguage\":\"en-US\"}]}<\/script>\n<!-- \/ Yoast SEO plugin. -->","yoast_head_json":{"title":"Evolution - Officeplan Store","robots":{"index":"index","follow":"follow","max-snippet":"max-snippet:-1","max-image-preview":"max-image-preview:large","max-video-preview":"max-video-preview:-1"},"canonical":"https:\/\/www.b-tech.pt\/index.php\/product\/evolution-4\/","og_locale":"en_US","og_type":"article","og_title":"Evolution - Officeplan Store","og_description":"Mesa reuni\u00e3o Evolution Estrutura met\u00e1lica Com tampos em melamina ou madeira Medidas dispon\u00edveis: 1200x1200x740 1600x1200x740 2000x1200x740 2400\u00d71200\u00d7740 2745x1200x740","og_url":"https:\/\/www.b-tech.pt\/index.php\/product\/evolution-4\/","og_site_name":"Officeplan Store","article_modified_time":"2023-01-29T17:24:43+00:00","twitter_card":"summary_large_image","schema":{"@context":"https:\/\/schema.org","@graph":[{"@type":"WebPage","@id":"https:\/\/www.b-tech.pt\/index.php\/product\/evolution-4\/","url":"https:\/\/www.b-tech.pt\/index.php\/product\/evolution-4\/","name":"Evolution - Officeplan Store","isPartOf":{"@id":"https:\/\/www.b-tech.pt\/#website"},"datePublished":"2016-08-28T20:14:24+00:00","dateModified":"2023-01-29T17:24:43+00:00","breadcrumb":{"@id":"https:\/\/www.b-tech.pt\/index.php\/product\/evolution-4\/#breadcrumb"},"inLanguage":"en-US","potentialAction":[{"@type":"ReadAction","target":["https:\/\/www.b-tech.pt\/index.php\/product\/evolution-4\/"]}]},{"@type":"BreadcrumbList","@id":"https:\/\/www.b-tech.pt\/index.php\/product\/evolution-4\/#breadcrumb","itemListElement":[{"@type":"ListItem","position":1,"name":"Home","item":"https:\/\/www.b-tech.pt\/"},{"@type":"ListItem","position":2,"name":"Shop","item":"https:\/\/www.b-tech.pt\/index.php\/shop\/"},{"@type":"ListItem","position":3,"name":"Evolution"}]},{"@type":"WebSite","@id":"https:\/\/www.b-tech.pt\/#website","url":"https:\/\/www.b-tech.pt\/","name":"Officeplan Store","description":"","potentialAction":[{"@type":"SearchAction","target":{"@type":"EntryPoint","urlTemplate":"https:\/\/www.b-tech.pt\/?s={search_term_string}"},"query-input":"required name=search_term_string"}],"inLanguage":"en-US"}]}},"_links":{"self":[{"href":"https:\/\/www.b-tech.pt\/index.php\/wp-json\/wp\/v2\/product\/4296","targetHints":{"allow":["GET"]}}],"collection":[{"href":"https:\/\/www.b-tech.pt\/index.php\/wp-json\/wp\/v2\/product"}],"about":[{"href":"https:\/\/www.b-tech.pt\/index.php\/wp-json\/wp\/v2\/types\/product"}],"replies":[{"embeddable":true,"href":"https:\/\/www.b-tech.pt\/index.php\/wp-json\/wp\/v2\/comments?post=4296"}],"version-history":[{"count":1,"href":"https:\/\/www.b-tech.pt\/index.php\/wp-json\/wp\/v2\/product\/4296\/revisions"}],"predecessor-version":[{"id":9322,"href":"https:\/\/www.b-tech.pt\/index.php\/wp-json\/wp\/v2\/product\/4296\/revisions\/9322"}],"wp:featuredmedia":[{"embeddable":true,"href":"https:\/\/www.b-tech.pt\/index.php\/wp-json\/wp\/v2\/media\/9323"}],"wp:attachment":[{"href":"https:\/\/www.b-tech.pt\/index.php\/wp-json\/wp\/v2\/media?parent=4296"}],"wp:term":[{"taxonomy":"product_cat","embeddable":true,"href":"https:\/\/www.b-tech.pt\/index.php\/wp-json\/wp\/v2\/product_cat?post=4296"},{"taxonomy":"product_tag","embeddable":true,"href":"https:\/\/www.b-tech.pt\/index.php\/wp-json\/wp\/v2\/product_tag?post=4296"}],"curies":[{"name":"wp","href":"https:\/\/api.w.org\/{rel}","templated":true}]}}