{"id":4304,"date":"2016-08-28T20:38:38","date_gmt":"2016-08-28T20:38:38","guid":{"rendered":"https:\/\/b-tech.pt\/?post_type=product&#038;p=4304"},"modified":"2023-01-29T17:24:43","modified_gmt":"2023-01-29T17:24:43","slug":"evolution-ii-3","status":"publish","type":"product","link":"https:\/\/www.b-tech.pt\/index.php\/product\/evolution-ii-3\/","title":{"rendered":"Evolution II"},"content":{"rendered":"<p>Secret\u00e1ria Evolution II + Alonga<br \/>\nEstrutura met\u00e1lica<br \/>\nTampos em vidro<\/p>\n<p>Dispon\u00edveis nas medidas:<\/p>\n<p>800x800x740<\/p>\n<p>1200x800x740<\/p>\n<p>1400x800x740<\/p>\n<p>1600x800x740<\/p>\n<p>1800x800x740<\/p>\n<p>Alonga<\/p>\n<p>800x650x740<\/p>\n<p>1000x650x740<\/p>\n<p>1200x650x740<\/p>\n","protected":false},"excerpt":{"rendered":"<p>Secret\u00e1ria Evolution II + Alonga Estrutura met\u00e1lica Tampos em vidro Dispon\u00edveis nas medidas: 800x800x740 1200x800x740 1400x800x740 1600x800x740 1800x800x740 Alonga 800x650x740<\/p>\n","protected":false},"featured_media":9331,"comment_status":"closed","ping_status":"closed","template":"","meta":[],"product_cat":[103,753,756],"product_tag":[530,565,506,536,531,532,533,549],"class_list":["post-4304","product","type-product","status-publish","has-post-thumbnail","hentry","product_cat-mobiliario","product_cat-mobiliario-de-escritorio-mobiliario","product_cat-mobiliario-operativo-mobiliario-de-escritorio-mobiliario","product_tag-escritorio","product_tag-evolution-ii","product_tag-sala","product_tag-secretaria","product_tag-secretaria-direcao","product_tag-secretaria-diretiva","product_tag-secretaria-escritorio","product_tag-secretaria-evolution-ii"],"yoast_head":"<!-- This site is optimized with the Yoast SEO plugin v20.1 - https:\/\/yoast.com\/wordpress\/plugins\/seo\/ -->\n<title>Evolution II - Officeplan Store<\/title>\n<meta name=\"robots\" content=\"index, follow, max-snippet:-1, max-image-preview:large, max-video-preview:-1\" \/>\n<link rel=\"canonical\" href=\"https:\/\/www.b-tech.pt\/index.php\/product\/evolution-ii-3\/\" \/>\n<meta property=\"og:locale\" content=\"en_US\" \/>\n<meta property=\"og:type\" content=\"article\" \/>\n<meta property=\"og:title\" content=\"Evolution II - Officeplan Store\" \/>\n<meta property=\"og:description\" content=\"Secret\u00e1ria Evolution II + Alonga Estrutura met\u00e1lica Tampos em vidro Dispon\u00edveis nas medidas: 800x800x740 1200x800x740 1400x800x740 1600x800x740 1800x800x740 Alonga 800x650x740\" \/>\n<meta property=\"og:url\" content=\"https:\/\/www.b-tech.pt\/index.php\/product\/evolution-ii-3\/\" \/>\n<meta property=\"og:site_name\" content=\"Officeplan Store\" \/>\n<meta property=\"article:modified_time\" content=\"2023-01-29T17:24:43+00:00\" \/>\n<meta name=\"twitter:card\" content=\"summary_large_image\" \/>\n<script type=\"application\/ld+json\" class=\"yoast-schema-graph\">{\"@context\":\"https:\/\/schema.org\",\"@graph\":[{\"@type\":\"WebPage\",\"@id\":\"https:\/\/www.b-tech.pt\/index.php\/product\/evolution-ii-3\/\",\"url\":\"https:\/\/www.b-tech.pt\/index.php\/product\/evolution-ii-3\/\",\"name\":\"Evolution II - Officeplan Store\",\"isPartOf\":{\"@id\":\"https:\/\/www.b-tech.pt\/#website\"},\"datePublished\":\"2016-08-28T20:38:38+00:00\",\"dateModified\":\"2023-01-29T17:24:43+00:00\",\"breadcrumb\":{\"@id\":\"https:\/\/www.b-tech.pt\/index.php\/product\/evolution-ii-3\/#breadcrumb\"},\"inLanguage\":\"en-US\",\"potentialAction\":[{\"@type\":\"ReadAction\",\"target\":[\"https:\/\/www.b-tech.pt\/index.php\/product\/evolution-ii-3\/\"]}]},{\"@type\":\"BreadcrumbList\",\"@id\":\"https:\/\/www.b-tech.pt\/index.php\/product\/evolution-ii-3\/#breadcrumb\",\"itemListElement\":[{\"@type\":\"ListItem\",\"position\":1,\"name\":\"Home\",\"item\":\"https:\/\/www.b-tech.pt\/\"},{\"@type\":\"ListItem\",\"position\":2,\"name\":\"Shop\",\"item\":\"https:\/\/www.b-tech.pt\/index.php\/shop\/\"},{\"@type\":\"ListItem\",\"position\":3,\"name\":\"Evolution II\"}]},{\"@type\":\"WebSite\",\"@id\":\"https:\/\/www.b-tech.pt\/#website\",\"url\":\"https:\/\/www.b-tech.pt\/\",\"name\":\"Officeplan Store\",\"description\":\"\",\"potentialAction\":[{\"@type\":\"SearchAction\",\"target\":{\"@type\":\"EntryPoint\",\"urlTemplate\":\"https:\/\/www.b-tech.pt\/?s={search_term_string}\"},\"query-input\":\"required name=search_term_string\"}],\"inLanguage\":\"en-US\"}]}<\/script>\n<!-- \/ Yoast SEO plugin. -->","yoast_head_json":{"title":"Evolution II - Officeplan Store","robots":{"index":"index","follow":"follow","max-snippet":"max-snippet:-1","max-image-preview":"max-image-preview:large","max-video-preview":"max-video-preview:-1"},"canonical":"https:\/\/www.b-tech.pt\/index.php\/product\/evolution-ii-3\/","og_locale":"en_US","og_type":"article","og_title":"Evolution II - Officeplan Store","og_description":"Secret\u00e1ria Evolution II + Alonga Estrutura met\u00e1lica Tampos em vidro Dispon\u00edveis nas medidas: 800x800x740 1200x800x740 1400x800x740 1600x800x740 1800x800x740 Alonga 800x650x740","og_url":"https:\/\/www.b-tech.pt\/index.php\/product\/evolution-ii-3\/","og_site_name":"Officeplan Store","article_modified_time":"2023-01-29T17:24:43+00:00","twitter_card":"summary_large_image","schema":{"@context":"https:\/\/schema.org","@graph":[{"@type":"WebPage","@id":"https:\/\/www.b-tech.pt\/index.php\/product\/evolution-ii-3\/","url":"https:\/\/www.b-tech.pt\/index.php\/product\/evolution-ii-3\/","name":"Evolution II - Officeplan Store","isPartOf":{"@id":"https:\/\/www.b-tech.pt\/#website"},"datePublished":"2016-08-28T20:38:38+00:00","dateModified":"2023-01-29T17:24:43+00:00","breadcrumb":{"@id":"https:\/\/www.b-tech.pt\/index.php\/product\/evolution-ii-3\/#breadcrumb"},"inLanguage":"en-US","potentialAction":[{"@type":"ReadAction","target":["https:\/\/www.b-tech.pt\/index.php\/product\/evolution-ii-3\/"]}]},{"@type":"BreadcrumbList","@id":"https:\/\/www.b-tech.pt\/index.php\/product\/evolution-ii-3\/#breadcrumb","itemListElement":[{"@type":"ListItem","position":1,"name":"Home","item":"https:\/\/www.b-tech.pt\/"},{"@type":"ListItem","position":2,"name":"Shop","item":"https:\/\/www.b-tech.pt\/index.php\/shop\/"},{"@type":"ListItem","position":3,"name":"Evolution II"}]},{"@type":"WebSite","@id":"https:\/\/www.b-tech.pt\/#website","url":"https:\/\/www.b-tech.pt\/","name":"Officeplan Store","description":"","potentialAction":[{"@type":"SearchAction","target":{"@type":"EntryPoint","urlTemplate":"https:\/\/www.b-tech.pt\/?s={search_term_string}"},"query-input":"required name=search_term_string"}],"inLanguage":"en-US"}]}},"_links":{"self":[{"href":"https:\/\/www.b-tech.pt\/index.php\/wp-json\/wp\/v2\/product\/4304","targetHints":{"allow":["GET"]}}],"collection":[{"href":"https:\/\/www.b-tech.pt\/index.php\/wp-json\/wp\/v2\/product"}],"about":[{"href":"https:\/\/www.b-tech.pt\/index.php\/wp-json\/wp\/v2\/types\/product"}],"replies":[{"embeddable":true,"href":"https:\/\/www.b-tech.pt\/index.php\/wp-json\/wp\/v2\/comments?post=4304"}],"version-history":[{"count":1,"href":"https:\/\/www.b-tech.pt\/index.php\/wp-json\/wp\/v2\/product\/4304\/revisions"}],"predecessor-version":[{"id":9330,"href":"https:\/\/www.b-tech.pt\/index.php\/wp-json\/wp\/v2\/product\/4304\/revisions\/9330"}],"wp:featuredmedia":[{"embeddable":true,"href":"https:\/\/www.b-tech.pt\/index.php\/wp-json\/wp\/v2\/media\/9331"}],"wp:attachment":[{"href":"https:\/\/www.b-tech.pt\/index.php\/wp-json\/wp\/v2\/media?parent=4304"}],"wp:term":[{"taxonomy":"product_cat","embeddable":true,"href":"https:\/\/www.b-tech.pt\/index.php\/wp-json\/wp\/v2\/product_cat?post=4304"},{"taxonomy":"product_tag","embeddable":true,"href":"https:\/\/www.b-tech.pt\/index.php\/wp-json\/wp\/v2\/product_tag?post=4304"}],"curies":[{"name":"wp","href":"https:\/\/api.w.org\/{rel}","templated":true}]}}