{"id":4316,"date":"2016-08-28T21:03:14","date_gmt":"2016-08-28T21:03:14","guid":{"rendered":"https:\/\/b-tech.pt\/?post_type=product&#038;p=4316"},"modified":"2023-01-29T17:24:47","modified_gmt":"2023-01-29T17:24:47","slug":"doris-2","status":"publish","type":"product","link":"https:\/\/www.b-tech.pt\/index.php\/product\/doris-2\/","title":{"rendered":"D\u00f3ris"},"content":{"rendered":"<p>Secret\u00e1ria Integrada D\u00f3ris<\/p>\n<p>Estrutura met\u00e1lica<\/p>\n<p>Com tampos em\u00a0melamina<\/p>\n<p>Medidas dispon\u00edveis:<\/p>\n<p>2250x1700x740 Dir ou Esq.<\/p>\n","protected":false},"excerpt":{"rendered":"<p>Secret\u00e1ria Integrada D\u00f3ris Estrutura met\u00e1lica Com tampos em\u00a0melamina Medidas dispon\u00edveis: 2250x1700x740 Dir ou Esq.<\/p>\n","protected":false},"featured_media":9342,"comment_status":"closed","ping_status":"closed","template":"","meta":[],"product_cat":[103,753,756],"product_tag":[566,530,529,539,506,536,531,532,567],"class_list":["post-4316","product","type-product","status-publish","has-post-thumbnail","hentry","product_cat-mobiliario","product_cat-mobiliario-de-escritorio-mobiliario","product_cat-mobiliario-operativo-mobiliario-de-escritorio-mobiliario","product_tag-doris","product_tag-escritorio","product_tag-mobiliario","product_tag-mobiliario-de-escritorio","product_tag-sala","product_tag-secretaria","product_tag-secretaria-direcao","product_tag-secretaria-diretiva","product_tag-secretaria-doris"],"yoast_head":"<!-- This site is optimized with the Yoast SEO plugin v20.1 - https:\/\/yoast.com\/wordpress\/plugins\/seo\/ -->\n<title>D\u00f3ris - Officeplan Store<\/title>\n<meta name=\"robots\" content=\"index, follow, max-snippet:-1, max-image-preview:large, max-video-preview:-1\" \/>\n<link rel=\"canonical\" href=\"https:\/\/www.b-tech.pt\/index.php\/product\/doris-2\/\" \/>\n<meta property=\"og:locale\" content=\"en_US\" \/>\n<meta property=\"og:type\" content=\"article\" \/>\n<meta property=\"og:title\" content=\"D\u00f3ris - Officeplan Store\" \/>\n<meta property=\"og:description\" content=\"Secret\u00e1ria Integrada D\u00f3ris Estrutura met\u00e1lica Com tampos em\u00a0melamina Medidas dispon\u00edveis: 2250x1700x740 Dir ou Esq.\" \/>\n<meta property=\"og:url\" content=\"https:\/\/www.b-tech.pt\/index.php\/product\/doris-2\/\" \/>\n<meta property=\"og:site_name\" content=\"Officeplan Store\" \/>\n<meta property=\"article:modified_time\" content=\"2023-01-29T17:24:47+00:00\" \/>\n<meta name=\"twitter:card\" content=\"summary_large_image\" \/>\n<script type=\"application\/ld+json\" class=\"yoast-schema-graph\">{\"@context\":\"https:\/\/schema.org\",\"@graph\":[{\"@type\":\"WebPage\",\"@id\":\"https:\/\/www.b-tech.pt\/index.php\/product\/doris-2\/\",\"url\":\"https:\/\/www.b-tech.pt\/index.php\/product\/doris-2\/\",\"name\":\"D\u00f3ris - Officeplan Store\",\"isPartOf\":{\"@id\":\"https:\/\/www.b-tech.pt\/#website\"},\"datePublished\":\"2016-08-28T21:03:14+00:00\",\"dateModified\":\"2023-01-29T17:24:47+00:00\",\"breadcrumb\":{\"@id\":\"https:\/\/www.b-tech.pt\/index.php\/product\/doris-2\/#breadcrumb\"},\"inLanguage\":\"en-US\",\"potentialAction\":[{\"@type\":\"ReadAction\",\"target\":[\"https:\/\/www.b-tech.pt\/index.php\/product\/doris-2\/\"]}]},{\"@type\":\"BreadcrumbList\",\"@id\":\"https:\/\/www.b-tech.pt\/index.php\/product\/doris-2\/#breadcrumb\",\"itemListElement\":[{\"@type\":\"ListItem\",\"position\":1,\"name\":\"Home\",\"item\":\"https:\/\/www.b-tech.pt\/\"},{\"@type\":\"ListItem\",\"position\":2,\"name\":\"Shop\",\"item\":\"https:\/\/www.b-tech.pt\/index.php\/shop\/\"},{\"@type\":\"ListItem\",\"position\":3,\"name\":\"D\u00f3ris\"}]},{\"@type\":\"WebSite\",\"@id\":\"https:\/\/www.b-tech.pt\/#website\",\"url\":\"https:\/\/www.b-tech.pt\/\",\"name\":\"Officeplan Store\",\"description\":\"\",\"potentialAction\":[{\"@type\":\"SearchAction\",\"target\":{\"@type\":\"EntryPoint\",\"urlTemplate\":\"https:\/\/www.b-tech.pt\/?s={search_term_string}\"},\"query-input\":\"required name=search_term_string\"}],\"inLanguage\":\"en-US\"}]}<\/script>\n<!-- \/ Yoast SEO plugin. -->","yoast_head_json":{"title":"D\u00f3ris - Officeplan Store","robots":{"index":"index","follow":"follow","max-snippet":"max-snippet:-1","max-image-preview":"max-image-preview:large","max-video-preview":"max-video-preview:-1"},"canonical":"https:\/\/www.b-tech.pt\/index.php\/product\/doris-2\/","og_locale":"en_US","og_type":"article","og_title":"D\u00f3ris - Officeplan Store","og_description":"Secret\u00e1ria Integrada D\u00f3ris Estrutura met\u00e1lica Com tampos em\u00a0melamina Medidas dispon\u00edveis: 2250x1700x740 Dir ou Esq.","og_url":"https:\/\/www.b-tech.pt\/index.php\/product\/doris-2\/","og_site_name":"Officeplan Store","article_modified_time":"2023-01-29T17:24:47+00:00","twitter_card":"summary_large_image","schema":{"@context":"https:\/\/schema.org","@graph":[{"@type":"WebPage","@id":"https:\/\/www.b-tech.pt\/index.php\/product\/doris-2\/","url":"https:\/\/www.b-tech.pt\/index.php\/product\/doris-2\/","name":"D\u00f3ris - Officeplan Store","isPartOf":{"@id":"https:\/\/www.b-tech.pt\/#website"},"datePublished":"2016-08-28T21:03:14+00:00","dateModified":"2023-01-29T17:24:47+00:00","breadcrumb":{"@id":"https:\/\/www.b-tech.pt\/index.php\/product\/doris-2\/#breadcrumb"},"inLanguage":"en-US","potentialAction":[{"@type":"ReadAction","target":["https:\/\/www.b-tech.pt\/index.php\/product\/doris-2\/"]}]},{"@type":"BreadcrumbList","@id":"https:\/\/www.b-tech.pt\/index.php\/product\/doris-2\/#breadcrumb","itemListElement":[{"@type":"ListItem","position":1,"name":"Home","item":"https:\/\/www.b-tech.pt\/"},{"@type":"ListItem","position":2,"name":"Shop","item":"https:\/\/www.b-tech.pt\/index.php\/shop\/"},{"@type":"ListItem","position":3,"name":"D\u00f3ris"}]},{"@type":"WebSite","@id":"https:\/\/www.b-tech.pt\/#website","url":"https:\/\/www.b-tech.pt\/","name":"Officeplan Store","description":"","potentialAction":[{"@type":"SearchAction","target":{"@type":"EntryPoint","urlTemplate":"https:\/\/www.b-tech.pt\/?s={search_term_string}"},"query-input":"required name=search_term_string"}],"inLanguage":"en-US"}]}},"_links":{"self":[{"href":"https:\/\/www.b-tech.pt\/index.php\/wp-json\/wp\/v2\/product\/4316","targetHints":{"allow":["GET"]}}],"collection":[{"href":"https:\/\/www.b-tech.pt\/index.php\/wp-json\/wp\/v2\/product"}],"about":[{"href":"https:\/\/www.b-tech.pt\/index.php\/wp-json\/wp\/v2\/types\/product"}],"replies":[{"embeddable":true,"href":"https:\/\/www.b-tech.pt\/index.php\/wp-json\/wp\/v2\/comments?post=4316"}],"version-history":[{"count":1,"href":"https:\/\/www.b-tech.pt\/index.php\/wp-json\/wp\/v2\/product\/4316\/revisions"}],"predecessor-version":[{"id":9341,"href":"https:\/\/www.b-tech.pt\/index.php\/wp-json\/wp\/v2\/product\/4316\/revisions\/9341"}],"wp:featuredmedia":[{"embeddable":true,"href":"https:\/\/www.b-tech.pt\/index.php\/wp-json\/wp\/v2\/media\/9342"}],"wp:attachment":[{"href":"https:\/\/www.b-tech.pt\/index.php\/wp-json\/wp\/v2\/media?parent=4316"}],"wp:term":[{"taxonomy":"product_cat","embeddable":true,"href":"https:\/\/www.b-tech.pt\/index.php\/wp-json\/wp\/v2\/product_cat?post=4316"},{"taxonomy":"product_tag","embeddable":true,"href":"https:\/\/www.b-tech.pt\/index.php\/wp-json\/wp\/v2\/product_tag?post=4316"}],"curies":[{"name":"wp","href":"https:\/\/api.w.org\/{rel}","templated":true}]}}