{"id":4428,"date":"2016-08-30T22:54:13","date_gmt":"2016-08-30T22:54:13","guid":{"rendered":"https:\/\/b-tech.pt\/?post_type=product&#038;p=4428"},"modified":"2023-01-29T17:25:18","modified_gmt":"2023-01-29T17:25:18","slug":"estante-metalica-2","status":"publish","type":"product","link":"https:\/\/www.b-tech.pt\/index.php\/product\/estante-metalica-2\/","title":{"rendered":"Estante Met\u00e1lica"},"content":{"rendered":"<p>Estante met\u00e1lica de carga M\u00e9dia para\u00a0armaz\u00e9m<\/p>\n<p>Medidas dispon\u00edveis:<br \/>\nAlt. 1000 \/ 1500 \/ 2000 \/ 2500 \/ 3000 \/ 3500 \/ 4000<br \/>\nLarg &#8211; 900 \/ 1100 \/ 1500 \/ 1800 \/ 2200 \/ 2700<br \/>\nProf. 500 \/ 600 \/ 700 \/ 800 \/ 900 \/ 1000 \/ 1100 \/ 1200<\/p>\n","protected":false},"excerpt":{"rendered":"<p>Estante met\u00e1lica de carga M\u00e9dia para\u00a0armaz\u00e9m Medidas dispon\u00edveis: Alt. 1000 \/ 1500 \/ 2000 \/ 2500 \/ 3000 \/ 3500<\/p>\n","protected":false},"featured_media":9441,"comment_status":"closed","ping_status":"closed","template":"","meta":[],"product_cat":[760,758],"product_tag":[575,582,619,620,530,569,615,591,571,574,618,617,568],"class_list":["post-4428","product","type-product","status-publish","has-post-thumbnail","hentry","product_cat-estantes-carga-media-estantes-metalicas-mobiliario","product_cat-estantes-metalicas-mobiliario","product_tag-armazem","product_tag-arrumos","product_tag-caixas","product_tag-empilhador","product_tag-escritorio","product_tag-estantes","product_tag-estantes-metalicas","product_tag-hiper","product_tag-hipermercado","product_tag-lojas","product_tag-paletes","product_tag-pastas-de-escritorio","product_tag-supermercado"],"yoast_head":"<!-- This site is optimized with the Yoast SEO plugin v20.1 - https:\/\/yoast.com\/wordpress\/plugins\/seo\/ -->\n<title>Estante Met\u00e1lica - Officeplan Store<\/title>\n<meta name=\"robots\" content=\"index, follow, max-snippet:-1, max-image-preview:large, max-video-preview:-1\" \/>\n<link rel=\"canonical\" href=\"https:\/\/www.b-tech.pt\/index.php\/product\/estante-metalica-2\/\" \/>\n<meta property=\"og:locale\" content=\"en_US\" \/>\n<meta property=\"og:type\" content=\"article\" \/>\n<meta property=\"og:title\" content=\"Estante Met\u00e1lica - Officeplan Store\" \/>\n<meta property=\"og:description\" content=\"Estante met\u00e1lica de carga M\u00e9dia para\u00a0armaz\u00e9m Medidas dispon\u00edveis: Alt. 1000 \/ 1500 \/ 2000 \/ 2500 \/ 3000 \/ 3500\" \/>\n<meta property=\"og:url\" content=\"https:\/\/www.b-tech.pt\/index.php\/product\/estante-metalica-2\/\" \/>\n<meta property=\"og:site_name\" content=\"Officeplan Store\" \/>\n<meta property=\"article:modified_time\" content=\"2023-01-29T17:25:18+00:00\" \/>\n<meta name=\"twitter:card\" content=\"summary_large_image\" \/>\n<script type=\"application\/ld+json\" class=\"yoast-schema-graph\">{\"@context\":\"https:\/\/schema.org\",\"@graph\":[{\"@type\":\"WebPage\",\"@id\":\"https:\/\/www.b-tech.pt\/index.php\/product\/estante-metalica-2\/\",\"url\":\"https:\/\/www.b-tech.pt\/index.php\/product\/estante-metalica-2\/\",\"name\":\"Estante Met\u00e1lica - Officeplan Store\",\"isPartOf\":{\"@id\":\"https:\/\/www.b-tech.pt\/#website\"},\"datePublished\":\"2016-08-30T22:54:13+00:00\",\"dateModified\":\"2023-01-29T17:25:18+00:00\",\"breadcrumb\":{\"@id\":\"https:\/\/www.b-tech.pt\/index.php\/product\/estante-metalica-2\/#breadcrumb\"},\"inLanguage\":\"en-US\",\"potentialAction\":[{\"@type\":\"ReadAction\",\"target\":[\"https:\/\/www.b-tech.pt\/index.php\/product\/estante-metalica-2\/\"]}]},{\"@type\":\"BreadcrumbList\",\"@id\":\"https:\/\/www.b-tech.pt\/index.php\/product\/estante-metalica-2\/#breadcrumb\",\"itemListElement\":[{\"@type\":\"ListItem\",\"position\":1,\"name\":\"Home\",\"item\":\"https:\/\/www.b-tech.pt\/\"},{\"@type\":\"ListItem\",\"position\":2,\"name\":\"Shop\",\"item\":\"https:\/\/www.b-tech.pt\/index.php\/shop\/\"},{\"@type\":\"ListItem\",\"position\":3,\"name\":\"Estante Met\u00e1lica\"}]},{\"@type\":\"WebSite\",\"@id\":\"https:\/\/www.b-tech.pt\/#website\",\"url\":\"https:\/\/www.b-tech.pt\/\",\"name\":\"Officeplan Store\",\"description\":\"\",\"potentialAction\":[{\"@type\":\"SearchAction\",\"target\":{\"@type\":\"EntryPoint\",\"urlTemplate\":\"https:\/\/www.b-tech.pt\/?s={search_term_string}\"},\"query-input\":\"required name=search_term_string\"}],\"inLanguage\":\"en-US\"}]}<\/script>\n<!-- \/ Yoast SEO plugin. -->","yoast_head_json":{"title":"Estante Met\u00e1lica - Officeplan Store","robots":{"index":"index","follow":"follow","max-snippet":"max-snippet:-1","max-image-preview":"max-image-preview:large","max-video-preview":"max-video-preview:-1"},"canonical":"https:\/\/www.b-tech.pt\/index.php\/product\/estante-metalica-2\/","og_locale":"en_US","og_type":"article","og_title":"Estante Met\u00e1lica - Officeplan Store","og_description":"Estante met\u00e1lica de carga M\u00e9dia para\u00a0armaz\u00e9m Medidas dispon\u00edveis: Alt. 1000 \/ 1500 \/ 2000 \/ 2500 \/ 3000 \/ 3500","og_url":"https:\/\/www.b-tech.pt\/index.php\/product\/estante-metalica-2\/","og_site_name":"Officeplan Store","article_modified_time":"2023-01-29T17:25:18+00:00","twitter_card":"summary_large_image","schema":{"@context":"https:\/\/schema.org","@graph":[{"@type":"WebPage","@id":"https:\/\/www.b-tech.pt\/index.php\/product\/estante-metalica-2\/","url":"https:\/\/www.b-tech.pt\/index.php\/product\/estante-metalica-2\/","name":"Estante Met\u00e1lica - Officeplan Store","isPartOf":{"@id":"https:\/\/www.b-tech.pt\/#website"},"datePublished":"2016-08-30T22:54:13+00:00","dateModified":"2023-01-29T17:25:18+00:00","breadcrumb":{"@id":"https:\/\/www.b-tech.pt\/index.php\/product\/estante-metalica-2\/#breadcrumb"},"inLanguage":"en-US","potentialAction":[{"@type":"ReadAction","target":["https:\/\/www.b-tech.pt\/index.php\/product\/estante-metalica-2\/"]}]},{"@type":"BreadcrumbList","@id":"https:\/\/www.b-tech.pt\/index.php\/product\/estante-metalica-2\/#breadcrumb","itemListElement":[{"@type":"ListItem","position":1,"name":"Home","item":"https:\/\/www.b-tech.pt\/"},{"@type":"ListItem","position":2,"name":"Shop","item":"https:\/\/www.b-tech.pt\/index.php\/shop\/"},{"@type":"ListItem","position":3,"name":"Estante Met\u00e1lica"}]},{"@type":"WebSite","@id":"https:\/\/www.b-tech.pt\/#website","url":"https:\/\/www.b-tech.pt\/","name":"Officeplan Store","description":"","potentialAction":[{"@type":"SearchAction","target":{"@type":"EntryPoint","urlTemplate":"https:\/\/www.b-tech.pt\/?s={search_term_string}"},"query-input":"required name=search_term_string"}],"inLanguage":"en-US"}]}},"_links":{"self":[{"href":"https:\/\/www.b-tech.pt\/index.php\/wp-json\/wp\/v2\/product\/4428","targetHints":{"allow":["GET"]}}],"collection":[{"href":"https:\/\/www.b-tech.pt\/index.php\/wp-json\/wp\/v2\/product"}],"about":[{"href":"https:\/\/www.b-tech.pt\/index.php\/wp-json\/wp\/v2\/types\/product"}],"replies":[{"embeddable":true,"href":"https:\/\/www.b-tech.pt\/index.php\/wp-json\/wp\/v2\/comments?post=4428"}],"version-history":[{"count":1,"href":"https:\/\/www.b-tech.pt\/index.php\/wp-json\/wp\/v2\/product\/4428\/revisions"}],"predecessor-version":[{"id":9440,"href":"https:\/\/www.b-tech.pt\/index.php\/wp-json\/wp\/v2\/product\/4428\/revisions\/9440"}],"wp:featuredmedia":[{"embeddable":true,"href":"https:\/\/www.b-tech.pt\/index.php\/wp-json\/wp\/v2\/media\/9441"}],"wp:attachment":[{"href":"https:\/\/www.b-tech.pt\/index.php\/wp-json\/wp\/v2\/media?parent=4428"}],"wp:term":[{"taxonomy":"product_cat","embeddable":true,"href":"https:\/\/www.b-tech.pt\/index.php\/wp-json\/wp\/v2\/product_cat?post=4428"},{"taxonomy":"product_tag","embeddable":true,"href":"https:\/\/www.b-tech.pt\/index.php\/wp-json\/wp\/v2\/product_tag?post=4428"}],"curies":[{"name":"wp","href":"https:\/\/api.w.org\/{rel}","templated":true}]}}