{"id":4491,"date":"2016-09-02T00:31:37","date_gmt":"2016-09-02T00:31:37","guid":{"rendered":"https:\/\/b-tech.pt\/?post_type=product&#038;p=4491"},"modified":"2023-01-29T17:25:22","modified_gmt":"2023-01-29T17:25:22","slug":"12-cacifos","status":"publish","type":"product","link":"https:\/\/www.b-tech.pt\/index.php\/product\/12-cacifos\/","title":{"rendered":"12 Cacifos"},"content":{"rendered":"<p>Vesti\u00e1rio 12 Cacifos<\/p>\n<p>Estrutura met\u00e1lica em chapa de a\u00e7o com 8mm e pintura a epoxy<\/p>\n<p>Dispon\u00edveis nas medidas:<\/p>\n<p>1900x900x500 cinza<\/p>\n<p>CARACTER\u00cdSTICAS<br \/>\nPortas Refor\u00e7adas<br \/>\nDobradi\u00e7as Ocultas<br \/>\nVentila\u00e7\u00e3o Frontal<br \/>\nCada Fechadura com duas chaves<br \/>\nDispon\u00edvel em\u00a0outras cores<\/p>\n","protected":false},"excerpt":{"rendered":"<p>Vesti\u00e1rio 12 Cacifos Estrutura met\u00e1lica em chapa de a\u00e7o com 8mm e pintura a epoxy Dispon\u00edveis nas medidas: 1900x900x500 cinza<\/p>\n","protected":false},"featured_media":9462,"comment_status":"closed","ping_status":"closed","template":"","meta":[],"product_cat":[103,753,763],"product_tag":[573,638,621,640,527,636,634],"class_list":["post-4491","product","type-product","status-publish","has-post-thumbnail","hentry","product_cat-mobiliario","product_cat-mobiliario-de-escritorio-mobiliario","product_cat-vestiarios-vestiarios-mobiliario-de-escritorio-mobiliario","product_tag-arrumacao","product_tag-empregados","product_tag-fabrica","product_tag-ginasio","product_tag-roupa","product_tag-roupeiros","product_tag-vestiarios"],"yoast_head":"<!-- This site is optimized with the Yoast SEO plugin v20.1 - https:\/\/yoast.com\/wordpress\/plugins\/seo\/ -->\n<title>12 Cacifos - Officeplan Store<\/title>\n<meta name=\"robots\" content=\"index, follow, max-snippet:-1, max-image-preview:large, max-video-preview:-1\" \/>\n<link rel=\"canonical\" href=\"https:\/\/www.b-tech.pt\/index.php\/product\/12-cacifos\/\" \/>\n<meta property=\"og:locale\" content=\"en_US\" \/>\n<meta property=\"og:type\" content=\"article\" \/>\n<meta property=\"og:title\" content=\"12 Cacifos - Officeplan Store\" \/>\n<meta property=\"og:description\" content=\"Vesti\u00e1rio 12 Cacifos Estrutura met\u00e1lica em chapa de a\u00e7o com 8mm e pintura a epoxy Dispon\u00edveis nas medidas: 1900x900x500 cinza\" \/>\n<meta property=\"og:url\" content=\"https:\/\/www.b-tech.pt\/index.php\/product\/12-cacifos\/\" \/>\n<meta property=\"og:site_name\" content=\"Officeplan Store\" \/>\n<meta property=\"article:modified_time\" content=\"2023-01-29T17:25:22+00:00\" \/>\n<meta name=\"twitter:card\" content=\"summary_large_image\" \/>\n<script type=\"application\/ld+json\" class=\"yoast-schema-graph\">{\"@context\":\"https:\/\/schema.org\",\"@graph\":[{\"@type\":\"WebPage\",\"@id\":\"https:\/\/www.b-tech.pt\/index.php\/product\/12-cacifos\/\",\"url\":\"https:\/\/www.b-tech.pt\/index.php\/product\/12-cacifos\/\",\"name\":\"12 Cacifos - Officeplan Store\",\"isPartOf\":{\"@id\":\"https:\/\/www.b-tech.pt\/#website\"},\"datePublished\":\"2016-09-02T00:31:37+00:00\",\"dateModified\":\"2023-01-29T17:25:22+00:00\",\"breadcrumb\":{\"@id\":\"https:\/\/www.b-tech.pt\/index.php\/product\/12-cacifos\/#breadcrumb\"},\"inLanguage\":\"en-US\",\"potentialAction\":[{\"@type\":\"ReadAction\",\"target\":[\"https:\/\/www.b-tech.pt\/index.php\/product\/12-cacifos\/\"]}]},{\"@type\":\"BreadcrumbList\",\"@id\":\"https:\/\/www.b-tech.pt\/index.php\/product\/12-cacifos\/#breadcrumb\",\"itemListElement\":[{\"@type\":\"ListItem\",\"position\":1,\"name\":\"Home\",\"item\":\"https:\/\/www.b-tech.pt\/\"},{\"@type\":\"ListItem\",\"position\":2,\"name\":\"Shop\",\"item\":\"https:\/\/www.b-tech.pt\/index.php\/shop\/\"},{\"@type\":\"ListItem\",\"position\":3,\"name\":\"12 Cacifos\"}]},{\"@type\":\"WebSite\",\"@id\":\"https:\/\/www.b-tech.pt\/#website\",\"url\":\"https:\/\/www.b-tech.pt\/\",\"name\":\"Officeplan Store\",\"description\":\"\",\"potentialAction\":[{\"@type\":\"SearchAction\",\"target\":{\"@type\":\"EntryPoint\",\"urlTemplate\":\"https:\/\/www.b-tech.pt\/?s={search_term_string}\"},\"query-input\":\"required name=search_term_string\"}],\"inLanguage\":\"en-US\"}]}<\/script>\n<!-- \/ Yoast SEO plugin. -->","yoast_head_json":{"title":"12 Cacifos - Officeplan Store","robots":{"index":"index","follow":"follow","max-snippet":"max-snippet:-1","max-image-preview":"max-image-preview:large","max-video-preview":"max-video-preview:-1"},"canonical":"https:\/\/www.b-tech.pt\/index.php\/product\/12-cacifos\/","og_locale":"en_US","og_type":"article","og_title":"12 Cacifos - Officeplan Store","og_description":"Vesti\u00e1rio 12 Cacifos Estrutura met\u00e1lica em chapa de a\u00e7o com 8mm e pintura a epoxy Dispon\u00edveis nas medidas: 1900x900x500 cinza","og_url":"https:\/\/www.b-tech.pt\/index.php\/product\/12-cacifos\/","og_site_name":"Officeplan Store","article_modified_time":"2023-01-29T17:25:22+00:00","twitter_card":"summary_large_image","schema":{"@context":"https:\/\/schema.org","@graph":[{"@type":"WebPage","@id":"https:\/\/www.b-tech.pt\/index.php\/product\/12-cacifos\/","url":"https:\/\/www.b-tech.pt\/index.php\/product\/12-cacifos\/","name":"12 Cacifos - Officeplan Store","isPartOf":{"@id":"https:\/\/www.b-tech.pt\/#website"},"datePublished":"2016-09-02T00:31:37+00:00","dateModified":"2023-01-29T17:25:22+00:00","breadcrumb":{"@id":"https:\/\/www.b-tech.pt\/index.php\/product\/12-cacifos\/#breadcrumb"},"inLanguage":"en-US","potentialAction":[{"@type":"ReadAction","target":["https:\/\/www.b-tech.pt\/index.php\/product\/12-cacifos\/"]}]},{"@type":"BreadcrumbList","@id":"https:\/\/www.b-tech.pt\/index.php\/product\/12-cacifos\/#breadcrumb","itemListElement":[{"@type":"ListItem","position":1,"name":"Home","item":"https:\/\/www.b-tech.pt\/"},{"@type":"ListItem","position":2,"name":"Shop","item":"https:\/\/www.b-tech.pt\/index.php\/shop\/"},{"@type":"ListItem","position":3,"name":"12 Cacifos"}]},{"@type":"WebSite","@id":"https:\/\/www.b-tech.pt\/#website","url":"https:\/\/www.b-tech.pt\/","name":"Officeplan Store","description":"","potentialAction":[{"@type":"SearchAction","target":{"@type":"EntryPoint","urlTemplate":"https:\/\/www.b-tech.pt\/?s={search_term_string}"},"query-input":"required name=search_term_string"}],"inLanguage":"en-US"}]}},"_links":{"self":[{"href":"https:\/\/www.b-tech.pt\/index.php\/wp-json\/wp\/v2\/product\/4491","targetHints":{"allow":["GET"]}}],"collection":[{"href":"https:\/\/www.b-tech.pt\/index.php\/wp-json\/wp\/v2\/product"}],"about":[{"href":"https:\/\/www.b-tech.pt\/index.php\/wp-json\/wp\/v2\/types\/product"}],"replies":[{"embeddable":true,"href":"https:\/\/www.b-tech.pt\/index.php\/wp-json\/wp\/v2\/comments?post=4491"}],"version-history":[{"count":1,"href":"https:\/\/www.b-tech.pt\/index.php\/wp-json\/wp\/v2\/product\/4491\/revisions"}],"predecessor-version":[{"id":9461,"href":"https:\/\/www.b-tech.pt\/index.php\/wp-json\/wp\/v2\/product\/4491\/revisions\/9461"}],"wp:featuredmedia":[{"embeddable":true,"href":"https:\/\/www.b-tech.pt\/index.php\/wp-json\/wp\/v2\/media\/9462"}],"wp:attachment":[{"href":"https:\/\/www.b-tech.pt\/index.php\/wp-json\/wp\/v2\/media?parent=4491"}],"wp:term":[{"taxonomy":"product_cat","embeddable":true,"href":"https:\/\/www.b-tech.pt\/index.php\/wp-json\/wp\/v2\/product_cat?post=4491"},{"taxonomy":"product_tag","embeddable":true,"href":"https:\/\/www.b-tech.pt\/index.php\/wp-json\/wp\/v2\/product_tag?post=4491"}],"curies":[{"name":"wp","href":"https:\/\/api.w.org\/{rel}","templated":true}]}}