{"id":4537,"date":"2016-09-03T23:15:37","date_gmt":"2016-09-03T23:15:37","guid":{"rendered":"https:\/\/b-tech.pt\/?post_type=product&#038;p=4537"},"modified":"2023-01-29T17:25:27","modified_gmt":"2023-01-29T17:25:27","slug":"arquivo-3","status":"publish","type":"product","link":"https:\/\/www.b-tech.pt\/index.php\/product\/arquivo-3\/","title":{"rendered":"Arquivo"},"content":{"rendered":"<p>Arquivo 4 gavetas<\/p>\n<p>Estrutura met\u00e1lica em chapa de a\u00e7o com 1mm e pintura a epoxy<\/p>\n<p>Dispon\u00edveis nas medidas:<\/p>\n<p>1320x470x620<\/p>\n","protected":false},"excerpt":{"rendered":"<p>Arquivo 4 gavetas Estrutura met\u00e1lica em chapa de a\u00e7o com 1mm e pintura a epoxy Dispon\u00edveis nas medidas: 1320x470x620<\/p>\n","protected":false},"featured_media":9479,"comment_status":"closed","ping_status":"closed","template":"","meta":[],"product_cat":[764,103,753],"product_tag":[643,569,615,529,539,648,617],"class_list":["post-4537","product","type-product","status-publish","has-post-thumbnail","hentry","product_cat-armarios-mobiliario-de-escritorio-mobiliario","product_cat-mobiliario","product_cat-mobiliario-de-escritorio-mobiliario","product_tag-arquivo","product_tag-estantes","product_tag-estantes-metalicas","product_tag-mobiliario","product_tag-mobiliario-de-escritorio","product_tag-pastas","product_tag-pastas-de-escritorio"],"yoast_head":"<!-- This site is optimized with the Yoast SEO plugin v20.1 - https:\/\/yoast.com\/wordpress\/plugins\/seo\/ -->\n<title>Arquivo - Officeplan Store<\/title>\n<meta name=\"robots\" content=\"index, follow, max-snippet:-1, max-image-preview:large, max-video-preview:-1\" \/>\n<link rel=\"canonical\" href=\"https:\/\/www.b-tech.pt\/index.php\/product\/arquivo-3\/\" \/>\n<meta property=\"og:locale\" content=\"en_US\" \/>\n<meta property=\"og:type\" content=\"article\" \/>\n<meta property=\"og:title\" content=\"Arquivo - Officeplan Store\" \/>\n<meta property=\"og:description\" content=\"Arquivo 4 gavetas Estrutura met\u00e1lica em chapa de a\u00e7o com 1mm e pintura a epoxy Dispon\u00edveis nas medidas: 1320x470x620\" \/>\n<meta property=\"og:url\" content=\"https:\/\/www.b-tech.pt\/index.php\/product\/arquivo-3\/\" \/>\n<meta property=\"og:site_name\" content=\"Officeplan Store\" \/>\n<meta property=\"article:modified_time\" content=\"2023-01-29T17:25:27+00:00\" \/>\n<meta name=\"twitter:card\" content=\"summary_large_image\" \/>\n<script type=\"application\/ld+json\" class=\"yoast-schema-graph\">{\"@context\":\"https:\/\/schema.org\",\"@graph\":[{\"@type\":\"WebPage\",\"@id\":\"https:\/\/www.b-tech.pt\/index.php\/product\/arquivo-3\/\",\"url\":\"https:\/\/www.b-tech.pt\/index.php\/product\/arquivo-3\/\",\"name\":\"Arquivo - Officeplan Store\",\"isPartOf\":{\"@id\":\"https:\/\/www.b-tech.pt\/#website\"},\"datePublished\":\"2016-09-03T23:15:37+00:00\",\"dateModified\":\"2023-01-29T17:25:27+00:00\",\"breadcrumb\":{\"@id\":\"https:\/\/www.b-tech.pt\/index.php\/product\/arquivo-3\/#breadcrumb\"},\"inLanguage\":\"en-US\",\"potentialAction\":[{\"@type\":\"ReadAction\",\"target\":[\"https:\/\/www.b-tech.pt\/index.php\/product\/arquivo-3\/\"]}]},{\"@type\":\"BreadcrumbList\",\"@id\":\"https:\/\/www.b-tech.pt\/index.php\/product\/arquivo-3\/#breadcrumb\",\"itemListElement\":[{\"@type\":\"ListItem\",\"position\":1,\"name\":\"Home\",\"item\":\"https:\/\/www.b-tech.pt\/\"},{\"@type\":\"ListItem\",\"position\":2,\"name\":\"Shop\",\"item\":\"https:\/\/www.b-tech.pt\/index.php\/shop\/\"},{\"@type\":\"ListItem\",\"position\":3,\"name\":\"Arquivo\"}]},{\"@type\":\"WebSite\",\"@id\":\"https:\/\/www.b-tech.pt\/#website\",\"url\":\"https:\/\/www.b-tech.pt\/\",\"name\":\"Officeplan Store\",\"description\":\"\",\"potentialAction\":[{\"@type\":\"SearchAction\",\"target\":{\"@type\":\"EntryPoint\",\"urlTemplate\":\"https:\/\/www.b-tech.pt\/?s={search_term_string}\"},\"query-input\":\"required name=search_term_string\"}],\"inLanguage\":\"en-US\"}]}<\/script>\n<!-- \/ Yoast SEO plugin. -->","yoast_head_json":{"title":"Arquivo - Officeplan Store","robots":{"index":"index","follow":"follow","max-snippet":"max-snippet:-1","max-image-preview":"max-image-preview:large","max-video-preview":"max-video-preview:-1"},"canonical":"https:\/\/www.b-tech.pt\/index.php\/product\/arquivo-3\/","og_locale":"en_US","og_type":"article","og_title":"Arquivo - Officeplan Store","og_description":"Arquivo 4 gavetas Estrutura met\u00e1lica em chapa de a\u00e7o com 1mm e pintura a epoxy Dispon\u00edveis nas medidas: 1320x470x620","og_url":"https:\/\/www.b-tech.pt\/index.php\/product\/arquivo-3\/","og_site_name":"Officeplan Store","article_modified_time":"2023-01-29T17:25:27+00:00","twitter_card":"summary_large_image","schema":{"@context":"https:\/\/schema.org","@graph":[{"@type":"WebPage","@id":"https:\/\/www.b-tech.pt\/index.php\/product\/arquivo-3\/","url":"https:\/\/www.b-tech.pt\/index.php\/product\/arquivo-3\/","name":"Arquivo - Officeplan Store","isPartOf":{"@id":"https:\/\/www.b-tech.pt\/#website"},"datePublished":"2016-09-03T23:15:37+00:00","dateModified":"2023-01-29T17:25:27+00:00","breadcrumb":{"@id":"https:\/\/www.b-tech.pt\/index.php\/product\/arquivo-3\/#breadcrumb"},"inLanguage":"en-US","potentialAction":[{"@type":"ReadAction","target":["https:\/\/www.b-tech.pt\/index.php\/product\/arquivo-3\/"]}]},{"@type":"BreadcrumbList","@id":"https:\/\/www.b-tech.pt\/index.php\/product\/arquivo-3\/#breadcrumb","itemListElement":[{"@type":"ListItem","position":1,"name":"Home","item":"https:\/\/www.b-tech.pt\/"},{"@type":"ListItem","position":2,"name":"Shop","item":"https:\/\/www.b-tech.pt\/index.php\/shop\/"},{"@type":"ListItem","position":3,"name":"Arquivo"}]},{"@type":"WebSite","@id":"https:\/\/www.b-tech.pt\/#website","url":"https:\/\/www.b-tech.pt\/","name":"Officeplan Store","description":"","potentialAction":[{"@type":"SearchAction","target":{"@type":"EntryPoint","urlTemplate":"https:\/\/www.b-tech.pt\/?s={search_term_string}"},"query-input":"required name=search_term_string"}],"inLanguage":"en-US"}]}},"_links":{"self":[{"href":"https:\/\/www.b-tech.pt\/index.php\/wp-json\/wp\/v2\/product\/4537","targetHints":{"allow":["GET"]}}],"collection":[{"href":"https:\/\/www.b-tech.pt\/index.php\/wp-json\/wp\/v2\/product"}],"about":[{"href":"https:\/\/www.b-tech.pt\/index.php\/wp-json\/wp\/v2\/types\/product"}],"replies":[{"embeddable":true,"href":"https:\/\/www.b-tech.pt\/index.php\/wp-json\/wp\/v2\/comments?post=4537"}],"version-history":[{"count":1,"href":"https:\/\/www.b-tech.pt\/index.php\/wp-json\/wp\/v2\/product\/4537\/revisions"}],"predecessor-version":[{"id":9478,"href":"https:\/\/www.b-tech.pt\/index.php\/wp-json\/wp\/v2\/product\/4537\/revisions\/9478"}],"wp:featuredmedia":[{"embeddable":true,"href":"https:\/\/www.b-tech.pt\/index.php\/wp-json\/wp\/v2\/media\/9479"}],"wp:attachment":[{"href":"https:\/\/www.b-tech.pt\/index.php\/wp-json\/wp\/v2\/media?parent=4537"}],"wp:term":[{"taxonomy":"product_cat","embeddable":true,"href":"https:\/\/www.b-tech.pt\/index.php\/wp-json\/wp\/v2\/product_cat?post=4537"},{"taxonomy":"product_tag","embeddable":true,"href":"https:\/\/www.b-tech.pt\/index.php\/wp-json\/wp\/v2\/product_tag?post=4537"}],"curies":[{"name":"wp","href":"https:\/\/api.w.org\/{rel}","templated":true}]}}