{"id":4559,"date":"2016-09-04T11:31:09","date_gmt":"2016-09-04T11:31:09","guid":{"rendered":"https:\/\/b-tech.pt\/?post_type=product&#038;p=4559"},"modified":"2023-01-29T17:25:31","modified_gmt":"2023-01-29T17:25:31","slug":"fenolico","status":"publish","type":"product","link":"https:\/\/www.b-tech.pt\/index.php\/product\/fenolico\/","title":{"rendered":"Fen\u00f3lico"},"content":{"rendered":"<p>Pre\u00e7o sob consulta. Para adquirir este ou outros produtos, entre em contacto.<\/p>\n<p>O <strong>Compacto Fen\u00f3lico Laminado Interior<\/strong> \u00e9 um material usado na constru\u00e7\u00e3o de m\u00f3veis de grande uso, como balc\u00f5es de cozinha ou bar, mesas, secret\u00e1rias, cacifos, etc. A constitui\u00e7\u00e3o deste material \u00e9 caracterizado pelas folhas de papel Kraft sobrepostas com resinas fen\u00f3licas.<\/p>\n<p><strong>Aplica\u00e7\u00f5es<\/strong>:<br \/>\n&#8211; Constru\u00e7\u00f5es, revestimentos, paredes, tetos falsos, divis\u00f3rias, superf\u00edcies de trabalho, estantes, mesas, cadeiras, arm\u00e1rios, cozinhas, lavat\u00f3rios, cabines de duche, placards, vesti\u00e1rios, bancos, mesas de t\u00e9nis-de-mesa e objectos de design.<br \/>\n&#8211; Hospitais, cirurgia, farm\u00e1cias, laborat\u00f3rios de an\u00e1lises, ambientes esterilizados, instala\u00e7\u00f5es industriais alimentares e n\u00e3o-alimentares, cabines refrigeradoras, escrit\u00f3rios, casas, salas de confer\u00eancia, com\u00e9rcio, escolas e universidades, ambientes p\u00fablicos, bares, h\u00f3teis, restaurantes, mobili\u00e1rio urbano, esta\u00e7\u00f5es de caminhos de ferro e metro, iates e navios.<\/p>\n","protected":false},"excerpt":{"rendered":"<p>Pre\u00e7o sob consulta. Para adquirir este ou outros produtos, entre em contacto. O Compacto Fen\u00f3lico Laminado Interior \u00e9 um material<\/p>\n","protected":false},"featured_media":9493,"comment_status":"closed","ping_status":"closed","template":"","meta":[],"product_cat":[103,753,763,762],"product_tag":[664,679,687,670,652,688,673,681,669,683,676,685,671,500,686,682,692,569,677,663,689,693,680,678,672,503,675,691,655,666,674,690,665,684,668,667,634,651],"class_list":["post-4559","product","type-product","status-publish","has-post-thumbnail","hentry","product_cat-mobiliario","product_cat-mobiliario-de-escritorio-mobiliario","product_cat-vestiarios-vestiarios-mobiliario-de-escritorio-mobiliario","product_cat-vestiarios-mobiliario-de-escritorio-mobiliario","product_tag-construcoes","product_tag-ambientes-esterilizados","product_tag-ambientes-publicos","product_tag-armarios","product_tag-bancos","product_tag-bares","product_tag-cabines-de-duche","product_tag-cabines-refrigeradoras","product_tag-cadeiras","product_tag-casas","product_tag-cirurgia","product_tag-comercio","product_tag-cozinhas","product_tag-divisorias","product_tag-escolas-e-universidades","product_tag-escritorios","product_tag-estacoes-de-caminhos-de-ferro-e-metro","product_tag-estantes","product_tag-farmacias","product_tag-fenolico","product_tag-hoteis","product_tag-iates-e-navios","product_tag-instalacoes-industriais-alimentares-e-nao-alimentares","product_tag-laboratorios-de-analises","product_tag-lavatorios","product_tag-mesas","product_tag-mesas-de-tenis-de-mesa-e-objectos-de-design-hospitais","product_tag-mobiliario-urbano","product_tag-np1116","product_tag-paredes","product_tag-placards","product_tag-restaurantes","product_tag-revestimentos","product_tag-salas-de-conferencia","product_tag-superficies-de-trabalho","product_tag-tetos-falsos","product_tag-vestiarios","product_tag-wc"],"yoast_head":"<!-- This site is optimized with the Yoast SEO plugin v20.1 - https:\/\/yoast.com\/wordpress\/plugins\/seo\/ -->\n<title>Fen\u00f3lico - Officeplan Store<\/title>\n<meta name=\"robots\" content=\"index, follow, max-snippet:-1, max-image-preview:large, max-video-preview:-1\" \/>\n<link rel=\"canonical\" href=\"https:\/\/www.b-tech.pt\/index.php\/product\/fenolico\/\" \/>\n<meta property=\"og:locale\" content=\"en_US\" \/>\n<meta property=\"og:type\" content=\"article\" \/>\n<meta property=\"og:title\" content=\"Fen\u00f3lico - Officeplan Store\" \/>\n<meta property=\"og:description\" content=\"Pre\u00e7o sob consulta. Para adquirir este ou outros produtos, entre em contacto. O Compacto Fen\u00f3lico Laminado Interior \u00e9 um material\" \/>\n<meta property=\"og:url\" content=\"https:\/\/www.b-tech.pt\/index.php\/product\/fenolico\/\" \/>\n<meta property=\"og:site_name\" content=\"Officeplan Store\" \/>\n<meta property=\"article:modified_time\" content=\"2023-01-29T17:25:31+00:00\" \/>\n<meta name=\"twitter:card\" content=\"summary_large_image\" \/>\n<meta name=\"twitter:label1\" content=\"Est. reading time\" \/>\n\t<meta name=\"twitter:data1\" content=\"1 minute\" \/>\n<script type=\"application\/ld+json\" class=\"yoast-schema-graph\">{\"@context\":\"https:\/\/schema.org\",\"@graph\":[{\"@type\":\"WebPage\",\"@id\":\"https:\/\/www.b-tech.pt\/index.php\/product\/fenolico\/\",\"url\":\"https:\/\/www.b-tech.pt\/index.php\/product\/fenolico\/\",\"name\":\"Fen\u00f3lico - Officeplan Store\",\"isPartOf\":{\"@id\":\"https:\/\/www.b-tech.pt\/#website\"},\"datePublished\":\"2016-09-04T11:31:09+00:00\",\"dateModified\":\"2023-01-29T17:25:31+00:00\",\"breadcrumb\":{\"@id\":\"https:\/\/www.b-tech.pt\/index.php\/product\/fenolico\/#breadcrumb\"},\"inLanguage\":\"en-US\",\"potentialAction\":[{\"@type\":\"ReadAction\",\"target\":[\"https:\/\/www.b-tech.pt\/index.php\/product\/fenolico\/\"]}]},{\"@type\":\"BreadcrumbList\",\"@id\":\"https:\/\/www.b-tech.pt\/index.php\/product\/fenolico\/#breadcrumb\",\"itemListElement\":[{\"@type\":\"ListItem\",\"position\":1,\"name\":\"Home\",\"item\":\"https:\/\/www.b-tech.pt\/\"},{\"@type\":\"ListItem\",\"position\":2,\"name\":\"Shop\",\"item\":\"https:\/\/www.b-tech.pt\/index.php\/shop\/\"},{\"@type\":\"ListItem\",\"position\":3,\"name\":\"Fen\u00f3lico\"}]},{\"@type\":\"WebSite\",\"@id\":\"https:\/\/www.b-tech.pt\/#website\",\"url\":\"https:\/\/www.b-tech.pt\/\",\"name\":\"Officeplan Store\",\"description\":\"\",\"potentialAction\":[{\"@type\":\"SearchAction\",\"target\":{\"@type\":\"EntryPoint\",\"urlTemplate\":\"https:\/\/www.b-tech.pt\/?s={search_term_string}\"},\"query-input\":\"required name=search_term_string\"}],\"inLanguage\":\"en-US\"}]}<\/script>\n<!-- \/ Yoast SEO plugin. -->","yoast_head_json":{"title":"Fen\u00f3lico - Officeplan Store","robots":{"index":"index","follow":"follow","max-snippet":"max-snippet:-1","max-image-preview":"max-image-preview:large","max-video-preview":"max-video-preview:-1"},"canonical":"https:\/\/www.b-tech.pt\/index.php\/product\/fenolico\/","og_locale":"en_US","og_type":"article","og_title":"Fen\u00f3lico - Officeplan Store","og_description":"Pre\u00e7o sob consulta. Para adquirir este ou outros produtos, entre em contacto. O Compacto Fen\u00f3lico Laminado Interior \u00e9 um material","og_url":"https:\/\/www.b-tech.pt\/index.php\/product\/fenolico\/","og_site_name":"Officeplan Store","article_modified_time":"2023-01-29T17:25:31+00:00","twitter_card":"summary_large_image","twitter_misc":{"Est. reading time":"1 minute"},"schema":{"@context":"https:\/\/schema.org","@graph":[{"@type":"WebPage","@id":"https:\/\/www.b-tech.pt\/index.php\/product\/fenolico\/","url":"https:\/\/www.b-tech.pt\/index.php\/product\/fenolico\/","name":"Fen\u00f3lico - Officeplan Store","isPartOf":{"@id":"https:\/\/www.b-tech.pt\/#website"},"datePublished":"2016-09-04T11:31:09+00:00","dateModified":"2023-01-29T17:25:31+00:00","breadcrumb":{"@id":"https:\/\/www.b-tech.pt\/index.php\/product\/fenolico\/#breadcrumb"},"inLanguage":"en-US","potentialAction":[{"@type":"ReadAction","target":["https:\/\/www.b-tech.pt\/index.php\/product\/fenolico\/"]}]},{"@type":"BreadcrumbList","@id":"https:\/\/www.b-tech.pt\/index.php\/product\/fenolico\/#breadcrumb","itemListElement":[{"@type":"ListItem","position":1,"name":"Home","item":"https:\/\/www.b-tech.pt\/"},{"@type":"ListItem","position":2,"name":"Shop","item":"https:\/\/www.b-tech.pt\/index.php\/shop\/"},{"@type":"ListItem","position":3,"name":"Fen\u00f3lico"}]},{"@type":"WebSite","@id":"https:\/\/www.b-tech.pt\/#website","url":"https:\/\/www.b-tech.pt\/","name":"Officeplan Store","description":"","potentialAction":[{"@type":"SearchAction","target":{"@type":"EntryPoint","urlTemplate":"https:\/\/www.b-tech.pt\/?s={search_term_string}"},"query-input":"required name=search_term_string"}],"inLanguage":"en-US"}]}},"_links":{"self":[{"href":"https:\/\/www.b-tech.pt\/index.php\/wp-json\/wp\/v2\/product\/4559","targetHints":{"allow":["GET"]}}],"collection":[{"href":"https:\/\/www.b-tech.pt\/index.php\/wp-json\/wp\/v2\/product"}],"about":[{"href":"https:\/\/www.b-tech.pt\/index.php\/wp-json\/wp\/v2\/types\/product"}],"replies":[{"embeddable":true,"href":"https:\/\/www.b-tech.pt\/index.php\/wp-json\/wp\/v2\/comments?post=4559"}],"version-history":[{"count":1,"href":"https:\/\/www.b-tech.pt\/index.php\/wp-json\/wp\/v2\/product\/4559\/revisions"}],"predecessor-version":[{"id":9492,"href":"https:\/\/www.b-tech.pt\/index.php\/wp-json\/wp\/v2\/product\/4559\/revisions\/9492"}],"wp:featuredmedia":[{"embeddable":true,"href":"https:\/\/www.b-tech.pt\/index.php\/wp-json\/wp\/v2\/media\/9493"}],"wp:attachment":[{"href":"https:\/\/www.b-tech.pt\/index.php\/wp-json\/wp\/v2\/media?parent=4559"}],"wp:term":[{"taxonomy":"product_cat","embeddable":true,"href":"https:\/\/www.b-tech.pt\/index.php\/wp-json\/wp\/v2\/product_cat?post=4559"},{"taxonomy":"product_tag","embeddable":true,"href":"https:\/\/www.b-tech.pt\/index.php\/wp-json\/wp\/v2\/product_tag?post=4559"}],"curies":[{"name":"wp","href":"https:\/\/api.w.org\/{rel}","templated":true}]}}