{"id":4576,"date":"2016-09-04T12:06:13","date_gmt":"2016-09-04T12:06:13","guid":{"rendered":"https:\/\/b-tech.pt\/?post_type=product&#038;p=4576"},"modified":"2023-01-29T17:25:35","modified_gmt":"2023-01-29T17:25:35","slug":"tecido-vidro-bronze","status":"publish","type":"product","link":"https:\/\/www.b-tech.pt\/index.php\/product\/tecido-vidro-bronze\/","title":{"rendered":"Tecido \/ Vidro Bronze"},"content":{"rendered":"<p>Biombo misto em tecido \/ vidro bronze<\/p>\n<p>Dispon\u00edveis nas medidas:<\/p>\n<p>1600x800x70<\/p>\n<p>1600x1000x70<\/p>\n<p>1600x1200x70<\/p>\n<p>1900x800x70<\/p>\n<p>1900x1000x70<\/p>\n<p>1900x1200x70<\/p>\n<p>CARACTER\u00cdSTICAS T\u00c9CNICAS:<br \/>\nESTRUTURA<br \/>\n\u2022 Em chapa de a\u00e7o laminado a frio de 1,25mm de espessura<br \/>\nformando um monobloco.<br \/>\n\u2022 Pintura epoxy com deposi\u00e7\u00e3o m\u00ednima de 40 microns.<br \/>\nRODAP\u00c9<br \/>\n\u2022 Em chapa de a\u00e7o laminado a frio de 0,8mm de espessura.<br \/>\n\u2022 Pintura epoxy com deposi\u00e7\u00e3o m\u00ednima de 40 microns.<br \/>\nPAINEIS<br \/>\n\u2022Em aglomerado de 10mm de espessura revestidos a tecido.<br \/>\n\u2022 Em Vidro de 4mm de espessura com arestas quebradas.<br \/>\n\u2022 Em melamina de 16mm de espessura, com uma orla em<br \/>\nPVC de 0,7mm em todas as faces.<br \/>\nSAPATAS<br \/>\n\u2022 Em barra de a\u00e7o laminada a frio de 60x8mm de espessura.<br \/>\n\u2022 Pintura epoxy com deposi\u00e7\u00e3o m\u00ednima de 40 microns.<\/p>\n<p>&nbsp;<\/p>\n","protected":false},"excerpt":{"rendered":"<p>Biombo misto em tecido \/ vidro bronze Dispon\u00edveis nas medidas: 1600x800x70 1600x1000x70 1600x1200x70 1900x800x70 1900x1000x70 1900x1200x70 CARACTER\u00cdSTICAS T\u00c9CNICAS: ESTRUTURA \u2022<\/p>\n","protected":false},"featured_media":9508,"comment_status":"closed","ping_status":"closed","template":"","meta":[],"product_cat":[765,758],"product_tag":[644,500,530,645,539,648,617,536,533],"class_list":["post-4576","product","type-product","status-publish","has-post-thumbnail","hentry","product_cat-biombos-estantes-metalicas-mobiliario","product_cat-estantes-metalicas-mobiliario","product_tag-biombos","product_tag-divisorias","product_tag-escritorio","product_tag-misto","product_tag-mobiliario-de-escritorio","product_tag-pastas","product_tag-pastas-de-escritorio","product_tag-secretaria","product_tag-secretaria-escritorio"],"yoast_head":"<!-- This site is optimized with the Yoast SEO plugin v20.1 - https:\/\/yoast.com\/wordpress\/plugins\/seo\/ -->\n<title>Tecido \/ Vidro Bronze - Officeplan Store<\/title>\n<meta name=\"robots\" content=\"index, follow, max-snippet:-1, max-image-preview:large, max-video-preview:-1\" \/>\n<link rel=\"canonical\" href=\"https:\/\/www.b-tech.pt\/index.php\/product\/tecido-vidro-bronze\/\" \/>\n<meta property=\"og:locale\" content=\"en_US\" \/>\n<meta property=\"og:type\" content=\"article\" \/>\n<meta property=\"og:title\" content=\"Tecido \/ Vidro Bronze - Officeplan Store\" \/>\n<meta property=\"og:description\" content=\"Biombo misto em tecido \/ vidro bronze Dispon\u00edveis nas medidas: 1600x800x70 1600x1000x70 1600x1200x70 1900x800x70 1900x1000x70 1900x1200x70 CARACTER\u00cdSTICAS T\u00c9CNICAS: ESTRUTURA \u2022\" \/>\n<meta property=\"og:url\" content=\"https:\/\/www.b-tech.pt\/index.php\/product\/tecido-vidro-bronze\/\" \/>\n<meta property=\"og:site_name\" content=\"Officeplan Store\" \/>\n<meta property=\"article:modified_time\" content=\"2023-01-29T17:25:35+00:00\" \/>\n<meta name=\"twitter:card\" content=\"summary_large_image\" \/>\n<meta name=\"twitter:label1\" content=\"Est. reading time\" \/>\n\t<meta name=\"twitter:data1\" content=\"1 minute\" \/>\n<script type=\"application\/ld+json\" class=\"yoast-schema-graph\">{\"@context\":\"https:\/\/schema.org\",\"@graph\":[{\"@type\":\"WebPage\",\"@id\":\"https:\/\/www.b-tech.pt\/index.php\/product\/tecido-vidro-bronze\/\",\"url\":\"https:\/\/www.b-tech.pt\/index.php\/product\/tecido-vidro-bronze\/\",\"name\":\"Tecido \/ Vidro Bronze - Officeplan Store\",\"isPartOf\":{\"@id\":\"https:\/\/www.b-tech.pt\/#website\"},\"datePublished\":\"2016-09-04T12:06:13+00:00\",\"dateModified\":\"2023-01-29T17:25:35+00:00\",\"breadcrumb\":{\"@id\":\"https:\/\/www.b-tech.pt\/index.php\/product\/tecido-vidro-bronze\/#breadcrumb\"},\"inLanguage\":\"en-US\",\"potentialAction\":[{\"@type\":\"ReadAction\",\"target\":[\"https:\/\/www.b-tech.pt\/index.php\/product\/tecido-vidro-bronze\/\"]}]},{\"@type\":\"BreadcrumbList\",\"@id\":\"https:\/\/www.b-tech.pt\/index.php\/product\/tecido-vidro-bronze\/#breadcrumb\",\"itemListElement\":[{\"@type\":\"ListItem\",\"position\":1,\"name\":\"Home\",\"item\":\"https:\/\/www.b-tech.pt\/\"},{\"@type\":\"ListItem\",\"position\":2,\"name\":\"Shop\",\"item\":\"https:\/\/www.b-tech.pt\/index.php\/shop\/\"},{\"@type\":\"ListItem\",\"position\":3,\"name\":\"Tecido \/ Vidro Bronze\"}]},{\"@type\":\"WebSite\",\"@id\":\"https:\/\/www.b-tech.pt\/#website\",\"url\":\"https:\/\/www.b-tech.pt\/\",\"name\":\"Officeplan Store\",\"description\":\"\",\"potentialAction\":[{\"@type\":\"SearchAction\",\"target\":{\"@type\":\"EntryPoint\",\"urlTemplate\":\"https:\/\/www.b-tech.pt\/?s={search_term_string}\"},\"query-input\":\"required name=search_term_string\"}],\"inLanguage\":\"en-US\"}]}<\/script>\n<!-- \/ Yoast SEO plugin. -->","yoast_head_json":{"title":"Tecido \/ Vidro Bronze - Officeplan Store","robots":{"index":"index","follow":"follow","max-snippet":"max-snippet:-1","max-image-preview":"max-image-preview:large","max-video-preview":"max-video-preview:-1"},"canonical":"https:\/\/www.b-tech.pt\/index.php\/product\/tecido-vidro-bronze\/","og_locale":"en_US","og_type":"article","og_title":"Tecido \/ Vidro Bronze - Officeplan Store","og_description":"Biombo misto em tecido \/ vidro bronze Dispon\u00edveis nas medidas: 1600x800x70 1600x1000x70 1600x1200x70 1900x800x70 1900x1000x70 1900x1200x70 CARACTER\u00cdSTICAS T\u00c9CNICAS: ESTRUTURA \u2022","og_url":"https:\/\/www.b-tech.pt\/index.php\/product\/tecido-vidro-bronze\/","og_site_name":"Officeplan Store","article_modified_time":"2023-01-29T17:25:35+00:00","twitter_card":"summary_large_image","twitter_misc":{"Est. reading time":"1 minute"},"schema":{"@context":"https:\/\/schema.org","@graph":[{"@type":"WebPage","@id":"https:\/\/www.b-tech.pt\/index.php\/product\/tecido-vidro-bronze\/","url":"https:\/\/www.b-tech.pt\/index.php\/product\/tecido-vidro-bronze\/","name":"Tecido \/ Vidro Bronze - Officeplan Store","isPartOf":{"@id":"https:\/\/www.b-tech.pt\/#website"},"datePublished":"2016-09-04T12:06:13+00:00","dateModified":"2023-01-29T17:25:35+00:00","breadcrumb":{"@id":"https:\/\/www.b-tech.pt\/index.php\/product\/tecido-vidro-bronze\/#breadcrumb"},"inLanguage":"en-US","potentialAction":[{"@type":"ReadAction","target":["https:\/\/www.b-tech.pt\/index.php\/product\/tecido-vidro-bronze\/"]}]},{"@type":"BreadcrumbList","@id":"https:\/\/www.b-tech.pt\/index.php\/product\/tecido-vidro-bronze\/#breadcrumb","itemListElement":[{"@type":"ListItem","position":1,"name":"Home","item":"https:\/\/www.b-tech.pt\/"},{"@type":"ListItem","position":2,"name":"Shop","item":"https:\/\/www.b-tech.pt\/index.php\/shop\/"},{"@type":"ListItem","position":3,"name":"Tecido \/ Vidro Bronze"}]},{"@type":"WebSite","@id":"https:\/\/www.b-tech.pt\/#website","url":"https:\/\/www.b-tech.pt\/","name":"Officeplan Store","description":"","potentialAction":[{"@type":"SearchAction","target":{"@type":"EntryPoint","urlTemplate":"https:\/\/www.b-tech.pt\/?s={search_term_string}"},"query-input":"required name=search_term_string"}],"inLanguage":"en-US"}]}},"_links":{"self":[{"href":"https:\/\/www.b-tech.pt\/index.php\/wp-json\/wp\/v2\/product\/4576","targetHints":{"allow":["GET"]}}],"collection":[{"href":"https:\/\/www.b-tech.pt\/index.php\/wp-json\/wp\/v2\/product"}],"about":[{"href":"https:\/\/www.b-tech.pt\/index.php\/wp-json\/wp\/v2\/types\/product"}],"replies":[{"embeddable":true,"href":"https:\/\/www.b-tech.pt\/index.php\/wp-json\/wp\/v2\/comments?post=4576"}],"version-history":[{"count":1,"href":"https:\/\/www.b-tech.pt\/index.php\/wp-json\/wp\/v2\/product\/4576\/revisions"}],"predecessor-version":[{"id":9509,"href":"https:\/\/www.b-tech.pt\/index.php\/wp-json\/wp\/v2\/product\/4576\/revisions\/9509"}],"wp:featuredmedia":[{"embeddable":true,"href":"https:\/\/www.b-tech.pt\/index.php\/wp-json\/wp\/v2\/media\/9508"}],"wp:attachment":[{"href":"https:\/\/www.b-tech.pt\/index.php\/wp-json\/wp\/v2\/media?parent=4576"}],"wp:term":[{"taxonomy":"product_cat","embeddable":true,"href":"https:\/\/www.b-tech.pt\/index.php\/wp-json\/wp\/v2\/product_cat?post=4576"},{"taxonomy":"product_tag","embeddable":true,"href":"https:\/\/www.b-tech.pt\/index.php\/wp-json\/wp\/v2\/product_tag?post=4576"}],"curies":[{"name":"wp","href":"https:\/\/api.w.org\/{rel}","templated":true}]}}