{"id":4622,"date":"2016-09-04T20:32:55","date_gmt":"2016-09-04T20:32:55","guid":{"rendered":"https:\/\/b-tech.pt\/?post_type=product&#038;p=4622"},"modified":"2023-01-29T17:25:45","modified_gmt":"2023-01-29T17:25:45","slug":"mesa-19","status":"publish","type":"product","link":"https:\/\/www.b-tech.pt\/index.php\/product\/mesa-19\/","title":{"rendered":"Mesa"},"content":{"rendered":"<p>Mesa Hexagonal<\/p>\n<p>P\u00e9s tubo de a\u00e7o redondo 40<\/p>\n<p>Aro de suporte ao tampo, tubo rectangular 35\u00d720<\/p>\n<p>Altura- 410 \u2013 750<\/p>\n<p>Tampos em termol. (22mm) contraface forrado a melamina<\/p>\n<p>ou<\/p>\n<p>Tampos em melamina 22mm<\/p>\n<p>Dispon\u00edveis nas medidas:<br \/>\n1000<br \/>\n1100<br \/>\n1200<\/p>\n<p>1000<br \/>\n1100<br \/>\n1200<br \/>\n1300<\/p>\n","protected":false},"excerpt":{"rendered":"<p>Mesa Hexagonal P\u00e9s tubo de a\u00e7o redondo 40 Aro de suporte ao tampo, tubo rectangular 35\u00d720 Altura- 410 \u2013 750<\/p>\n","protected":false},"featured_media":9555,"comment_status":"closed","ping_status":"closed","template":"","meta":[],"product_cat":[768,767],"product_tag":[664,697,704,703,701,686,696,700,544],"class_list":["post-4622","product","type-product","status-publish","has-post-thumbnail","hentry","product_cat-mesas-escolares-mobiliario-escolar-mobiliario","product_cat-mobiliario-escolar-mobiliario","product_tag-construcoes","product_tag-alunos","product_tag-aulas","product_tag-construtores","product_tag-escolar","product_tag-escolas-e-universidades","product_tag-infantario","product_tag-jardim-infancia","product_tag-mesa-de-reuniao"],"yoast_head":"<!-- This site is optimized with the Yoast SEO plugin v20.1 - https:\/\/yoast.com\/wordpress\/plugins\/seo\/ -->\n<title>Mesa - Officeplan Store<\/title>\n<meta name=\"robots\" content=\"index, follow, max-snippet:-1, max-image-preview:large, max-video-preview:-1\" \/>\n<link rel=\"canonical\" href=\"https:\/\/www.b-tech.pt\/index.php\/product\/mesa-19\/\" \/>\n<meta property=\"og:locale\" content=\"en_US\" \/>\n<meta property=\"og:type\" content=\"article\" \/>\n<meta property=\"og:title\" content=\"Mesa - Officeplan Store\" \/>\n<meta property=\"og:description\" content=\"Mesa Hexagonal P\u00e9s tubo de a\u00e7o redondo 40 Aro de suporte ao tampo, tubo rectangular 35\u00d720 Altura- 410 \u2013 750\" \/>\n<meta property=\"og:url\" content=\"https:\/\/www.b-tech.pt\/index.php\/product\/mesa-19\/\" \/>\n<meta property=\"og:site_name\" content=\"Officeplan Store\" \/>\n<meta property=\"article:modified_time\" content=\"2023-01-29T17:25:45+00:00\" \/>\n<meta name=\"twitter:card\" content=\"summary_large_image\" \/>\n<script type=\"application\/ld+json\" class=\"yoast-schema-graph\">{\"@context\":\"https:\/\/schema.org\",\"@graph\":[{\"@type\":\"WebPage\",\"@id\":\"https:\/\/www.b-tech.pt\/index.php\/product\/mesa-19\/\",\"url\":\"https:\/\/www.b-tech.pt\/index.php\/product\/mesa-19\/\",\"name\":\"Mesa - Officeplan Store\",\"isPartOf\":{\"@id\":\"https:\/\/www.b-tech.pt\/#website\"},\"datePublished\":\"2016-09-04T20:32:55+00:00\",\"dateModified\":\"2023-01-29T17:25:45+00:00\",\"breadcrumb\":{\"@id\":\"https:\/\/www.b-tech.pt\/index.php\/product\/mesa-19\/#breadcrumb\"},\"inLanguage\":\"en-US\",\"potentialAction\":[{\"@type\":\"ReadAction\",\"target\":[\"https:\/\/www.b-tech.pt\/index.php\/product\/mesa-19\/\"]}]},{\"@type\":\"BreadcrumbList\",\"@id\":\"https:\/\/www.b-tech.pt\/index.php\/product\/mesa-19\/#breadcrumb\",\"itemListElement\":[{\"@type\":\"ListItem\",\"position\":1,\"name\":\"Home\",\"item\":\"https:\/\/www.b-tech.pt\/\"},{\"@type\":\"ListItem\",\"position\":2,\"name\":\"Shop\",\"item\":\"https:\/\/www.b-tech.pt\/index.php\/shop\/\"},{\"@type\":\"ListItem\",\"position\":3,\"name\":\"Mesa\"}]},{\"@type\":\"WebSite\",\"@id\":\"https:\/\/www.b-tech.pt\/#website\",\"url\":\"https:\/\/www.b-tech.pt\/\",\"name\":\"Officeplan Store\",\"description\":\"\",\"potentialAction\":[{\"@type\":\"SearchAction\",\"target\":{\"@type\":\"EntryPoint\",\"urlTemplate\":\"https:\/\/www.b-tech.pt\/?s={search_term_string}\"},\"query-input\":\"required name=search_term_string\"}],\"inLanguage\":\"en-US\"}]}<\/script>\n<!-- \/ Yoast SEO plugin. -->","yoast_head_json":{"title":"Mesa - Officeplan Store","robots":{"index":"index","follow":"follow","max-snippet":"max-snippet:-1","max-image-preview":"max-image-preview:large","max-video-preview":"max-video-preview:-1"},"canonical":"https:\/\/www.b-tech.pt\/index.php\/product\/mesa-19\/","og_locale":"en_US","og_type":"article","og_title":"Mesa - Officeplan Store","og_description":"Mesa Hexagonal P\u00e9s tubo de a\u00e7o redondo 40 Aro de suporte ao tampo, tubo rectangular 35\u00d720 Altura- 410 \u2013 750","og_url":"https:\/\/www.b-tech.pt\/index.php\/product\/mesa-19\/","og_site_name":"Officeplan Store","article_modified_time":"2023-01-29T17:25:45+00:00","twitter_card":"summary_large_image","schema":{"@context":"https:\/\/schema.org","@graph":[{"@type":"WebPage","@id":"https:\/\/www.b-tech.pt\/index.php\/product\/mesa-19\/","url":"https:\/\/www.b-tech.pt\/index.php\/product\/mesa-19\/","name":"Mesa - Officeplan Store","isPartOf":{"@id":"https:\/\/www.b-tech.pt\/#website"},"datePublished":"2016-09-04T20:32:55+00:00","dateModified":"2023-01-29T17:25:45+00:00","breadcrumb":{"@id":"https:\/\/www.b-tech.pt\/index.php\/product\/mesa-19\/#breadcrumb"},"inLanguage":"en-US","potentialAction":[{"@type":"ReadAction","target":["https:\/\/www.b-tech.pt\/index.php\/product\/mesa-19\/"]}]},{"@type":"BreadcrumbList","@id":"https:\/\/www.b-tech.pt\/index.php\/product\/mesa-19\/#breadcrumb","itemListElement":[{"@type":"ListItem","position":1,"name":"Home","item":"https:\/\/www.b-tech.pt\/"},{"@type":"ListItem","position":2,"name":"Shop","item":"https:\/\/www.b-tech.pt\/index.php\/shop\/"},{"@type":"ListItem","position":3,"name":"Mesa"}]},{"@type":"WebSite","@id":"https:\/\/www.b-tech.pt\/#website","url":"https:\/\/www.b-tech.pt\/","name":"Officeplan Store","description":"","potentialAction":[{"@type":"SearchAction","target":{"@type":"EntryPoint","urlTemplate":"https:\/\/www.b-tech.pt\/?s={search_term_string}"},"query-input":"required name=search_term_string"}],"inLanguage":"en-US"}]}},"_links":{"self":[{"href":"https:\/\/www.b-tech.pt\/index.php\/wp-json\/wp\/v2\/product\/4622","targetHints":{"allow":["GET"]}}],"collection":[{"href":"https:\/\/www.b-tech.pt\/index.php\/wp-json\/wp\/v2\/product"}],"about":[{"href":"https:\/\/www.b-tech.pt\/index.php\/wp-json\/wp\/v2\/types\/product"}],"replies":[{"embeddable":true,"href":"https:\/\/www.b-tech.pt\/index.php\/wp-json\/wp\/v2\/comments?post=4622"}],"version-history":[{"count":1,"href":"https:\/\/www.b-tech.pt\/index.php\/wp-json\/wp\/v2\/product\/4622\/revisions"}],"predecessor-version":[{"id":9554,"href":"https:\/\/www.b-tech.pt\/index.php\/wp-json\/wp\/v2\/product\/4622\/revisions\/9554"}],"wp:featuredmedia":[{"embeddable":true,"href":"https:\/\/www.b-tech.pt\/index.php\/wp-json\/wp\/v2\/media\/9555"}],"wp:attachment":[{"href":"https:\/\/www.b-tech.pt\/index.php\/wp-json\/wp\/v2\/media?parent=4622"}],"wp:term":[{"taxonomy":"product_cat","embeddable":true,"href":"https:\/\/www.b-tech.pt\/index.php\/wp-json\/wp\/v2\/product_cat?post=4622"},{"taxonomy":"product_tag","embeddable":true,"href":"https:\/\/www.b-tech.pt\/index.php\/wp-json\/wp\/v2\/product_tag?post=4622"}],"curies":[{"name":"wp","href":"https:\/\/api.w.org\/{rel}","templated":true}]}}