{"id":4630,"date":"2016-09-04T20:51:50","date_gmt":"2016-09-04T20:51:50","guid":{"rendered":"https:\/\/b-tech.pt\/?post_type=product&#038;p=4630"},"modified":"2023-01-29T17:25:46","modified_gmt":"2023-01-29T17:25:46","slug":"cadeira-5","status":"publish","type":"product","link":"https:\/\/www.b-tech.pt\/index.php\/product\/cadeira-5\/","title":{"rendered":"Cadeira"},"content":{"rendered":"<p>Cadeira Adulto<\/p>\n<p>Empilh\u00e1vel<\/p>\n<p>Tubo de a\u00e7o redondo 19<\/p>\n<p>Casco em polipropileno, com almofadas<\/p>\n<p>C\u00f4res diversas<\/p>\n","protected":false},"excerpt":{"rendered":"<p>Cadeira Adulto Empilh\u00e1vel Tubo de a\u00e7o redondo 19 Casco em polipropileno, com almofadas C\u00f4res diversas<\/p>\n","protected":false},"featured_media":9563,"comment_status":"closed","ping_status":"closed","template":"","meta":[],"product_cat":[769,767],"product_tag":[664,708,704,707,703,706,686,700,705,699],"class_list":["post-4630","product","type-product","status-publish","has-post-thumbnail","hentry","product_cat-cadeiras-escolares-mobiliario-escolar-mobiliario","product_cat-mobiliario-escolar-mobiliario","product_tag-construcoes","product_tag-auditorios","product_tag-aulas","product_tag-congressos","product_tag-construtores","product_tag-escola","product_tag-escolas-e-universidades","product_tag-jardim-infancia","product_tag-professores","product_tag-reunioes"],"yoast_head":"<!-- This site is optimized with the Yoast SEO plugin v20.1 - https:\/\/yoast.com\/wordpress\/plugins\/seo\/ -->\n<title>Cadeira - Officeplan Store<\/title>\n<meta name=\"robots\" content=\"index, follow, max-snippet:-1, max-image-preview:large, max-video-preview:-1\" \/>\n<link rel=\"canonical\" href=\"https:\/\/www.b-tech.pt\/index.php\/product\/cadeira-5\/\" \/>\n<meta property=\"og:locale\" content=\"en_US\" \/>\n<meta property=\"og:type\" content=\"article\" \/>\n<meta property=\"og:title\" content=\"Cadeira - Officeplan Store\" \/>\n<meta property=\"og:description\" content=\"Cadeira Adulto Empilh\u00e1vel Tubo de a\u00e7o redondo 19 Casco em polipropileno, com almofadas C\u00f4res diversas\" \/>\n<meta property=\"og:url\" content=\"https:\/\/www.b-tech.pt\/index.php\/product\/cadeira-5\/\" \/>\n<meta property=\"og:site_name\" content=\"Officeplan Store\" \/>\n<meta property=\"article:modified_time\" content=\"2023-01-29T17:25:46+00:00\" \/>\n<meta name=\"twitter:card\" content=\"summary_large_image\" \/>\n<script type=\"application\/ld+json\" class=\"yoast-schema-graph\">{\"@context\":\"https:\/\/schema.org\",\"@graph\":[{\"@type\":\"WebPage\",\"@id\":\"https:\/\/www.b-tech.pt\/index.php\/product\/cadeira-5\/\",\"url\":\"https:\/\/www.b-tech.pt\/index.php\/product\/cadeira-5\/\",\"name\":\"Cadeira - Officeplan Store\",\"isPartOf\":{\"@id\":\"https:\/\/www.b-tech.pt\/#website\"},\"datePublished\":\"2016-09-04T20:51:50+00:00\",\"dateModified\":\"2023-01-29T17:25:46+00:00\",\"breadcrumb\":{\"@id\":\"https:\/\/www.b-tech.pt\/index.php\/product\/cadeira-5\/#breadcrumb\"},\"inLanguage\":\"en-US\",\"potentialAction\":[{\"@type\":\"ReadAction\",\"target\":[\"https:\/\/www.b-tech.pt\/index.php\/product\/cadeira-5\/\"]}]},{\"@type\":\"BreadcrumbList\",\"@id\":\"https:\/\/www.b-tech.pt\/index.php\/product\/cadeira-5\/#breadcrumb\",\"itemListElement\":[{\"@type\":\"ListItem\",\"position\":1,\"name\":\"Home\",\"item\":\"https:\/\/www.b-tech.pt\/\"},{\"@type\":\"ListItem\",\"position\":2,\"name\":\"Shop\",\"item\":\"https:\/\/www.b-tech.pt\/index.php\/shop\/\"},{\"@type\":\"ListItem\",\"position\":3,\"name\":\"Cadeira\"}]},{\"@type\":\"WebSite\",\"@id\":\"https:\/\/www.b-tech.pt\/#website\",\"url\":\"https:\/\/www.b-tech.pt\/\",\"name\":\"Officeplan Store\",\"description\":\"\",\"potentialAction\":[{\"@type\":\"SearchAction\",\"target\":{\"@type\":\"EntryPoint\",\"urlTemplate\":\"https:\/\/www.b-tech.pt\/?s={search_term_string}\"},\"query-input\":\"required name=search_term_string\"}],\"inLanguage\":\"en-US\"}]}<\/script>\n<!-- \/ Yoast SEO plugin. -->","yoast_head_json":{"title":"Cadeira - Officeplan Store","robots":{"index":"index","follow":"follow","max-snippet":"max-snippet:-1","max-image-preview":"max-image-preview:large","max-video-preview":"max-video-preview:-1"},"canonical":"https:\/\/www.b-tech.pt\/index.php\/product\/cadeira-5\/","og_locale":"en_US","og_type":"article","og_title":"Cadeira - Officeplan Store","og_description":"Cadeira Adulto Empilh\u00e1vel Tubo de a\u00e7o redondo 19 Casco em polipropileno, com almofadas C\u00f4res diversas","og_url":"https:\/\/www.b-tech.pt\/index.php\/product\/cadeira-5\/","og_site_name":"Officeplan Store","article_modified_time":"2023-01-29T17:25:46+00:00","twitter_card":"summary_large_image","schema":{"@context":"https:\/\/schema.org","@graph":[{"@type":"WebPage","@id":"https:\/\/www.b-tech.pt\/index.php\/product\/cadeira-5\/","url":"https:\/\/www.b-tech.pt\/index.php\/product\/cadeira-5\/","name":"Cadeira - Officeplan Store","isPartOf":{"@id":"https:\/\/www.b-tech.pt\/#website"},"datePublished":"2016-09-04T20:51:50+00:00","dateModified":"2023-01-29T17:25:46+00:00","breadcrumb":{"@id":"https:\/\/www.b-tech.pt\/index.php\/product\/cadeira-5\/#breadcrumb"},"inLanguage":"en-US","potentialAction":[{"@type":"ReadAction","target":["https:\/\/www.b-tech.pt\/index.php\/product\/cadeira-5\/"]}]},{"@type":"BreadcrumbList","@id":"https:\/\/www.b-tech.pt\/index.php\/product\/cadeira-5\/#breadcrumb","itemListElement":[{"@type":"ListItem","position":1,"name":"Home","item":"https:\/\/www.b-tech.pt\/"},{"@type":"ListItem","position":2,"name":"Shop","item":"https:\/\/www.b-tech.pt\/index.php\/shop\/"},{"@type":"ListItem","position":3,"name":"Cadeira"}]},{"@type":"WebSite","@id":"https:\/\/www.b-tech.pt\/#website","url":"https:\/\/www.b-tech.pt\/","name":"Officeplan Store","description":"","potentialAction":[{"@type":"SearchAction","target":{"@type":"EntryPoint","urlTemplate":"https:\/\/www.b-tech.pt\/?s={search_term_string}"},"query-input":"required name=search_term_string"}],"inLanguage":"en-US"}]}},"_links":{"self":[{"href":"https:\/\/www.b-tech.pt\/index.php\/wp-json\/wp\/v2\/product\/4630","targetHints":{"allow":["GET"]}}],"collection":[{"href":"https:\/\/www.b-tech.pt\/index.php\/wp-json\/wp\/v2\/product"}],"about":[{"href":"https:\/\/www.b-tech.pt\/index.php\/wp-json\/wp\/v2\/types\/product"}],"replies":[{"embeddable":true,"href":"https:\/\/www.b-tech.pt\/index.php\/wp-json\/wp\/v2\/comments?post=4630"}],"version-history":[{"count":1,"href":"https:\/\/www.b-tech.pt\/index.php\/wp-json\/wp\/v2\/product\/4630\/revisions"}],"predecessor-version":[{"id":9562,"href":"https:\/\/www.b-tech.pt\/index.php\/wp-json\/wp\/v2\/product\/4630\/revisions\/9562"}],"wp:featuredmedia":[{"embeddable":true,"href":"https:\/\/www.b-tech.pt\/index.php\/wp-json\/wp\/v2\/media\/9563"}],"wp:attachment":[{"href":"https:\/\/www.b-tech.pt\/index.php\/wp-json\/wp\/v2\/media?parent=4630"}],"wp:term":[{"taxonomy":"product_cat","embeddable":true,"href":"https:\/\/www.b-tech.pt\/index.php\/wp-json\/wp\/v2\/product_cat?post=4630"},{"taxonomy":"product_tag","embeddable":true,"href":"https:\/\/www.b-tech.pt\/index.php\/wp-json\/wp\/v2\/product_tag?post=4630"}],"curies":[{"name":"wp","href":"https:\/\/api.w.org\/{rel}","templated":true}]}}