{"id":4793,"date":"2016-11-05T17:19:54","date_gmt":"2016-11-05T17:19:54","guid":{"rendered":"https:\/\/b-tech.pt\/?post_type=product&#038;p=4793"},"modified":"2023-01-29T17:26:05","modified_gmt":"2023-01-29T17:26:05","slug":"banco-regulavel","status":"publish","type":"product","link":"https:\/\/www.b-tech.pt\/index.php\/product\/banco-regulavel\/","title":{"rendered":"Banco Regul\u00e1vel"},"content":{"rendered":"<p>Banco regul\u00e1vel em altura<\/p>\n<p>Tubo de a\u00e7o 22<\/p>\n<p>Eleva\u00e7\u00e3o atrav\u00e9s de fuso roscado<\/p>\n","protected":false},"excerpt":{"rendered":"<p>Banco regul\u00e1vel em altura Tubo de a\u00e7o 22 Eleva\u00e7\u00e3o atrav\u00e9s de fuso roscado<\/p>\n","protected":false},"featured_media":9621,"comment_status":"closed","ping_status":"closed","template":"","meta":[],"product_cat":[770,767],"product_tag":[664,575,686,705,498],"class_list":["post-4793","product","type-product","status-publish","has-post-thumbnail","hentry","product_cat-diversos-escolares-mobiliario-escolar-mobiliario","product_cat-mobiliario-escolar-mobiliario","product_tag-construcoes","product_tag-armazem","product_tag-escolas-e-universidades","product_tag-professores","product_tag-sentado"],"yoast_head":"<!-- This site is optimized with the Yoast SEO plugin v20.1 - https:\/\/yoast.com\/wordpress\/plugins\/seo\/ -->\n<title>Banco Regul\u00e1vel - Officeplan Store<\/title>\n<meta name=\"robots\" content=\"index, follow, max-snippet:-1, max-image-preview:large, max-video-preview:-1\" \/>\n<link rel=\"canonical\" href=\"https:\/\/www.b-tech.pt\/index.php\/product\/banco-regulavel\/\" \/>\n<meta property=\"og:locale\" content=\"en_US\" \/>\n<meta property=\"og:type\" content=\"article\" \/>\n<meta property=\"og:title\" content=\"Banco Regul\u00e1vel - Officeplan Store\" \/>\n<meta property=\"og:description\" content=\"Banco regul\u00e1vel em altura Tubo de a\u00e7o 22 Eleva\u00e7\u00e3o atrav\u00e9s de fuso roscado\" \/>\n<meta property=\"og:url\" content=\"https:\/\/www.b-tech.pt\/index.php\/product\/banco-regulavel\/\" \/>\n<meta property=\"og:site_name\" content=\"Officeplan Store\" \/>\n<meta property=\"article:modified_time\" content=\"2023-01-29T17:26:05+00:00\" \/>\n<meta name=\"twitter:card\" content=\"summary_large_image\" \/>\n<script type=\"application\/ld+json\" class=\"yoast-schema-graph\">{\"@context\":\"https:\/\/schema.org\",\"@graph\":[{\"@type\":\"WebPage\",\"@id\":\"https:\/\/www.b-tech.pt\/index.php\/product\/banco-regulavel\/\",\"url\":\"https:\/\/www.b-tech.pt\/index.php\/product\/banco-regulavel\/\",\"name\":\"Banco Regul\u00e1vel - Officeplan Store\",\"isPartOf\":{\"@id\":\"https:\/\/www.b-tech.pt\/#website\"},\"datePublished\":\"2016-11-05T17:19:54+00:00\",\"dateModified\":\"2023-01-29T17:26:05+00:00\",\"breadcrumb\":{\"@id\":\"https:\/\/www.b-tech.pt\/index.php\/product\/banco-regulavel\/#breadcrumb\"},\"inLanguage\":\"en-US\",\"potentialAction\":[{\"@type\":\"ReadAction\",\"target\":[\"https:\/\/www.b-tech.pt\/index.php\/product\/banco-regulavel\/\"]}]},{\"@type\":\"BreadcrumbList\",\"@id\":\"https:\/\/www.b-tech.pt\/index.php\/product\/banco-regulavel\/#breadcrumb\",\"itemListElement\":[{\"@type\":\"ListItem\",\"position\":1,\"name\":\"Home\",\"item\":\"https:\/\/www.b-tech.pt\/\"},{\"@type\":\"ListItem\",\"position\":2,\"name\":\"Shop\",\"item\":\"https:\/\/www.b-tech.pt\/index.php\/shop\/\"},{\"@type\":\"ListItem\",\"position\":3,\"name\":\"Banco Regul\u00e1vel\"}]},{\"@type\":\"WebSite\",\"@id\":\"https:\/\/www.b-tech.pt\/#website\",\"url\":\"https:\/\/www.b-tech.pt\/\",\"name\":\"Officeplan Store\",\"description\":\"\",\"potentialAction\":[{\"@type\":\"SearchAction\",\"target\":{\"@type\":\"EntryPoint\",\"urlTemplate\":\"https:\/\/www.b-tech.pt\/?s={search_term_string}\"},\"query-input\":\"required name=search_term_string\"}],\"inLanguage\":\"en-US\"}]}<\/script>\n<!-- \/ Yoast SEO plugin. -->","yoast_head_json":{"title":"Banco Regul\u00e1vel - Officeplan Store","robots":{"index":"index","follow":"follow","max-snippet":"max-snippet:-1","max-image-preview":"max-image-preview:large","max-video-preview":"max-video-preview:-1"},"canonical":"https:\/\/www.b-tech.pt\/index.php\/product\/banco-regulavel\/","og_locale":"en_US","og_type":"article","og_title":"Banco Regul\u00e1vel - Officeplan Store","og_description":"Banco regul\u00e1vel em altura Tubo de a\u00e7o 22 Eleva\u00e7\u00e3o atrav\u00e9s de fuso roscado","og_url":"https:\/\/www.b-tech.pt\/index.php\/product\/banco-regulavel\/","og_site_name":"Officeplan Store","article_modified_time":"2023-01-29T17:26:05+00:00","twitter_card":"summary_large_image","schema":{"@context":"https:\/\/schema.org","@graph":[{"@type":"WebPage","@id":"https:\/\/www.b-tech.pt\/index.php\/product\/banco-regulavel\/","url":"https:\/\/www.b-tech.pt\/index.php\/product\/banco-regulavel\/","name":"Banco Regul\u00e1vel - Officeplan Store","isPartOf":{"@id":"https:\/\/www.b-tech.pt\/#website"},"datePublished":"2016-11-05T17:19:54+00:00","dateModified":"2023-01-29T17:26:05+00:00","breadcrumb":{"@id":"https:\/\/www.b-tech.pt\/index.php\/product\/banco-regulavel\/#breadcrumb"},"inLanguage":"en-US","potentialAction":[{"@type":"ReadAction","target":["https:\/\/www.b-tech.pt\/index.php\/product\/banco-regulavel\/"]}]},{"@type":"BreadcrumbList","@id":"https:\/\/www.b-tech.pt\/index.php\/product\/banco-regulavel\/#breadcrumb","itemListElement":[{"@type":"ListItem","position":1,"name":"Home","item":"https:\/\/www.b-tech.pt\/"},{"@type":"ListItem","position":2,"name":"Shop","item":"https:\/\/www.b-tech.pt\/index.php\/shop\/"},{"@type":"ListItem","position":3,"name":"Banco Regul\u00e1vel"}]},{"@type":"WebSite","@id":"https:\/\/www.b-tech.pt\/#website","url":"https:\/\/www.b-tech.pt\/","name":"Officeplan Store","description":"","potentialAction":[{"@type":"SearchAction","target":{"@type":"EntryPoint","urlTemplate":"https:\/\/www.b-tech.pt\/?s={search_term_string}"},"query-input":"required name=search_term_string"}],"inLanguage":"en-US"}]}},"_links":{"self":[{"href":"https:\/\/www.b-tech.pt\/index.php\/wp-json\/wp\/v2\/product\/4793","targetHints":{"allow":["GET"]}}],"collection":[{"href":"https:\/\/www.b-tech.pt\/index.php\/wp-json\/wp\/v2\/product"}],"about":[{"href":"https:\/\/www.b-tech.pt\/index.php\/wp-json\/wp\/v2\/types\/product"}],"replies":[{"embeddable":true,"href":"https:\/\/www.b-tech.pt\/index.php\/wp-json\/wp\/v2\/comments?post=4793"}],"version-history":[{"count":1,"href":"https:\/\/www.b-tech.pt\/index.php\/wp-json\/wp\/v2\/product\/4793\/revisions"}],"predecessor-version":[{"id":9620,"href":"https:\/\/www.b-tech.pt\/index.php\/wp-json\/wp\/v2\/product\/4793\/revisions\/9620"}],"wp:featuredmedia":[{"embeddable":true,"href":"https:\/\/www.b-tech.pt\/index.php\/wp-json\/wp\/v2\/media\/9621"}],"wp:attachment":[{"href":"https:\/\/www.b-tech.pt\/index.php\/wp-json\/wp\/v2\/media?parent=4793"}],"wp:term":[{"taxonomy":"product_cat","embeddable":true,"href":"https:\/\/www.b-tech.pt\/index.php\/wp-json\/wp\/v2\/product_cat?post=4793"},{"taxonomy":"product_tag","embeddable":true,"href":"https:\/\/www.b-tech.pt\/index.php\/wp-json\/wp\/v2\/product_tag?post=4793"}],"curies":[{"name":"wp","href":"https:\/\/api.w.org\/{rel}","templated":true}]}}