{"id":4799,"date":"2016-11-05T17:36:57","date_gmt":"2016-11-05T17:36:57","guid":{"rendered":"https:\/\/b-tech.pt\/?post_type=product&#038;p=4799"},"modified":"2023-01-29T17:26:05","modified_gmt":"2023-01-29T17:26:05","slug":"banco-2","status":"publish","type":"product","link":"https:\/\/www.b-tech.pt\/index.php\/product\/banco-2\/","title":{"rendered":"Banco"},"content":{"rendered":"<p>Banco corrido de balne\u00e1rio<\/p>\n<p>Tubo de a\u00e7o redondo 25 mm<\/p>\n<p>Altura 450<br \/>\n<!-- Google Analytics Tracking by Google Analyticator 6.5.0: http:\/\/www.videousermanuals.com\/google-analyticator\/ --><script type=\"text\/javascript\">\/\/ <![CDATA[\nvar analyticsFileTypes = ['']; var analyticsSnippet = 'disabled'; var analyticsEventTracking = 'enabled';\n\/\/ ]]><\/script><script type=\"text\/javascript\">\/\/ <![CDATA[\n(function(i,s,o,g,r,a,m){i['GoogleAnalyticsObject']=r;i[r]=i[r]||function(){ (i[r].q=i[r].q||[]).push(arguments)},i[r].l=1*new Date();a=s.createElement(o), m=s.getElementsByTagName(o)[0];a.async=1;a.src=g;m.parentNode.insertBefore(a,m) })(window,document,'script','\/\/www.google-analytics.com\/analytics.js','ga'); ga('create', 'UA-83425513-1', 'auto'); ga('send', 'pageview');\n\/\/ ]]><\/script><\/p>\n<div id=\"wrapper\">\n<div class=\"shop-container\">\n<div id=\"product-4514\" class=\"post-4514 product type-product status-publish has-post-thumbnail product_cat-vestiarios-acessorios product_cat-mobiliario product_cat-mobiliario-de-escritorio product_cat-vestiarios-1 product_tag-balnearios product_tag-bancos product_tag-descanso product_tag-espaco product_tag-ginasio product_tag-piscina first instock featured taxable shipping-taxable product-type-simple\">\n<div class=\"product-container\">\n<div class=\"product-footer\">\n<div class=\"container\">\n<div class=\"woocommerce-tabs tabbed-content\">\n<div class=\"tab-panels\">\n<div id=\"tab-description\" class=\"panel entry-content active\">\n<p>Estrutura met\u00e1lica, pintado a epoxy<\/p>\n<p>Dispon\u00edveis nas medidas:<\/p>\n<p>1000&#215;300<\/p>\n<p>1200&#215;300<\/p>\n<\/div>\n<div class=\"panel entry-content active\">\n<p>1500&#215;300<\/p>\n<\/div>\n<div class=\"panel entry-content active\">\n<p>1600&#215;300<\/p>\n<\/div>\n<div class=\"panel entry-content active\">1800&#215;300<\/div>\n<\/div>\n<\/div>\n<\/div>\n<\/div>\n<\/div>\n<\/div>\n<\/div>\n<\/div>\n<p>&nbsp;<\/p>\n","protected":false},"excerpt":{"rendered":"<p>Banco corrido de balne\u00e1rio Tubo de a\u00e7o redondo 25 mm Altura 450 Estrutura met\u00e1lica, pintado a epoxy Dispon\u00edveis nas medidas:<\/p>\n","protected":false},"featured_media":9627,"comment_status":"closed","ping_status":"closed","template":"","meta":[],"product_cat":[766,103,762],"product_tag":[639,695,493,700,694],"class_list":["post-4799","product","type-product","status-publish","has-post-thumbnail","hentry","product_cat-acessorios","product_cat-mobiliario","product_cat-vestiarios-mobiliario-de-escritorio-mobiliario","product_tag-balnearios","product_tag-banco-balneario","product_tag-jardim","product_tag-jardim-infancia","product_tag-piscinas"],"yoast_head":"<!-- This site is optimized with the Yoast SEO plugin v20.1 - https:\/\/yoast.com\/wordpress\/plugins\/seo\/ -->\n<title>Banco - Officeplan Store<\/title>\n<meta name=\"robots\" content=\"index, follow, max-snippet:-1, max-image-preview:large, max-video-preview:-1\" \/>\n<link rel=\"canonical\" href=\"https:\/\/www.b-tech.pt\/index.php\/product\/banco-2\/\" \/>\n<meta property=\"og:locale\" content=\"en_US\" \/>\n<meta property=\"og:type\" content=\"article\" \/>\n<meta property=\"og:title\" content=\"Banco - Officeplan Store\" \/>\n<meta property=\"og:description\" content=\"Banco corrido de balne\u00e1rio Tubo de a\u00e7o redondo 25 mm Altura 450 Estrutura met\u00e1lica, pintado a epoxy Dispon\u00edveis nas medidas:\" \/>\n<meta property=\"og:url\" content=\"https:\/\/www.b-tech.pt\/index.php\/product\/banco-2\/\" \/>\n<meta property=\"og:site_name\" content=\"Officeplan Store\" \/>\n<meta property=\"article:modified_time\" content=\"2023-01-29T17:26:05+00:00\" \/>\n<meta name=\"twitter:card\" content=\"summary_large_image\" \/>\n<script type=\"application\/ld+json\" class=\"yoast-schema-graph\">{\"@context\":\"https:\/\/schema.org\",\"@graph\":[{\"@type\":\"WebPage\",\"@id\":\"https:\/\/www.b-tech.pt\/index.php\/product\/banco-2\/\",\"url\":\"https:\/\/www.b-tech.pt\/index.php\/product\/banco-2\/\",\"name\":\"Banco - Officeplan Store\",\"isPartOf\":{\"@id\":\"https:\/\/www.b-tech.pt\/#website\"},\"datePublished\":\"2016-11-05T17:36:57+00:00\",\"dateModified\":\"2023-01-29T17:26:05+00:00\",\"breadcrumb\":{\"@id\":\"https:\/\/www.b-tech.pt\/index.php\/product\/banco-2\/#breadcrumb\"},\"inLanguage\":\"en-US\",\"potentialAction\":[{\"@type\":\"ReadAction\",\"target\":[\"https:\/\/www.b-tech.pt\/index.php\/product\/banco-2\/\"]}]},{\"@type\":\"BreadcrumbList\",\"@id\":\"https:\/\/www.b-tech.pt\/index.php\/product\/banco-2\/#breadcrumb\",\"itemListElement\":[{\"@type\":\"ListItem\",\"position\":1,\"name\":\"Home\",\"item\":\"https:\/\/www.b-tech.pt\/\"},{\"@type\":\"ListItem\",\"position\":2,\"name\":\"Shop\",\"item\":\"https:\/\/www.b-tech.pt\/index.php\/shop\/\"},{\"@type\":\"ListItem\",\"position\":3,\"name\":\"Banco\"}]},{\"@type\":\"WebSite\",\"@id\":\"https:\/\/www.b-tech.pt\/#website\",\"url\":\"https:\/\/www.b-tech.pt\/\",\"name\":\"Officeplan Store\",\"description\":\"\",\"potentialAction\":[{\"@type\":\"SearchAction\",\"target\":{\"@type\":\"EntryPoint\",\"urlTemplate\":\"https:\/\/www.b-tech.pt\/?s={search_term_string}\"},\"query-input\":\"required name=search_term_string\"}],\"inLanguage\":\"en-US\"}]}<\/script>\n<!-- \/ Yoast SEO plugin. -->","yoast_head_json":{"title":"Banco - Officeplan Store","robots":{"index":"index","follow":"follow","max-snippet":"max-snippet:-1","max-image-preview":"max-image-preview:large","max-video-preview":"max-video-preview:-1"},"canonical":"https:\/\/www.b-tech.pt\/index.php\/product\/banco-2\/","og_locale":"en_US","og_type":"article","og_title":"Banco - Officeplan Store","og_description":"Banco corrido de balne\u00e1rio Tubo de a\u00e7o redondo 25 mm Altura 450 Estrutura met\u00e1lica, pintado a epoxy Dispon\u00edveis nas medidas:","og_url":"https:\/\/www.b-tech.pt\/index.php\/product\/banco-2\/","og_site_name":"Officeplan Store","article_modified_time":"2023-01-29T17:26:05+00:00","twitter_card":"summary_large_image","schema":{"@context":"https:\/\/schema.org","@graph":[{"@type":"WebPage","@id":"https:\/\/www.b-tech.pt\/index.php\/product\/banco-2\/","url":"https:\/\/www.b-tech.pt\/index.php\/product\/banco-2\/","name":"Banco - Officeplan Store","isPartOf":{"@id":"https:\/\/www.b-tech.pt\/#website"},"datePublished":"2016-11-05T17:36:57+00:00","dateModified":"2023-01-29T17:26:05+00:00","breadcrumb":{"@id":"https:\/\/www.b-tech.pt\/index.php\/product\/banco-2\/#breadcrumb"},"inLanguage":"en-US","potentialAction":[{"@type":"ReadAction","target":["https:\/\/www.b-tech.pt\/index.php\/product\/banco-2\/"]}]},{"@type":"BreadcrumbList","@id":"https:\/\/www.b-tech.pt\/index.php\/product\/banco-2\/#breadcrumb","itemListElement":[{"@type":"ListItem","position":1,"name":"Home","item":"https:\/\/www.b-tech.pt\/"},{"@type":"ListItem","position":2,"name":"Shop","item":"https:\/\/www.b-tech.pt\/index.php\/shop\/"},{"@type":"ListItem","position":3,"name":"Banco"}]},{"@type":"WebSite","@id":"https:\/\/www.b-tech.pt\/#website","url":"https:\/\/www.b-tech.pt\/","name":"Officeplan Store","description":"","potentialAction":[{"@type":"SearchAction","target":{"@type":"EntryPoint","urlTemplate":"https:\/\/www.b-tech.pt\/?s={search_term_string}"},"query-input":"required name=search_term_string"}],"inLanguage":"en-US"}]}},"_links":{"self":[{"href":"https:\/\/www.b-tech.pt\/index.php\/wp-json\/wp\/v2\/product\/4799","targetHints":{"allow":["GET"]}}],"collection":[{"href":"https:\/\/www.b-tech.pt\/index.php\/wp-json\/wp\/v2\/product"}],"about":[{"href":"https:\/\/www.b-tech.pt\/index.php\/wp-json\/wp\/v2\/types\/product"}],"replies":[{"embeddable":true,"href":"https:\/\/www.b-tech.pt\/index.php\/wp-json\/wp\/v2\/comments?post=4799"}],"version-history":[{"count":1,"href":"https:\/\/www.b-tech.pt\/index.php\/wp-json\/wp\/v2\/product\/4799\/revisions"}],"predecessor-version":[{"id":9626,"href":"https:\/\/www.b-tech.pt\/index.php\/wp-json\/wp\/v2\/product\/4799\/revisions\/9626"}],"wp:featuredmedia":[{"embeddable":true,"href":"https:\/\/www.b-tech.pt\/index.php\/wp-json\/wp\/v2\/media\/9627"}],"wp:attachment":[{"href":"https:\/\/www.b-tech.pt\/index.php\/wp-json\/wp\/v2\/media?parent=4799"}],"wp:term":[{"taxonomy":"product_cat","embeddable":true,"href":"https:\/\/www.b-tech.pt\/index.php\/wp-json\/wp\/v2\/product_cat?post=4799"},{"taxonomy":"product_tag","embeddable":true,"href":"https:\/\/www.b-tech.pt\/index.php\/wp-json\/wp\/v2\/product_tag?post=4799"}],"curies":[{"name":"wp","href":"https:\/\/api.w.org\/{rel}","templated":true}]}}