{"id":4836,"date":"2016-11-08T10:36:39","date_gmt":"2016-11-08T10:36:39","guid":{"rendered":"https:\/\/b-tech.pt\/?post_type=product&#038;p=4836"},"modified":"2023-01-29T17:26:10","modified_gmt":"2023-01-29T17:26:10","slug":"reguas","status":"publish","type":"product","link":"https:\/\/www.b-tech.pt\/index.php\/product\/reguas\/","title":{"rendered":"R\u00e9guas"},"content":{"rendered":"<p>R\u00e9guas de cabides<\/p>\n<p>Cabides em metal<\/p>\n<p>&nbsp;<\/p>\n<div id=\"wrapper\">\n<div class=\"shop-container\">\n<div id=\"product-4514\" class=\"post-4514 product type-product status-publish has-post-thumbnail product_cat-vestiarios-acessorios product_cat-mobiliario product_cat-mobiliario-de-escritorio product_cat-vestiarios-1 product_tag-balnearios product_tag-bancos product_tag-descanso product_tag-espaco product_tag-ginasio product_tag-piscina first instock featured taxable shipping-taxable product-type-simple\">\n<div class=\"product-container\">\n<div class=\"product-footer\">\n<div class=\"container\">\n<div class=\"woocommerce-tabs tabbed-content\">\n<div class=\"tab-panels\">\n<div id=\"tab-description\" class=\"panel entry-content active\">\n<p>Dispon\u00edveis nas medidas:<\/p>\n<p>1200&#215;120<\/p>\n<\/div>\n<div class=\"panel entry-content active\">\n<p>1500&#215;120<\/p>\n<\/div>\n<div class=\"panel entry-content active\">\n<p>1800&#215;120<\/p>\n<\/div>\n<div class=\"panel entry-content active\"><\/div>\n<\/div>\n<\/div>\n<\/div>\n<\/div>\n<\/div>\n<\/div>\n<\/div>\n<\/div>\n","protected":false},"excerpt":{"rendered":"<p>R\u00e9guas de cabides Cabides em metal &nbsp; Dispon\u00edveis nas medidas: 1200&#215;120 1500&#215;120 1800&#215;120<\/p>\n","protected":false},"featured_media":9643,"comment_status":"closed","ping_status":"closed","template":"","meta":[],"product_cat":[766,103,762],"product_tag":[734,490,686,636],"class_list":["post-4836","product","type-product","status-publish","has-post-thumbnail","hentry","product_cat-acessorios","product_cat-mobiliario","product_cat-vestiarios-mobiliario-de-escritorio-mobiliario","product_tag-cabides","product_tag-casacos","product_tag-escolas-e-universidades","product_tag-roupeiros"],"yoast_head":"<!-- This site is optimized with the Yoast SEO plugin v20.1 - https:\/\/yoast.com\/wordpress\/plugins\/seo\/ -->\n<title>R\u00e9guas - Officeplan Store<\/title>\n<meta name=\"robots\" content=\"index, follow, max-snippet:-1, max-image-preview:large, max-video-preview:-1\" \/>\n<link rel=\"canonical\" href=\"https:\/\/www.b-tech.pt\/index.php\/product\/reguas\/\" \/>\n<meta property=\"og:locale\" content=\"en_US\" \/>\n<meta property=\"og:type\" content=\"article\" \/>\n<meta property=\"og:title\" content=\"R\u00e9guas - Officeplan Store\" \/>\n<meta property=\"og:description\" content=\"R\u00e9guas de cabides Cabides em metal &nbsp; Dispon\u00edveis nas medidas: 1200&#215;120 1500&#215;120 1800&#215;120\" \/>\n<meta property=\"og:url\" content=\"https:\/\/www.b-tech.pt\/index.php\/product\/reguas\/\" \/>\n<meta property=\"og:site_name\" content=\"Officeplan Store\" \/>\n<meta property=\"article:modified_time\" content=\"2023-01-29T17:26:10+00:00\" \/>\n<meta name=\"twitter:card\" content=\"summary_large_image\" \/>\n<script type=\"application\/ld+json\" class=\"yoast-schema-graph\">{\"@context\":\"https:\/\/schema.org\",\"@graph\":[{\"@type\":\"WebPage\",\"@id\":\"https:\/\/www.b-tech.pt\/index.php\/product\/reguas\/\",\"url\":\"https:\/\/www.b-tech.pt\/index.php\/product\/reguas\/\",\"name\":\"R\u00e9guas - Officeplan Store\",\"isPartOf\":{\"@id\":\"https:\/\/www.b-tech.pt\/#website\"},\"datePublished\":\"2016-11-08T10:36:39+00:00\",\"dateModified\":\"2023-01-29T17:26:10+00:00\",\"breadcrumb\":{\"@id\":\"https:\/\/www.b-tech.pt\/index.php\/product\/reguas\/#breadcrumb\"},\"inLanguage\":\"en-US\",\"potentialAction\":[{\"@type\":\"ReadAction\",\"target\":[\"https:\/\/www.b-tech.pt\/index.php\/product\/reguas\/\"]}]},{\"@type\":\"BreadcrumbList\",\"@id\":\"https:\/\/www.b-tech.pt\/index.php\/product\/reguas\/#breadcrumb\",\"itemListElement\":[{\"@type\":\"ListItem\",\"position\":1,\"name\":\"Home\",\"item\":\"https:\/\/www.b-tech.pt\/\"},{\"@type\":\"ListItem\",\"position\":2,\"name\":\"Shop\",\"item\":\"https:\/\/www.b-tech.pt\/index.php\/shop\/\"},{\"@type\":\"ListItem\",\"position\":3,\"name\":\"R\u00e9guas\"}]},{\"@type\":\"WebSite\",\"@id\":\"https:\/\/www.b-tech.pt\/#website\",\"url\":\"https:\/\/www.b-tech.pt\/\",\"name\":\"Officeplan Store\",\"description\":\"\",\"potentialAction\":[{\"@type\":\"SearchAction\",\"target\":{\"@type\":\"EntryPoint\",\"urlTemplate\":\"https:\/\/www.b-tech.pt\/?s={search_term_string}\"},\"query-input\":\"required name=search_term_string\"}],\"inLanguage\":\"en-US\"}]}<\/script>\n<!-- \/ Yoast SEO plugin. -->","yoast_head_json":{"title":"R\u00e9guas - Officeplan Store","robots":{"index":"index","follow":"follow","max-snippet":"max-snippet:-1","max-image-preview":"max-image-preview:large","max-video-preview":"max-video-preview:-1"},"canonical":"https:\/\/www.b-tech.pt\/index.php\/product\/reguas\/","og_locale":"en_US","og_type":"article","og_title":"R\u00e9guas - Officeplan Store","og_description":"R\u00e9guas de cabides Cabides em metal &nbsp; Dispon\u00edveis nas medidas: 1200&#215;120 1500&#215;120 1800&#215;120","og_url":"https:\/\/www.b-tech.pt\/index.php\/product\/reguas\/","og_site_name":"Officeplan Store","article_modified_time":"2023-01-29T17:26:10+00:00","twitter_card":"summary_large_image","schema":{"@context":"https:\/\/schema.org","@graph":[{"@type":"WebPage","@id":"https:\/\/www.b-tech.pt\/index.php\/product\/reguas\/","url":"https:\/\/www.b-tech.pt\/index.php\/product\/reguas\/","name":"R\u00e9guas - Officeplan Store","isPartOf":{"@id":"https:\/\/www.b-tech.pt\/#website"},"datePublished":"2016-11-08T10:36:39+00:00","dateModified":"2023-01-29T17:26:10+00:00","breadcrumb":{"@id":"https:\/\/www.b-tech.pt\/index.php\/product\/reguas\/#breadcrumb"},"inLanguage":"en-US","potentialAction":[{"@type":"ReadAction","target":["https:\/\/www.b-tech.pt\/index.php\/product\/reguas\/"]}]},{"@type":"BreadcrumbList","@id":"https:\/\/www.b-tech.pt\/index.php\/product\/reguas\/#breadcrumb","itemListElement":[{"@type":"ListItem","position":1,"name":"Home","item":"https:\/\/www.b-tech.pt\/"},{"@type":"ListItem","position":2,"name":"Shop","item":"https:\/\/www.b-tech.pt\/index.php\/shop\/"},{"@type":"ListItem","position":3,"name":"R\u00e9guas"}]},{"@type":"WebSite","@id":"https:\/\/www.b-tech.pt\/#website","url":"https:\/\/www.b-tech.pt\/","name":"Officeplan Store","description":"","potentialAction":[{"@type":"SearchAction","target":{"@type":"EntryPoint","urlTemplate":"https:\/\/www.b-tech.pt\/?s={search_term_string}"},"query-input":"required name=search_term_string"}],"inLanguage":"en-US"}]}},"_links":{"self":[{"href":"https:\/\/www.b-tech.pt\/index.php\/wp-json\/wp\/v2\/product\/4836","targetHints":{"allow":["GET"]}}],"collection":[{"href":"https:\/\/www.b-tech.pt\/index.php\/wp-json\/wp\/v2\/product"}],"about":[{"href":"https:\/\/www.b-tech.pt\/index.php\/wp-json\/wp\/v2\/types\/product"}],"replies":[{"embeddable":true,"href":"https:\/\/www.b-tech.pt\/index.php\/wp-json\/wp\/v2\/comments?post=4836"}],"version-history":[{"count":1,"href":"https:\/\/www.b-tech.pt\/index.php\/wp-json\/wp\/v2\/product\/4836\/revisions"}],"predecessor-version":[{"id":9642,"href":"https:\/\/www.b-tech.pt\/index.php\/wp-json\/wp\/v2\/product\/4836\/revisions\/9642"}],"wp:featuredmedia":[{"embeddable":true,"href":"https:\/\/www.b-tech.pt\/index.php\/wp-json\/wp\/v2\/media\/9643"}],"wp:attachment":[{"href":"https:\/\/www.b-tech.pt\/index.php\/wp-json\/wp\/v2\/media?parent=4836"}],"wp:term":[{"taxonomy":"product_cat","embeddable":true,"href":"https:\/\/www.b-tech.pt\/index.php\/wp-json\/wp\/v2\/product_cat?post=4836"},{"taxonomy":"product_tag","embeddable":true,"href":"https:\/\/www.b-tech.pt\/index.php\/wp-json\/wp\/v2\/product_tag?post=4836"}],"curies":[{"name":"wp","href":"https:\/\/api.w.org\/{rel}","templated":true}]}}