{"id":4860,"date":"2016-11-25T10:14:13","date_gmt":"2016-11-25T10:14:13","guid":{"rendered":"https:\/\/b-tech.pt\/?post_type=product&#038;p=4860"},"modified":"2023-01-29T17:26:11","modified_gmt":"2023-01-29T17:26:11","slug":"sofa-duplo","status":"publish","type":"product","link":"https:\/\/www.b-tech.pt\/index.php\/product\/sofa-duplo\/","title":{"rendered":"Sof\u00e1 duplo"},"content":{"rendered":"<p>Sof\u00e1 Duplo 1 Face<\/p>\n<p>Tubo de a\u00e7o rectangular 20&#215;10<\/p>\n<p>Assento almofadado<\/p>\n<p>Pintura Epoxy<\/p>\n<p>Costa &#8211; 1000<\/p>\n<p>Assento\u00a0&#8211;\u00a0550<\/p>\n<p>Altura &#8211; 450<\/p>\n<p>Comprimento &#8211; 1200<\/p>\n","protected":false},"excerpt":{"rendered":"<p>Sof\u00e1 Duplo 1 Face Tubo de a\u00e7o rectangular 20&#215;10 Assento almofadado Pintura Epoxy Costa &#8211; 1000 Assento\u00a0&#8211;\u00a0550 Altura &#8211; 450<\/p>\n","protected":false},"featured_media":9655,"comment_status":"closed","ping_status":"closed","template":"","meta":[],"product_cat":[745,743],"product_tag":[609,481,597,735,529,596],"class_list":["post-4860","product","type-product","status-publish","has-post-thumbnail","hentry","product_cat-cadeira-hotelaria-mobiliario-de-hotelaria-mobiliario","product_cat-mobiliario-de-hotelaria-mobiliario","product_tag-bar","product_tag-cadeira-hotelaria","product_tag-cafe","product_tag-diversao","product_tag-mobiliario","product_tag-restaurante"],"yoast_head":"<!-- This site is optimized with the Yoast SEO plugin v20.1 - https:\/\/yoast.com\/wordpress\/plugins\/seo\/ -->\n<title>Sof\u00e1 duplo - Officeplan Store<\/title>\n<meta name=\"robots\" content=\"index, follow, max-snippet:-1, max-image-preview:large, max-video-preview:-1\" \/>\n<link rel=\"canonical\" href=\"https:\/\/www.b-tech.pt\/index.php\/product\/sofa-duplo\/\" \/>\n<meta property=\"og:locale\" content=\"en_US\" \/>\n<meta property=\"og:type\" content=\"article\" \/>\n<meta property=\"og:title\" content=\"Sof\u00e1 duplo - Officeplan Store\" \/>\n<meta property=\"og:description\" content=\"Sof\u00e1 Duplo 1 Face Tubo de a\u00e7o rectangular 20&#215;10 Assento almofadado Pintura Epoxy Costa &#8211; 1000 Assento\u00a0&#8211;\u00a0550 Altura &#8211; 450\" \/>\n<meta property=\"og:url\" content=\"https:\/\/www.b-tech.pt\/index.php\/product\/sofa-duplo\/\" \/>\n<meta property=\"og:site_name\" content=\"Officeplan Store\" \/>\n<meta property=\"article:modified_time\" content=\"2023-01-29T17:26:11+00:00\" \/>\n<meta name=\"twitter:card\" content=\"summary_large_image\" \/>\n<script type=\"application\/ld+json\" class=\"yoast-schema-graph\">{\"@context\":\"https:\/\/schema.org\",\"@graph\":[{\"@type\":\"WebPage\",\"@id\":\"https:\/\/www.b-tech.pt\/index.php\/product\/sofa-duplo\/\",\"url\":\"https:\/\/www.b-tech.pt\/index.php\/product\/sofa-duplo\/\",\"name\":\"Sof\u00e1 duplo - Officeplan Store\",\"isPartOf\":{\"@id\":\"https:\/\/www.b-tech.pt\/#website\"},\"datePublished\":\"2016-11-25T10:14:13+00:00\",\"dateModified\":\"2023-01-29T17:26:11+00:00\",\"breadcrumb\":{\"@id\":\"https:\/\/www.b-tech.pt\/index.php\/product\/sofa-duplo\/#breadcrumb\"},\"inLanguage\":\"en-US\",\"potentialAction\":[{\"@type\":\"ReadAction\",\"target\":[\"https:\/\/www.b-tech.pt\/index.php\/product\/sofa-duplo\/\"]}]},{\"@type\":\"BreadcrumbList\",\"@id\":\"https:\/\/www.b-tech.pt\/index.php\/product\/sofa-duplo\/#breadcrumb\",\"itemListElement\":[{\"@type\":\"ListItem\",\"position\":1,\"name\":\"Home\",\"item\":\"https:\/\/www.b-tech.pt\/\"},{\"@type\":\"ListItem\",\"position\":2,\"name\":\"Shop\",\"item\":\"https:\/\/www.b-tech.pt\/index.php\/shop\/\"},{\"@type\":\"ListItem\",\"position\":3,\"name\":\"Sof\u00e1 duplo\"}]},{\"@type\":\"WebSite\",\"@id\":\"https:\/\/www.b-tech.pt\/#website\",\"url\":\"https:\/\/www.b-tech.pt\/\",\"name\":\"Officeplan Store\",\"description\":\"\",\"potentialAction\":[{\"@type\":\"SearchAction\",\"target\":{\"@type\":\"EntryPoint\",\"urlTemplate\":\"https:\/\/www.b-tech.pt\/?s={search_term_string}\"},\"query-input\":\"required name=search_term_string\"}],\"inLanguage\":\"en-US\"}]}<\/script>\n<!-- \/ Yoast SEO plugin. -->","yoast_head_json":{"title":"Sof\u00e1 duplo - Officeplan Store","robots":{"index":"index","follow":"follow","max-snippet":"max-snippet:-1","max-image-preview":"max-image-preview:large","max-video-preview":"max-video-preview:-1"},"canonical":"https:\/\/www.b-tech.pt\/index.php\/product\/sofa-duplo\/","og_locale":"en_US","og_type":"article","og_title":"Sof\u00e1 duplo - Officeplan Store","og_description":"Sof\u00e1 Duplo 1 Face Tubo de a\u00e7o rectangular 20&#215;10 Assento almofadado Pintura Epoxy Costa &#8211; 1000 Assento\u00a0&#8211;\u00a0550 Altura &#8211; 450","og_url":"https:\/\/www.b-tech.pt\/index.php\/product\/sofa-duplo\/","og_site_name":"Officeplan Store","article_modified_time":"2023-01-29T17:26:11+00:00","twitter_card":"summary_large_image","schema":{"@context":"https:\/\/schema.org","@graph":[{"@type":"WebPage","@id":"https:\/\/www.b-tech.pt\/index.php\/product\/sofa-duplo\/","url":"https:\/\/www.b-tech.pt\/index.php\/product\/sofa-duplo\/","name":"Sof\u00e1 duplo - Officeplan Store","isPartOf":{"@id":"https:\/\/www.b-tech.pt\/#website"},"datePublished":"2016-11-25T10:14:13+00:00","dateModified":"2023-01-29T17:26:11+00:00","breadcrumb":{"@id":"https:\/\/www.b-tech.pt\/index.php\/product\/sofa-duplo\/#breadcrumb"},"inLanguage":"en-US","potentialAction":[{"@type":"ReadAction","target":["https:\/\/www.b-tech.pt\/index.php\/product\/sofa-duplo\/"]}]},{"@type":"BreadcrumbList","@id":"https:\/\/www.b-tech.pt\/index.php\/product\/sofa-duplo\/#breadcrumb","itemListElement":[{"@type":"ListItem","position":1,"name":"Home","item":"https:\/\/www.b-tech.pt\/"},{"@type":"ListItem","position":2,"name":"Shop","item":"https:\/\/www.b-tech.pt\/index.php\/shop\/"},{"@type":"ListItem","position":3,"name":"Sof\u00e1 duplo"}]},{"@type":"WebSite","@id":"https:\/\/www.b-tech.pt\/#website","url":"https:\/\/www.b-tech.pt\/","name":"Officeplan Store","description":"","potentialAction":[{"@type":"SearchAction","target":{"@type":"EntryPoint","urlTemplate":"https:\/\/www.b-tech.pt\/?s={search_term_string}"},"query-input":"required name=search_term_string"}],"inLanguage":"en-US"}]}},"_links":{"self":[{"href":"https:\/\/www.b-tech.pt\/index.php\/wp-json\/wp\/v2\/product\/4860","targetHints":{"allow":["GET"]}}],"collection":[{"href":"https:\/\/www.b-tech.pt\/index.php\/wp-json\/wp\/v2\/product"}],"about":[{"href":"https:\/\/www.b-tech.pt\/index.php\/wp-json\/wp\/v2\/types\/product"}],"replies":[{"embeddable":true,"href":"https:\/\/www.b-tech.pt\/index.php\/wp-json\/wp\/v2\/comments?post=4860"}],"version-history":[{"count":1,"href":"https:\/\/www.b-tech.pt\/index.php\/wp-json\/wp\/v2\/product\/4860\/revisions"}],"predecessor-version":[{"id":9654,"href":"https:\/\/www.b-tech.pt\/index.php\/wp-json\/wp\/v2\/product\/4860\/revisions\/9654"}],"wp:featuredmedia":[{"embeddable":true,"href":"https:\/\/www.b-tech.pt\/index.php\/wp-json\/wp\/v2\/media\/9655"}],"wp:attachment":[{"href":"https:\/\/www.b-tech.pt\/index.php\/wp-json\/wp\/v2\/media?parent=4860"}],"wp:term":[{"taxonomy":"product_cat","embeddable":true,"href":"https:\/\/www.b-tech.pt\/index.php\/wp-json\/wp\/v2\/product_cat?post=4860"},{"taxonomy":"product_tag","embeddable":true,"href":"https:\/\/www.b-tech.pt\/index.php\/wp-json\/wp\/v2\/product_tag?post=4860"}],"curies":[{"name":"wp","href":"https:\/\/api.w.org\/{rel}","templated":true}]}}