{"id":4862,"date":"2016-11-25T10:31:08","date_gmt":"2016-11-25T10:31:08","guid":{"rendered":"https:\/\/b-tech.pt\/?post_type=product&#038;p=4862"},"modified":"2023-01-29T17:26:14","modified_gmt":"2023-01-29T17:26:14","slug":"sofa-duplo-2","status":"publish","type":"product","link":"https:\/\/www.b-tech.pt\/index.php\/product\/sofa-duplo-2\/","title":{"rendered":"Sof\u00e1 duplo"},"content":{"rendered":"<p><script src=\"\/\/www.google-analytics.com\/analytics.js\" async=\"\"><\/script><script src=\"\/\/www.google-analytics.com\/analytics.js\" async=\"\"><\/script><script src=\"https:\/\/ajax.googleapis.com\/ajax\/libs\/webfont\/1\/webfont.js\" async=\"\" type=\"text\/javascript\"><\/script><script type=\"text\/javascript\">\/\/ <![CDATA[\ndocument.documentElement.className = document.documentElement.className + ' yes-js js_active js'\n\/\/ ]]><\/script><script>\/\/ <![CDATA[\n(function(html){html.className = html.className.replace(\/bno-jsb\/,'js')})(document.documentElement);\n\/\/ ]]><\/script>Sof\u00e1 duplo\u00a0<!-- Google Analytics Tracking by Google Analyticator 6.5.0: http:\/\/www.videousermanuals.com\/google-analyticator\/ --><script type=\"text\/javascript\">\/\/ <![CDATA[\n    var analyticsFileTypes = [''];\n    var analyticsSnippet = 'disabled';\n    var analyticsEventTracking = 'enabled';\n\/\/ ]]><\/script><script type=\"text\/javascript\">\/\/ <![CDATA[\n\t(function(i,s,o,g,r,a,m){i['GoogleAnalyticsObject']=r;i[r]=i[r]||function(){\n\t(i[r].q=i[r].q||[]).push(arguments)},i[r].l=1*new Date();a=s.createElement(o),\n\tm=s.getElementsByTagName(o)[0];a.async=1;a.src=g;m.parentNode.insertBefore(a,m)\n\t})(window,document,'script','\/\/www.google-analytics.com\/analytics.js','ga');\n\tga('create', 'UA-83425513-1', 'auto');\n \n\tga('send', 'pageview');\n\/\/ ]]><\/script><\/p>\n<div id=\"wrapper\">\n<div class=\"shop-container\">\n<div id=\"product-4860\" class=\"post-4860 product type-product status-publish has-post-thumbnail product_cat-cadeira-hotelaria product_cat-mobiliario-de-hotelaria product_tag-bar product_tag-cadeira-hotelaria product_tag-cafe product_tag-diversao product_tag-mobiliario product_tag-restaurante first instock taxable shipping-taxable product-type-simple\">\n<div class=\"product-container\">\n<div class=\"product-footer\">\n<div class=\"container\">\n<div class=\"woocommerce-tabs tabbed-content\">\n<div class=\"tab-panels\">\n<div id=\"tab-description\" class=\"panel entry-content active\">\n<p>Sof\u00e1 Dupla Face<\/p>\n<p>Tubo de a\u00e7o rectangular 20\u00d710<\/p>\n<p>Assento almofadado<\/p>\n<p>Pintura Epoxy<\/p>\n<p>Costa \u2013 1000<\/p>\n<p>Assento\u00a0\u2013 1050<\/p>\n<p>Altura \u2013 450<\/p>\n<p>Comprimento \u2013 1200<\/p>\n<\/div>\n<\/div>\n<\/div>\n<\/div>\n<\/div>\n<\/div>\n<\/div>\n<\/div>\n<\/div>\n","protected":false},"excerpt":{"rendered":"<p>Sof\u00e1 duplo\u00a0 Sof\u00e1 Dupla Face Tubo de a\u00e7o rectangular 20\u00d710 Assento almofadado Pintura Epoxy Costa \u2013 1000 Assento\u00a0\u2013 1050 Altura<\/p>\n","protected":false},"featured_media":9657,"comment_status":"closed","ping_status":"closed","template":"","meta":[],"product_cat":[745,743],"product_tag":[688,481,597,735,630,596],"class_list":["post-4862","product","type-product","status-publish","has-post-thumbnail","hentry","product_cat-cadeira-hotelaria-mobiliario-de-hotelaria-mobiliario","product_cat-mobiliario-de-hotelaria-mobiliario","product_tag-bares","product_tag-cadeira-hotelaria","product_tag-cafe","product_tag-diversao","product_tag-esplanada","product_tag-restaurante"],"yoast_head":"<!-- This site is optimized with the Yoast SEO plugin v20.1 - https:\/\/yoast.com\/wordpress\/plugins\/seo\/ -->\n<title>Sof\u00e1 duplo - Officeplan Store<\/title>\n<meta name=\"robots\" content=\"index, follow, max-snippet:-1, max-image-preview:large, max-video-preview:-1\" \/>\n<link rel=\"canonical\" href=\"https:\/\/www.b-tech.pt\/index.php\/product\/sofa-duplo-2\/\" \/>\n<meta property=\"og:locale\" content=\"en_US\" \/>\n<meta property=\"og:type\" content=\"article\" \/>\n<meta property=\"og:title\" content=\"Sof\u00e1 duplo - Officeplan Store\" \/>\n<meta property=\"og:description\" content=\"Sof\u00e1 duplo\u00a0 Sof\u00e1 Dupla Face Tubo de a\u00e7o rectangular 20\u00d710 Assento almofadado Pintura Epoxy Costa \u2013 1000 Assento\u00a0\u2013 1050 Altura\" \/>\n<meta property=\"og:url\" content=\"https:\/\/www.b-tech.pt\/index.php\/product\/sofa-duplo-2\/\" \/>\n<meta property=\"og:site_name\" content=\"Officeplan Store\" \/>\n<meta property=\"article:modified_time\" content=\"2023-01-29T17:26:14+00:00\" \/>\n<meta name=\"twitter:card\" content=\"summary_large_image\" \/>\n<script type=\"application\/ld+json\" class=\"yoast-schema-graph\">{\"@context\":\"https:\/\/schema.org\",\"@graph\":[{\"@type\":\"WebPage\",\"@id\":\"https:\/\/www.b-tech.pt\/index.php\/product\/sofa-duplo-2\/\",\"url\":\"https:\/\/www.b-tech.pt\/index.php\/product\/sofa-duplo-2\/\",\"name\":\"Sof\u00e1 duplo - Officeplan Store\",\"isPartOf\":{\"@id\":\"https:\/\/www.b-tech.pt\/#website\"},\"datePublished\":\"2016-11-25T10:31:08+00:00\",\"dateModified\":\"2023-01-29T17:26:14+00:00\",\"breadcrumb\":{\"@id\":\"https:\/\/www.b-tech.pt\/index.php\/product\/sofa-duplo-2\/#breadcrumb\"},\"inLanguage\":\"en-US\",\"potentialAction\":[{\"@type\":\"ReadAction\",\"target\":[\"https:\/\/www.b-tech.pt\/index.php\/product\/sofa-duplo-2\/\"]}]},{\"@type\":\"BreadcrumbList\",\"@id\":\"https:\/\/www.b-tech.pt\/index.php\/product\/sofa-duplo-2\/#breadcrumb\",\"itemListElement\":[{\"@type\":\"ListItem\",\"position\":1,\"name\":\"Home\",\"item\":\"https:\/\/www.b-tech.pt\/\"},{\"@type\":\"ListItem\",\"position\":2,\"name\":\"Shop\",\"item\":\"https:\/\/www.b-tech.pt\/index.php\/shop\/\"},{\"@type\":\"ListItem\",\"position\":3,\"name\":\"Sof\u00e1 duplo\"}]},{\"@type\":\"WebSite\",\"@id\":\"https:\/\/www.b-tech.pt\/#website\",\"url\":\"https:\/\/www.b-tech.pt\/\",\"name\":\"Officeplan Store\",\"description\":\"\",\"potentialAction\":[{\"@type\":\"SearchAction\",\"target\":{\"@type\":\"EntryPoint\",\"urlTemplate\":\"https:\/\/www.b-tech.pt\/?s={search_term_string}\"},\"query-input\":\"required name=search_term_string\"}],\"inLanguage\":\"en-US\"}]}<\/script>\n<!-- \/ Yoast SEO plugin. -->","yoast_head_json":{"title":"Sof\u00e1 duplo - Officeplan Store","robots":{"index":"index","follow":"follow","max-snippet":"max-snippet:-1","max-image-preview":"max-image-preview:large","max-video-preview":"max-video-preview:-1"},"canonical":"https:\/\/www.b-tech.pt\/index.php\/product\/sofa-duplo-2\/","og_locale":"en_US","og_type":"article","og_title":"Sof\u00e1 duplo - Officeplan Store","og_description":"Sof\u00e1 duplo\u00a0 Sof\u00e1 Dupla Face Tubo de a\u00e7o rectangular 20\u00d710 Assento almofadado Pintura Epoxy Costa \u2013 1000 Assento\u00a0\u2013 1050 Altura","og_url":"https:\/\/www.b-tech.pt\/index.php\/product\/sofa-duplo-2\/","og_site_name":"Officeplan Store","article_modified_time":"2023-01-29T17:26:14+00:00","twitter_card":"summary_large_image","schema":{"@context":"https:\/\/schema.org","@graph":[{"@type":"WebPage","@id":"https:\/\/www.b-tech.pt\/index.php\/product\/sofa-duplo-2\/","url":"https:\/\/www.b-tech.pt\/index.php\/product\/sofa-duplo-2\/","name":"Sof\u00e1 duplo - Officeplan Store","isPartOf":{"@id":"https:\/\/www.b-tech.pt\/#website"},"datePublished":"2016-11-25T10:31:08+00:00","dateModified":"2023-01-29T17:26:14+00:00","breadcrumb":{"@id":"https:\/\/www.b-tech.pt\/index.php\/product\/sofa-duplo-2\/#breadcrumb"},"inLanguage":"en-US","potentialAction":[{"@type":"ReadAction","target":["https:\/\/www.b-tech.pt\/index.php\/product\/sofa-duplo-2\/"]}]},{"@type":"BreadcrumbList","@id":"https:\/\/www.b-tech.pt\/index.php\/product\/sofa-duplo-2\/#breadcrumb","itemListElement":[{"@type":"ListItem","position":1,"name":"Home","item":"https:\/\/www.b-tech.pt\/"},{"@type":"ListItem","position":2,"name":"Shop","item":"https:\/\/www.b-tech.pt\/index.php\/shop\/"},{"@type":"ListItem","position":3,"name":"Sof\u00e1 duplo"}]},{"@type":"WebSite","@id":"https:\/\/www.b-tech.pt\/#website","url":"https:\/\/www.b-tech.pt\/","name":"Officeplan Store","description":"","potentialAction":[{"@type":"SearchAction","target":{"@type":"EntryPoint","urlTemplate":"https:\/\/www.b-tech.pt\/?s={search_term_string}"},"query-input":"required name=search_term_string"}],"inLanguage":"en-US"}]}},"_links":{"self":[{"href":"https:\/\/www.b-tech.pt\/index.php\/wp-json\/wp\/v2\/product\/4862","targetHints":{"allow":["GET"]}}],"collection":[{"href":"https:\/\/www.b-tech.pt\/index.php\/wp-json\/wp\/v2\/product"}],"about":[{"href":"https:\/\/www.b-tech.pt\/index.php\/wp-json\/wp\/v2\/types\/product"}],"replies":[{"embeddable":true,"href":"https:\/\/www.b-tech.pt\/index.php\/wp-json\/wp\/v2\/comments?post=4862"}],"version-history":[{"count":1,"href":"https:\/\/www.b-tech.pt\/index.php\/wp-json\/wp\/v2\/product\/4862\/revisions"}],"predecessor-version":[{"id":9656,"href":"https:\/\/www.b-tech.pt\/index.php\/wp-json\/wp\/v2\/product\/4862\/revisions\/9656"}],"wp:featuredmedia":[{"embeddable":true,"href":"https:\/\/www.b-tech.pt\/index.php\/wp-json\/wp\/v2\/media\/9657"}],"wp:attachment":[{"href":"https:\/\/www.b-tech.pt\/index.php\/wp-json\/wp\/v2\/media?parent=4862"}],"wp:term":[{"taxonomy":"product_cat","embeddable":true,"href":"https:\/\/www.b-tech.pt\/index.php\/wp-json\/wp\/v2\/product_cat?post=4862"},{"taxonomy":"product_tag","embeddable":true,"href":"https:\/\/www.b-tech.pt\/index.php\/wp-json\/wp\/v2\/product_tag?post=4862"}],"curies":[{"name":"wp","href":"https:\/\/api.w.org\/{rel}","templated":true}]}}